{"id":76,"date":"2020-03-15T21:29:45","date_gmt":"2020-03-15T18:29:45","guid":{"rendered":"https:\/\/tandemtrafik.com.tr\/tr\/?page_id=76"},"modified":"2020-12-22T17:09:41","modified_gmt":"2020-12-22T14:09:41","slug":"gunes-enerjili-flasorler","status":"publish","type":"page","link":"https:\/\/www.tandemtrafik.com.tr\/tr\/gunes-enerjili-flasorler\/","title":{"rendered":"G\u00fcne\u015f Enerjili Fla\u015f\u00f6rler"},"content":{"rendered":"\n<p>\n\nG\u00fcne\u015f Enerjili Fla\u015f\u00f6rler (SFL), elektri\u011fin olmad\u0131\u011f\u0131 yada kablo \u00e7ekmenin zor ve s\u0131k\u0131nt\u0131l\u0131 oldu\u011fu yerler i\u00e7in uygun \u00fcr\u00fcnlerdir. SFL okul b\u00f6lgeleri, yaya ge\u00e7itleri, karayollar\u0131n\u0131n tehlike arz eden noktalar\u0131nda hem s\u00fcr\u00fcc\u00fclere hem de yayalara g\u00fcvenli\u011fi sa\u011flamak i\u00e7in kullan\u0131lmaktad\u0131rlar.<\/p>\n\n\n\n<p>SFL, kullan\u0131lan LED mod\u00fcl\u00fcn harcad\u0131\u011f\u0131 enerji, g\u00fcnl\u00fck \u00e7al\u0131\u015fma zaman\u0131 ve kullan\u0131ld\u0131\u011f\u0131 b\u00f6lgede elde edilen g\u00fcne\u015f enerji miktar\u0131 dikkate al\u0131narak \u00fcretilmektedirler. Kullan\u0131lan ak\u0131ll\u0131 \u015farj algoritmas\u0131 i\u00e7eren devre sayesinde g\u00fcne\u015ften en verimli \u015fekilde yararlan\u0131ld\u0131\u011f\u0131 gibi kullan\u0131lan ak\u00fcn\u00fcn \u00f6mr\u00fc de uzat\u0131lmaktad\u0131r.<\/p>\n\n\n\n<p>SFL, solar panelin g\u00fcne\u015fi en iyi g\u00f6rd\u00fc\u011f\u00fc a\u00e7\u0131ya ayarlanabilecek ba\u011flant\u0131 ekipmanlar\u0131 ile birlikte \u00fcretilmektedirler.\n\n<\/p>\n\n\n\n<figure class=\"wp-block-image size-large\"><img decoding=\"async\" loading=\"lazy\" width=\"930\" height=\"400\" src=\"https:\/\/tandemtrafik.com.tr\/tr\/wp-content\/uploads\/2020\/03\/gunes-enerjili-flasorler-1.jpg\" alt=\"\" class=\"wp-image-428\" srcset=\"https:\/\/www.tandemtrafik.com.tr\/tr\/wp-content\/uploads\/2020\/03\/gunes-enerjili-flasorler-1.jpg 930w, https:\/\/www.tandemtrafik.com.tr\/tr\/wp-content\/uploads\/2020\/03\/gunes-enerjili-flasorler-1-300x129.jpg 300w, https:\/\/www.tandemtrafik.com.tr\/tr\/wp-content\/uploads\/2020\/03\/gunes-enerjili-flasorler-1-768x330.jpg 768w\" sizes=\"(max-width: 930px) 100vw, 930px\" \/><\/figure>\n\n\n\n<table border=\"0\" cellpadding=\"0\" cellspacing=\"0\" class=\"editor-table\" width=\"100%\">\n  <tbody>\n    <tr>\n      <td colspan=\"4\" style=\"\n    border: 1px solid #5c5c5c;\n    text-align: center;\n    font-size: 18px;\n\">G\u00dcNE\u015e ENERJ\u0130L\u0130 FLA\u015e\u00d6RLER<\/td>\n    <\/tr>\n    <tr style=\"\n    border: 1px solid #5c5c5c;\n\">\n      <td style=\"\n    text-align: center;\n    border: 1px solid #5c5c5c;\n    \/* padding-left: 20px; *\/\n\">\u00dcr\u00fcn Kodu<\/td>\n      <td style=\"\n    border: 1px solid #5c5c5c;\n    text-align: center;\n\">\u00dcr\u00fcn Ad\u0131<\/td>\n      <td style=\"\n    border: 1px solid #5c5c5c;\n    text-align: center;\n\">Lens Rengi<\/td>\n      <td style=\"\n    border: px solid #5c5c5c;\n    text-align: center;\n\">\u00d6zellikler<\/td>\n    <\/tr>\n    <tr style=\"\n    \/* border: 1px solid #5c5c5c; *\/\n\">\n      <td style=\"\n    padding-left: 20px;\n\">SFL 1201 KK<\/td>\n      <td style=\"\n    padding-left: 20px;\n\">200 mm \u00c7ok LED\u2019li K\u0131rm\u0131z\u0131<\/td>\n      <td style=\"\n    padding-left: 20px;\n\">K\u0131rm\u0131z\u0131<\/td>\n      <td style=\"\n    padding-left: 20px;\n\">5 W Solar Panel 4,6 Ah Ak\u00fc<\/td>\n    <\/tr>\n    <tr style=\"\n    \/* padding-left: 20px; *\/\n\">\n      <td style=\"\n    padding-left: 20px;\n\">SFL 1202 KN<\/td>\n      <td style=\"\n    padding-left: 20px;\n\">200 mm \u00c7ok LED\u2019li K\u0131rm\u0131z\u0131<\/td>\n      <td style=\"\n    padding-left: 20px;\n\">Renksiz<\/td>\n      <td style=\"\n    padding-left: 20px;\n\">5 W Solar Panel 4,6 Ah Ak\u00fc<\/td>\n    <\/tr>\n    <tr>\n      <td style=\"\n    padding-left: 20px;\n\">SFL 1203 SS<\/td>\n      <td style=\"\n    padding-left: 20px;\n\">200 mm \u00c7ok LED\u2019li Amber<\/td>\n      <td style=\"\n    padding-left: 20px;\n\">Amber<\/td>\n      <td style=\"\n    padding-left: 20px;\n\">5 W Solar Panel 4,6 Ah Ak\u00fc<\/td>\n    <\/tr>\n    <tr>\n      <td style=\"\n    padding-left: 20px;\n\">SFL 1204 SN<\/td>\n      <td style=\"\n    padding-left: 20px;\n\">200 mm \u00c7ok LED\u2019li Amber<\/td>\n      <td style=\"\n    padding-left: 20px;\n\">Renksiz<\/td>\n      <td style=\"\n    padding-left: 20px;\n\">5 W Solar Panel 4,6 Ah Ak\u00fc<\/td>\n    <\/tr>\n    <tr>\n      <td style=\"\n    padding-left: 20px;\n\">SFL 1301 KK<\/td>\n      <td style=\"\n    padding-left: 20px;\n\">300 mm \u00c7ok LED\u2019li K\u0131rm\u0131z\u0131<\/td>\n      <td style=\"\n    padding-left: 20px;\n\">K\u0131rm\u0131z\u0131<\/td>\n      <td style=\"\n    padding-left: 20px;\n\">10 W Solar Panel 7 Ah Ak\u00fc<\/td>\n    <\/tr>\n    <tr>\n      <td style=\"\n    padding-left: 20px;\n\">SFL 1302 KN<\/td>\n      <td style=\"\n    padding-left: 20px;\n\">300 mm \u00c7ok LED\u2019li K\u0131rm\u0131z\u0131<\/td>\n      <td style=\"\n    padding-left: 20px;\n\">Renksiz<\/td>\n      <td style=\"\n    padding-left: 20px;\n\">10 W Solar Panel 7 Ah Ak\u00fc<\/td>\n    <\/tr>\n    <tr>\n      <td style=\"\n    padding-left: 20px;\n\">SFL 1303 SS<\/td>\n      <td style=\"\n    padding-left: 20px;\n\">300 mm \u00c7ok LED\u2019li Amber<\/td>\n      <td style=\"\n    padding-left: 20px;\n\">Amber<\/td>\n      <td style=\"\n    padding-left: 20px;\n\">10 W Solar Panel 7 Ah Ak\u00fc<\/td>\n    <\/tr>\n    <tr style=\"\n    padding-left: 20px;\n\">\n      <td style=\"\n    padding-left: 20px;\n\">SFL 1304 SN<\/td>\n      <td style=\"\n    padding-left: 20px;\n\">300 mm \u00c7ok LED\u2019li Amber 300 mm Multi Amber LED<\/td>\n      <td style=\"\n    padding-left: 20px;\n\">Renksiz \/ Neutral<\/td>\n      <td style=\"\n    padding-left: 20px;\n\">10 W Solar Panel 7 Ah Ak\u00fc \/ Battery<\/td>\n    <\/tr>\n    <tr>\n      <td style=\"\n    padding-left: 20px;\n\">SFL 2201 KK<\/td>\n      <td style=\"\n    padding-left: 20px;\n\">200 mm Unitra Power LED\u2019li K\u0131rm\u0131z\u0131<\/td>\n      <td style=\"\n    padding-left: 20px;\n\">K\u0131rm\u0131z\u0131<\/td>\n      <td style=\"\n    padding-left: 20px;\n\">5 W Solar Panel 4,6 Ah Ak\u00fc<\/td>\n    <\/tr>\n    <tr>\n      <td style=\"\n    padding-left: 20px;\n\">SFL 2202 KN<\/td>\n      <td style=\"\n    padding-left: 20px;\n\">200 mm Unitra Power LED\u2019li K\u0131rm\u0131z\u0131<\/td>\n      <td style=\"\n    padding-left: 20px;\n\">Renksiz<\/td>\n      <td style=\"\n    padding-left: 20px;\n\">5 W Solar Panel 4,6 Ah Ak\u00fc<\/td>\n    <\/tr>\n    <tr>\n      <td style=\"\n    padding-left: 20px;\n\">SFL 2203 KK<\/td>\n      <td style=\"\n    padding-left: 20px;\n\">200 mm Unitra Power LED\u2019li Sar\u0131<\/td>\n      <td style=\"\n    padding-left: 20px;\n\">Amber<\/td>\n      <td style=\"\n    padding-left: 20px;\n\">5 W Solar Panel 4,6 Ah Ak\u00fc<\/td>\n    <\/tr>\n    <tr>\n      <td style=\"\n    padding-left: 20px;\n\">SFL 2204 KK<\/td>\n      <td style=\"\n    padding-left: 20px;\n\">200 mm Unitra Power LED\u2019li Sar\u0131<\/td>\n      <td style=\"\n    padding-left: 20px;\n\">Renksiz<\/td>\n      <td style=\"\n    padding-left: 20px;\n\">5 W Solar Panel 4,6 Ah Ak\u00fc<\/td>\n    <\/tr>\n    <tr>\n      <td style=\"\n    padding-left: 20px;\n\">SFL 2205 KK<\/td>\n      <td style=\"\n    padding-left: 20px;\n\">200 mm Starled2 Power LED\u2019li K\u0131rm\u0131z\u0131<\/td>\n      <td style=\"\n    padding-left: 20px;\n\">K\u0131rm\u0131z\u0131<\/td>\n      <td style=\"\n    padding-left: 20px;\n\">5 W Solar Panel 4,6 Ah Ak\u00fc<\/td>\n    <\/tr>\n    <tr style=\"\n    padding-left: 20px;\n\">\n      <td style=\"\n    padding-left: 20px;\n\">SFL 2206 KN<\/td>\n      <td style=\"\n    padding-left: 20px;\n\">200 mm Starled2 Power LED\u2019li K\u0131rm\u0131z\u0131<\/td>\n      <td style=\"\n    padding-left: 20px;\n\">Renksiz<\/td>\n      <td style=\"\n    padding-left: 20px;\n\">5 W Solar Panel 4,6 Ah Ak\u00fc<\/td>\n    <\/tr>\n    <tr>\n      <td style=\"\n    padding-left: 20px;\n\">SFL 2207 SS<\/td>\n      <td style=\"\n    padding-left: 20px;\n\">200 mm Starled2 Power LED\u2019li Sar\u0131<\/td>\n      <td style=\"\n    padding-left: 20px;\n\">Amber<\/td>\n      <td style=\"\n    padding-left: 20px;\n\">5 W Solar Panel 4,6 Ah Ak\u00fc<\/td>\n    <\/tr>\n    <tr>\n      <td style=\"\n    padding-left: 20px;\n\">SFL 2208 SN<\/td>\n      <td style=\"\n    padding-left: 20px;\n\">200 mm Starled2 Power LED\u2019li Sar\u0131<\/td>\n      <td style=\"\n    padding-left: 20px;\n\">Renksiz<\/td>\n      <td style=\"\n    padding-left: 20px;\n\">5 W Solar Panel 4,6 Ah Ak\u00fc \/ Battery<\/td>\n    <\/tr>\n    <tr>\n      <td style=\"\n    padding-left: 20px;\n\">SFL 2301 KK<\/td>\n      <td style=\"\n    padding-left: 20px;\n\">300 mm Unitra Power LED\u2019li K\u0131rm\u0131z\u0131<\/td>\n      <td style=\"\n    padding-left: 20px;\n\">K\u0131rm\u0131z\u0131<\/td>\n      <td style=\"\n    padding-left: 20px;\n\">10 W Solar Panel 7 Ah Ak\u00fc<\/td>\n    <\/tr>\n    <tr>\n      <td style=\"\n    padding-left: 20px;\n\">SFL 2302 KN<\/td>\n      <td style=\"\n    padding-left: 20px;\n\">300 mm Unitra Power LED\u2019li K\u0131rm\u0131z\u0131<\/td>\n      <td style=\"\n    padding-left: 20px;\n\">Renksiz<\/td>\n      <td style=\"\n    padding-left: 20px;\n\">10 W Solar Panel 7 Ah Ak\u00fc<\/td>\n    <\/tr>\n    <tr>\n      <td style=\"\n    padding-left: 20px;\n\">SFL 2303 KK<\/td>\n      <td style=\"\n    padding-left: 20px;\n\">300 mm Unitra Power LED\u2019li Sar\u0131<\/td>\n      <td style=\"\n    padding-left: 20px;\n\">Amber<\/td>\n      <td style=\"\n    padding-left: 20px;\n\">10 W Solar Panel 7 Ah Ak\u00fc<\/td>\n    <\/tr>\n    <tr>\n      <td style=\"\n    padding-left: 20px;\n\">SFL 2304 KK<\/td>\n      <td style=\"\n    padding-left: 20px;\n\">300 mm Unitra Power LED\u2019li Sar\u0131<\/td>\n      <td style=\"\n    padding-left: 20px;\n\">Renksiz<\/td>\n      <td style=\"\n    padding-left: 20px;\n\">10 W Solar Panel 7 Ah Ak\u00fc<\/td>\n    <\/tr>\n    <tr>\n      <td style=\"\n    padding-left: 20px;\n\">SFL 2305 KK<\/td>\n      <td style=\"\n    padding-left: 20px;\n\">300 mm Starled2 Power LED\u2019li K\u0131rm\u0131z\u0131<\/td>\n      <td style=\"\n    padding-left: 20px;\n\">K\u0131rm\u0131z\u0131<\/td>\n      <td style=\"\n    padding-left: 20px;\n\">10 W Solar Panel 7 Ah Ak\u00fc<\/td>\n    <\/tr>\n    <tr>\n      <td style=\"\n    padding-left: 20px;\n\">SFL 2306 KN<\/td>\n      <td style=\"\n    padding-left: 20px;\n\">300 mm Starled2 Power LED\u2019li K\u0131rm\u0131z\u0131<\/td>\n      <td style=\"\n    padding-left: 20px;\n\">Renksiz<\/td>\n      <td style=\"\n    padding-left: 20px;\n\">10 W Solar Panel 7 Ah Ak\u00fc<\/td>\n    <\/tr>\n    <tr>\n      <td style=\"\n    padding-left: 20px;\n\">SFL 2307 SS<\/td>\n      <td style=\"\n    padding-left: 20px;\n\">300 mm Starled2 Power LED\u2019li Sar\u0131<\/td>\n      <td style=\"\n    padding-left: 20px;\n\">Amber<\/td>\n      <td style=\"\n    padding-left: 20px;\n\">10 W Solar Panel 7 Ah Ak\u00fc<\/td>\n    <\/tr>\n    <tr>\n      <td style=\"\n    padding-left: 20px;\n\">SFL 2308 SN<\/td>\n      <td style=\"\n    padding-left: 20px;\n\">300 mm Starled2 Power LED\u2019li Sar\u0131<\/td>\n      <td style=\"\n    padding-left: 20px;\n\">Renksiz<\/td>\n      <td style=\"\n    padding-left: 20px;\n\">10 W Solar Panel 7 Ah Ak\u00fc<\/td>\n    <\/tr>\n  <\/tbody>\n<\/table>\n\n\n\n<figure class=\"wp-block-image size-large\"><img decoding=\"async\" loading=\"lazy\" width=\"930\" height=\"320\" src=\"https:\/\/www.tandemtrafik.com.tr\/tr\/wp-content\/uploads\/2020\/12\/t14.jpg\" alt=\"\" class=\"wp-image-794\" srcset=\"https:\/\/www.tandemtrafik.com.tr\/tr\/wp-content\/uploads\/2020\/12\/t14.jpg 930w, https:\/\/www.tandemtrafik.com.tr\/tr\/wp-content\/uploads\/2020\/12\/t14-300x103.jpg 300w, https:\/\/www.tandemtrafik.com.tr\/tr\/wp-content\/uploads\/2020\/12\/t14-768x264.jpg 768w\" sizes=\"(max-width: 930px) 100vw, 930px\" \/><\/figure>\n","protected":false},"excerpt":{"rendered":"<p>G\u00fcne\u015f Enerjili Fla\u015f\u00f6rler (SFL), elektri\u011fin olmad\u0131\u011f\u0131 yada kablo \u00e7ekmenin zor ve s\u0131k\u0131nt\u0131l\u0131 oldu\u011fu yerler i\u00e7in uygun \u00fcr\u00fcnlerdir. SFL okul b\u00f6lgeleri, yaya ge\u00e7itleri, karayollar\u0131n\u0131n tehlike arz eden noktalar\u0131nda hem s\u00fcr\u00fcc\u00fclere hem de yayalara g\u00fcvenli\u011fi sa\u011flamak i\u00e7in kullan\u0131lmaktad\u0131rlar. SFL, kullan\u0131lan LED mod\u00fcl\u00fcn harcad\u0131\u011f\u0131 enerji, g\u00fcnl\u00fck \u00e7al\u0131\u015fma zaman\u0131 ve kullan\u0131ld\u0131\u011f\u0131 b\u00f6lgede elde edilen g\u00fcne\u015f enerji miktar\u0131 dikkate al\u0131narak [&hellip;]<\/p>\n","protected":false},"author":1,"featured_media":0,"parent":0,"menu_order":0,"comment_status":"closed","ping_status":"closed","template":"","meta":[],"_links":{"self":[{"href":"https:\/\/www.tandemtrafik.com.tr\/tr\/wp-json\/wp\/v2\/pages\/76"}],"collection":[{"href":"https:\/\/www.tandemtrafik.com.tr\/tr\/wp-json\/wp\/v2\/pages"}],"about":[{"href":"https:\/\/www.tandemtrafik.com.tr\/tr\/wp-json\/wp\/v2\/types\/page"}],"author":[{"embeddable":true,"href":"https:\/\/www.tandemtrafik.com.tr\/tr\/wp-json\/wp\/v2\/users\/1"}],"replies":[{"embeddable":true,"href":"https:\/\/www.tandemtrafik.com.tr\/tr\/wp-json\/wp\/v2\/comments?post=76"}],"version-history":[{"count":4,"href":"https:\/\/www.tandemtrafik.com.tr\/tr\/wp-json\/wp\/v2\/pages\/76\/revisions"}],"predecessor-version":[{"id":795,"href":"https:\/\/www.tandemtrafik.com.tr\/tr\/wp-json\/wp\/v2\/pages\/76\/revisions\/795"}],"wp:attachment":[{"href":"https:\/\/www.tandemtrafik.com.tr\/tr\/wp-json\/wp\/v2\/media?parent=76"}],"curies":[{"name":"wp","href":"https:\/\/api.w.org\/{rel}","templated":true}]}}