{"id":73,"date":"2020-03-15T21:27:31","date_gmt":"2020-03-15T18:27:31","guid":{"rendered":"https:\/\/tandemtrafik.com.tr\/tr\/?page_id=73"},"modified":"2020-03-16T10:37:56","modified_gmt":"2020-03-16T07:37:56","slug":"gunes-enerjili-trafik-levhalari","status":"publish","type":"page","link":"https:\/\/www.tandemtrafik.com.tr\/tr\/gunes-enerjili-trafik-levhalari\/","title":{"rendered":"G\u00fcne\u015f Enerjili Trafik Levhalar\u0131"},"content":{"rendered":"\n<div class=\"rl-gallery-container rl-loading\" id=\"rl-gallery-container-1\" data-gallery_id=\"70\"> <div class=\"rl-gallery rl-basicgrid-gallery \" id=\"rl-gallery-1\" data-gallery_no=\"1\"> <div class=\"rl-gallery-item\"><a href=\"https:\/\/www.tandemtrafik.com.tr\/tr\/wp-content\/uploads\/2020\/03\/gunes3.jpg\" title=\"\" data-rl_title=\"\" class=\"rl-gallery-link\" data-rl_caption=\"\" data-rel=\"lightbox-gallery-1\"><img src=\"https:\/\/www.tandemtrafik.com.tr\/tr\/wp-content\/uploads\/2020\/03\/gunes3.jpg\" width=\"930\" height=\"320\" alt=\"\"\/><\/a><\/div><div class=\"rl-gallery-item\"><a href=\"https:\/\/www.tandemtrafik.com.tr\/tr\/wp-content\/uploads\/2020\/03\/gunes4.jpg\" title=\"\" data-rl_title=\"\" class=\"rl-gallery-link\" data-rl_caption=\"\" data-rel=\"lightbox-gallery-1\"><img src=\"https:\/\/www.tandemtrafik.com.tr\/tr\/wp-content\/uploads\/2020\/03\/gunes4.jpg\" width=\"1000\" height=\"1000\" alt=\"\"\/><\/a><\/div><div class=\"rl-gallery-item\"><a href=\"https:\/\/www.tandemtrafik.com.tr\/tr\/wp-content\/uploads\/2020\/03\/gunes5.jpg\" title=\"\" data-rl_title=\"\" class=\"rl-gallery-link\" data-rl_caption=\"\" data-rel=\"lightbox-gallery-1\"><img src=\"https:\/\/www.tandemtrafik.com.tr\/tr\/wp-content\/uploads\/2020\/03\/gunes5.jpg\" width=\"930\" height=\"400\" alt=\"\"\/><\/a><\/div> <\/div> <\/div>\n\n\n\n<p>\n\nYol Bak\u0131m Onar\u0131m Levhalar\u0131 \u00d6rnekleri<\/p>\n\n\n\n<p>G\u00fcne\u015f Enerjili Trafik Levhalar\u0131 (STS), elektri\u011fin olmad\u0131\u011f\u0131 ya da kablo \u00e7ekmenin zor ve s\u0131k\u0131nt\u0131l\u0131 oldu\u011fu yerler i\u00e7in uygun \u00fcr\u00fcnlerdir. STS okul b\u00f6lgeleri, yaya ge\u00e7itleri, karayollar\u0131n\u0131n tehlike arz eden noktalar\u0131nda hem s\u00fcr\u00fcc\u00fclere hem de yayalara g\u00fcvenli\u011fi sa\u011flamak i\u00e7in kullan\u0131lmaktad\u0131rlar.<\/p>\n\n\n\n<p>STS, kullan\u0131lan LED\u2019lerin harcad\u0131\u011f\u0131 enerji, g\u00fcnl\u00fck \u00e7al\u0131\u015fma zaman\u0131 ve kullan\u0131ld\u0131\u011f\u0131 b\u00f6lgede elde edilen g\u00fcne\u015f enerji miktar\u0131 dikkate al\u0131narak \u00fcretilmektedirler. Kullan\u0131lan ak\u0131ll\u0131 \u015farj algoritmas\u0131 i\u00e7eren devre sayesinde g\u00fcne\u015ften en verimli \u015fekilde yararlan\u0131ld\u0131\u011f\u0131 gibi kullan\u0131lan ak\u00fcn\u00fcn \u00f6mr\u00fc de uzat\u0131lmaktad\u0131r.<\/p>\n\n\n\n<p>SFL, solar panelin g\u00fcne\u015fi en iyi g\u00f6rd\u00fc\u011f\u00fc a\u00e7\u0131ya ayarlanabilecek ba\u011flant\u0131 ekipmanlar\u0131 ile birlikte \u00fcretilmektedirler.\n\n<\/p>\n","protected":false},"excerpt":{"rendered":"<p>Yol Bak\u0131m Onar\u0131m Levhalar\u0131 \u00d6rnekleri G\u00fcne\u015f Enerjili Trafik Levhalar\u0131 (STS), elektri\u011fin olmad\u0131\u011f\u0131 ya da kablo \u00e7ekmenin zor ve s\u0131k\u0131nt\u0131l\u0131 oldu\u011fu yerler i\u00e7in uygun \u00fcr\u00fcnlerdir. STS okul b\u00f6lgeleri, yaya ge\u00e7itleri, karayollar\u0131n\u0131n tehlike arz eden noktalar\u0131nda hem s\u00fcr\u00fcc\u00fclere hem de yayalara g\u00fcvenli\u011fi sa\u011flamak i\u00e7in kullan\u0131lmaktad\u0131rlar. STS, kullan\u0131lan LED\u2019lerin harcad\u0131\u011f\u0131 enerji, g\u00fcnl\u00fck \u00e7al\u0131\u015fma zaman\u0131 ve kullan\u0131ld\u0131\u011f\u0131 b\u00f6lgede elde [&hellip;]<\/p>\n","protected":false},"author":1,"featured_media":0,"parent":0,"menu_order":0,"comment_status":"closed","ping_status":"closed","template":"","meta":[],"_links":{"self":[{"href":"https:\/\/www.tandemtrafik.com.tr\/tr\/wp-json\/wp\/v2\/pages\/73"}],"collection":[{"href":"https:\/\/www.tandemtrafik.com.tr\/tr\/wp-json\/wp\/v2\/pages"}],"about":[{"href":"https:\/\/www.tandemtrafik.com.tr\/tr\/wp-json\/wp\/v2\/types\/page"}],"author":[{"embeddable":true,"href":"https:\/\/www.tandemtrafik.com.tr\/tr\/wp-json\/wp\/v2\/users\/1"}],"replies":[{"embeddable":true,"href":"https:\/\/www.tandemtrafik.com.tr\/tr\/wp-json\/wp\/v2\/comments?post=73"}],"version-history":[{"count":3,"href":"https:\/\/www.tandemtrafik.com.tr\/tr\/wp-json\/wp\/v2\/pages\/73\/revisions"}],"predecessor-version":[{"id":423,"href":"https:\/\/www.tandemtrafik.com.tr\/tr\/wp-json\/wp\/v2\/pages\/73\/revisions\/423"}],"wp:attachment":[{"href":"https:\/\/www.tandemtrafik.com.tr\/tr\/wp-json\/wp\/v2\/media?parent=73"}],"curies":[{"name":"wp","href":"https:\/\/api.w.org\/{rel}","templated":true}]}}