{"id":67,"date":"2020-03-15T21:24:47","date_gmt":"2020-03-15T18:24:47","guid":{"rendered":"https:\/\/tandemtrafik.com.tr\/tr\/?page_id=67"},"modified":"2020-03-16T10:56:55","modified_gmt":"2020-03-16T07:56:55","slug":"solar-yol-butonlari","status":"publish","type":"page","link":"https:\/\/www.tandemtrafik.com.tr\/tr\/solar-yol-butonlari\/","title":{"rendered":"Solar Yol Butonlar\u0131"},"content":{"rendered":"\n<div class=\"wp-block-columns is-layout-flex wp-container-3\">\n<div class=\"wp-block-column is-layout-flow\" style=\"flex-basis:66.66%\">\n<p>\n\nG\u00fcne\u015f Enerjili Yol Butonlar\u0131 (SRS), enerjisini g\u00fcne\u015ften al\u0131p, i\u00e7inde bulundurdu\u011fu \u015farj edilebilir bir pilde depolayan ve hava karard\u0131\u011f\u0131nda LED\u2019li \u0131\u015f\u0131k kayna\u011f\u0131na fla\u015f yapt\u0131ran uyar\u0131 ve dikkat \u00e7ekme ama\u00e7l\u0131 bir \u00fcr\u00fcnd\u00fcr.<\/p>\n\n\n\n<p>Test sonu\u00e7lar\u0131 50 tonun \u00fczerindeki statik y\u00fck alt\u0131nda \u00e7al\u0131\u015fmaya devam etti\u011fini g\u00f6sterse de, a\u011f\u0131r trafikte dinamik y\u00fck alt\u0131nda kullan\u0131lmas\u0131 tavsiye edilmez. <\/p>\n\n\n\n<br><table width=\"70%\" cellspacing=\"0\" cellpadding=\"0\" border=\"0\" class=\"editor-table\"> \n  <tbody>\n    <tr> \n      <th colspan=\"2\" style=\"border: 1px solid #5c5c5c; padding-left: 20px;text-align: center; font-size: 15px;\">\u00d6ZELL\u0130KLER\u0130<\/th> \n    <\/tr> \n    <tr> \n      <td style=\"padding-left: 12px;\">G\u00f6vde Malzemesi :<\/td> \n      <td>Al\u00fcminyum ve PC<\/td> \n    <\/tr> \n    <tr> \n      <td style=\"padding-left: 12px;\">LED Tipi ve Say\u0131s\u0131 :<\/td> \n      <td>5 mm \/ 2 x 2 = 4 adet<\/td> \n    <\/tr> \n    <tr> \n      <td style=\"padding-left: 12px;\">LED Rengi Se\u00e7enekleri :<\/td> \n      <td>K, A, B, M, Y, K -Y, K -S, K -B<\/td> \n    <\/tr> \n    <tr> \n      <td style=\"padding-left: 12px;\">G\u00fcne\u015f Paneli :<\/td> \n      <td>2 x 1,5 V 100 mAh<\/td> \n    <\/tr> \n    <tr> \n      <td style=\"padding-left: 12px;\">Pil :<\/td> \n      <td>NiMh, 1,2 V 1300 mAh<\/td> \n    <\/tr> \n    <tr> \n      <td style=\"padding-left: 12px;\">Boyutlar ve A\u011f\u0131rl\u0131k :<\/td> \n      <td>124 x 148 x 29 mm D\u00fcbel vida dahil 550 gr<\/td> \n    <\/tr> \n    <tr> \n      <td style=\"padding-left: 12px;\">PCB :<\/td> \n      <td>\u00c7ift y\u00fczl\u00fc delik i\u00e7i kaplamal\u0131<\/td> \n    <\/tr> \n    <tr> \n      <td style=\"padding-left: 12px;\">Komponent T\u00fcr\u00fc :<\/td> \n      <td>SMD<\/td> \n    <\/tr> \n    <tr> \n      <td style=\"padding-left: 12px;\">Ambalaj :<\/td> \n      <td>1 kutuda 25 adet<\/td> \n    <\/tr> \n  <\/tbody>\n<\/table>\n<\/div>\n\n\n\n<div class=\"wp-block-column is-layout-flow\" style=\"flex-basis:33.33%\">\n<figure class=\"wp-block-image size-large\"><img decoding=\"async\" loading=\"lazy\" width=\"274\" height=\"246\" src=\"https:\/\/tandemtrafik.com.tr\/tr\/wp-content\/uploads\/2020\/03\/3.jpg\" alt=\"\" class=\"wp-image-68\"\/><\/figure>\n<\/div>\n<\/div>\n\n\n\n<figure class=\"wp-block-image size-large\"><img decoding=\"async\" loading=\"lazy\" width=\"930\" height=\"213\" src=\"https:\/\/tandemtrafik.com.tr\/tr\/wp-content\/uploads\/2020\/03\/solar.jpg\" alt=\"\" class=\"wp-image-426\" srcset=\"https:\/\/www.tandemtrafik.com.tr\/tr\/wp-content\/uploads\/2020\/03\/solar.jpg 930w, https:\/\/www.tandemtrafik.com.tr\/tr\/wp-content\/uploads\/2020\/03\/solar-300x69.jpg 300w, https:\/\/www.tandemtrafik.com.tr\/tr\/wp-content\/uploads\/2020\/03\/solar-768x176.jpg 768w\" sizes=\"(max-width: 930px) 100vw, 930px\" \/><\/figure>\n","protected":false},"excerpt":{"rendered":"<p>G\u00fcne\u015f Enerjili Yol Butonlar\u0131 (SRS), enerjisini g\u00fcne\u015ften al\u0131p, i\u00e7inde bulundurdu\u011fu \u015farj edilebilir bir pilde depolayan ve hava karard\u0131\u011f\u0131nda LED\u2019li \u0131\u015f\u0131k kayna\u011f\u0131na fla\u015f yapt\u0131ran uyar\u0131 ve dikkat \u00e7ekme ama\u00e7l\u0131 bir \u00fcr\u00fcnd\u00fcr. Test sonu\u00e7lar\u0131 50 tonun \u00fczerindeki statik y\u00fck alt\u0131nda \u00e7al\u0131\u015fmaya devam etti\u011fini g\u00f6sterse de, a\u011f\u0131r trafikte dinamik y\u00fck alt\u0131nda kullan\u0131lmas\u0131 tavsiye edilmez. \u00d6ZELL\u0130KLER\u0130 G\u00f6vde Malzemesi : [&hellip;]<\/p>\n","protected":false},"author":1,"featured_media":0,"parent":0,"menu_order":0,"comment_status":"closed","ping_status":"closed","template":"","meta":[],"_links":{"self":[{"href":"https:\/\/www.tandemtrafik.com.tr\/tr\/wp-json\/wp\/v2\/pages\/67"}],"collection":[{"href":"https:\/\/www.tandemtrafik.com.tr\/tr\/wp-json\/wp\/v2\/pages"}],"about":[{"href":"https:\/\/www.tandemtrafik.com.tr\/tr\/wp-json\/wp\/v2\/types\/page"}],"author":[{"embeddable":true,"href":"https:\/\/www.tandemtrafik.com.tr\/tr\/wp-json\/wp\/v2\/users\/1"}],"replies":[{"embeddable":true,"href":"https:\/\/www.tandemtrafik.com.tr\/tr\/wp-json\/wp\/v2\/comments?post=67"}],"version-history":[{"count":4,"href":"https:\/\/www.tandemtrafik.com.tr\/tr\/wp-json\/wp\/v2\/pages\/67\/revisions"}],"predecessor-version":[{"id":427,"href":"https:\/\/www.tandemtrafik.com.tr\/tr\/wp-json\/wp\/v2\/pages\/67\/revisions\/427"}],"wp:attachment":[{"href":"https:\/\/www.tandemtrafik.com.tr\/tr\/wp-json\/wp\/v2\/media?parent=67"}],"curies":[{"name":"wp","href":"https:\/\/api.w.org\/{rel}","templated":true}]}}