{"id":637,"date":"2020-03-27T13:01:08","date_gmt":"2020-03-27T10:01:08","guid":{"rendered":"https:\/\/www.tandemtrafik.com.tr\/tr\/?page_id=637"},"modified":"2020-12-22T16:05:28","modified_gmt":"2020-12-22T13:05:28","slug":"altyapi-sistemi","status":"publish","type":"page","link":"https:\/\/www.tandemtrafik.com.tr\/tr\/altyapi-sistemi\/","title":{"rendered":"Altyap\u0131 Sistemi"},"content":{"rendered":"\n<div class=\"wp-block-columns is-layout-flex wp-container-4\">\n<div class=\"wp-block-column is-layout-flow\" style=\"flex-basis:66.66%\">\n<div class=\"wp-block-group\"><div class=\"wp-block-group__inner-container is-layout-flow\">\n<p>Sinyalizasyon sisteminin kurulaca\u011f\u0131 alan\u0131n ke\u015ffi ve projelendirmesiyle ba\u015flayan, gerekli g\u00fcvenlik \u00f6nlemlerin al\u0131nmas\u0131n\u0131 takiben asfalt ve toprak kaz\u0131lar\u0131n yap\u0131ld\u0131\u011f\u0131, ihtiyaca g\u00f6re kullan\u0131lan koruge, kangal ve galvaniz borular\u0131n yerle\u015ftirildi\u011fi, r\u00f6garlar\u0131n koyuldu\u011fu, gerekli temellerin at\u0131larak direklerin dikildi\u011fi ve uygun kesitli kablolar\u0131n \u00e7ekildi\u011fi uygulamalar b\u00fct\u00fcn\u00fcd\u00fcr.<\/p>\n\n\n\n<p><strong>Tandem Trafik <\/strong>olarak , karayollar\u0131nda sinyalizasyon altyap\u0131 uygulamalar\u0131m\u0131zla hizmet vermekteyiz.<\/p>\n<\/div><\/div>\n<\/div>\n\n\n\n<div class=\"wp-block-column is-layout-flow\" style=\"flex-basis:33.33%\">\n<figure class=\"wp-block-image size-large\"><img decoding=\"async\" loading=\"lazy\" width=\"300\" height=\"151\" src=\"https:\/\/www.tandemtrafik.com.tr\/tr\/wp-content\/uploads\/2020\/12\/n1.png\" alt=\"\" class=\"wp-image-755\"\/><\/figure>\n<\/div>\n<\/div>\n","protected":false},"excerpt":{"rendered":"<p>Sinyalizasyon sisteminin kurulaca\u011f\u0131 alan\u0131n ke\u015ffi ve projelendirmesiyle ba\u015flayan, gerekli g\u00fcvenlik \u00f6nlemlerin al\u0131nmas\u0131n\u0131 takiben asfalt ve toprak kaz\u0131lar\u0131n yap\u0131ld\u0131\u011f\u0131, ihtiyaca g\u00f6re kullan\u0131lan koruge, kangal ve galvaniz borular\u0131n yerle\u015ftirildi\u011fi, r\u00f6garlar\u0131n koyuldu\u011fu, gerekli temellerin at\u0131larak direklerin dikildi\u011fi ve uygun kesitli kablolar\u0131n \u00e7ekildi\u011fi uygulamalar b\u00fct\u00fcn\u00fcd\u00fcr. Tandem Trafik olarak , karayollar\u0131nda sinyalizasyon altyap\u0131 uygulamalar\u0131m\u0131zla hizmet vermekteyiz.<\/p>\n","protected":false},"author":1,"featured_media":0,"parent":0,"menu_order":0,"comment_status":"closed","ping_status":"closed","template":"","meta":[],"_links":{"self":[{"href":"https:\/\/www.tandemtrafik.com.tr\/tr\/wp-json\/wp\/v2\/pages\/637"}],"collection":[{"href":"https:\/\/www.tandemtrafik.com.tr\/tr\/wp-json\/wp\/v2\/pages"}],"about":[{"href":"https:\/\/www.tandemtrafik.com.tr\/tr\/wp-json\/wp\/v2\/types\/page"}],"author":[{"embeddable":true,"href":"https:\/\/www.tandemtrafik.com.tr\/tr\/wp-json\/wp\/v2\/users\/1"}],"replies":[{"embeddable":true,"href":"https:\/\/www.tandemtrafik.com.tr\/tr\/wp-json\/wp\/v2\/comments?post=637"}],"version-history":[{"count":12,"href":"https:\/\/www.tandemtrafik.com.tr\/tr\/wp-json\/wp\/v2\/pages\/637\/revisions"}],"predecessor-version":[{"id":756,"href":"https:\/\/www.tandemtrafik.com.tr\/tr\/wp-json\/wp\/v2\/pages\/637\/revisions\/756"}],"wp:attachment":[{"href":"https:\/\/www.tandemtrafik.com.tr\/tr\/wp-json\/wp\/v2\/media?parent=637"}],"curies":[{"name":"wp","href":"https:\/\/api.w.org\/{rel}","templated":true}]}}