{"id":624,"date":"2020-03-26T17:10:27","date_gmt":"2020-03-26T14:10:27","guid":{"rendered":"https:\/\/www.tandemtrafik.com.tr\/tr\/?page_id=624"},"modified":"2020-03-26T17:10:27","modified_gmt":"2020-03-26T14:10:27","slug":"kariyer","status":"publish","type":"page","link":"https:\/\/www.tandemtrafik.com.tr\/tr\/kariyer\/","title":{"rendered":"KAR\u0130YER"},"content":{"rendered":"\n<h2 class=\"has-text-align-center wp-block-heading\"><strong>\u0130\u015e BA\u015eVURU FORMU<\/strong><\/h2><br>\n\n\n\n<div class=\"wpforms-container wpforms-container-full\" id=\"wpforms-623\"><form id=\"wpforms-form-623\" class=\"wpforms-validate wpforms-form\" data-formid=\"623\" method=\"post\" enctype=\"multipart\/form-data\" action=\"\/tr\/wp-json\/wp\/v2\/pages\/624\" data-token=\"20ba2705fe985d19d8c36932a2d862d4\"><noscript class=\"wpforms-error-noscript\">Bu formu bitirebilmek i\u00e7in taray\u0131c\u0131n\u0131zda JavaScript&#039;i etkinle\u015ftirin.<\/noscript><div class=\"wpforms-field-container\"><div id=\"wpforms-623-field_0-container\" class=\"wpforms-field wpforms-field-name\" data-field-id=\"0\"><label class=\"wpforms-field-label\" for=\"wpforms-623-field_0\">Ad\u0131n\u0131z - Soyad\u0131n\u0131z:<\/label><input type=\"text\" id=\"wpforms-623-field_0\" class=\"wpforms-field-large\" name=\"wpforms[fields][0]\" ><\/div><div id=\"wpforms-623-field_36-container\" class=\"wpforms-field wpforms-field-text\" data-field-id=\"36\"><label class=\"wpforms-field-label\" for=\"wpforms-623-field_36\">T.C Kimlik Numaras\u0131:<\/label><input type=\"text\" id=\"wpforms-623-field_36\" class=\"wpforms-field-large\" name=\"wpforms[fields][36]\" ><\/div><div id=\"wpforms-623-field_3-container\" class=\"wpforms-field wpforms-field-text\" data-field-id=\"3\"><label class=\"wpforms-field-label\" for=\"wpforms-623-field_3\">Baba Ad\u0131:<\/label><input type=\"text\" id=\"wpforms-623-field_3\" class=\"wpforms-field-large\" name=\"wpforms[fields][3]\" ><\/div><div id=\"wpforms-623-field_4-container\" class=\"wpforms-field wpforms-field-text\" data-field-id=\"4\"><label class=\"wpforms-field-label\" for=\"wpforms-623-field_4\">Anne Ad\u0131:<\/label><input type=\"text\" id=\"wpforms-623-field_4\" class=\"wpforms-field-large\" name=\"wpforms[fields][4]\" ><\/div><div id=\"wpforms-623-field_2-container\" class=\"wpforms-field wpforms-field-textarea\" data-field-id=\"2\"><label class=\"wpforms-field-label\" for=\"wpforms-623-field_2\">\u0130kametgah Adresiniz:<\/label><textarea id=\"wpforms-623-field_2\" class=\"wpforms-field-medium\" name=\"wpforms[fields][2]\" ><\/textarea><\/div><div id=\"wpforms-623-field_1-container\" class=\"wpforms-field wpforms-field-email\" data-field-id=\"1\"><label class=\"wpforms-field-label\" for=\"wpforms-623-field_1\">E-Posta Adresi:<\/label><input type=\"email\" id=\"wpforms-623-field_1\" class=\"wpforms-field-large\" name=\"wpforms[fields][1]\" spellcheck=\"false\" ><\/div><div id=\"wpforms-623-field_5-container\" class=\"wpforms-field wpforms-field-text\" data-field-id=\"5\"><label class=\"wpforms-field-label\" for=\"wpforms-623-field_5\">Telefonlar\u0131n\u0131z:<\/label><input type=\"text\" id=\"wpforms-623-field_5\" class=\"wpforms-field-large\" name=\"wpforms[fields][5]\" ><\/div><div id=\"wpforms-623-field_35-container\" class=\"wpforms-field wpforms-field-select wpforms-field-select-style-classic\" data-field-id=\"35\"><label class=\"wpforms-field-label\" for=\"wpforms-623-field_35\">\u00c7ocuk Say\u0131s\u0131<\/label><select id=\"wpforms-623-field_35\" class=\"wpforms-field-large\" name=\"wpforms[fields][35]\"><option value=\"...\" >...<\/option><option value=\"1\" >1<\/option><option value=\"2\" >2<\/option><option value=\"3\" >3<\/option><option value=\"4\" >4<\/option><option value=\"5\" >5<\/option><option value=\"6\" >6<\/option><option value=\"7\" >7<\/option><option value=\"8\" >8<\/option><option value=\"9\" >9<\/option><\/select><\/div><div id=\"wpforms-623-field_7-container\" class=\"wpforms-field wpforms-field-text\" data-field-id=\"7\"><label class=\"wpforms-field-label\" for=\"wpforms-623-field_7\">Askerlik Durumunuz:<\/label><input type=\"text\" id=\"wpforms-623-field_7\" class=\"wpforms-field-large\" name=\"wpforms[fields][7]\" ><\/div><div id=\"wpforms-623-field_8-container\" class=\"wpforms-field wpforms-field-text\" data-field-id=\"8\"><label class=\"wpforms-field-label\" for=\"wpforms-623-field_8\">E\u015finiz \u00c7al\u0131\u015f\u0131yor Mu?<\/label><input type=\"text\" id=\"wpforms-623-field_8\" class=\"wpforms-field-large\" name=\"wpforms[fields][8]\" ><\/div><div id=\"wpforms-623-field_10-container\" class=\"wpforms-field wpforms-field-textarea\" data-field-id=\"10\"><label class=\"wpforms-field-label\" for=\"wpforms-623-field_10\">\u00c7ocuklar\u0131n\u0131z\u0131n \/ Ad\u0131 - Do\u011fum Tarihi ve Okudu\u011fu Okul:<\/label><textarea id=\"wpforms-623-field_10\" class=\"wpforms-field-medium\" name=\"wpforms[fields][10]\" ><\/textarea><\/div><div id=\"wpforms-623-field_15-container\" class=\"wpforms-field wpforms-field-textarea\" data-field-id=\"15\"><label class=\"wpforms-field-label\" for=\"wpforms-623-field_15\">\u00d6\u011frenim Durumunuz \/ Ad\u0131 - Yeri - Bitirme Y\u0131l\u0131n\u0131z:<\/label><textarea id=\"wpforms-623-field_15\" class=\"wpforms-field-medium\" name=\"wpforms[fields][15]\" ><\/textarea><\/div><div id=\"wpforms-623-field_16-container\" class=\"wpforms-field wpforms-field-textarea\" data-field-id=\"16\"><label class=\"wpforms-field-label\" for=\"wpforms-623-field_16\">Daha \u00d6nce \u00c7al\u0131\u015ft\u0131\u011f\u0131n\u0131z \u0130\u015fyerleri (Tarih Aral\u0131\u011f\u0131 - \u00dccret - Ayr\u0131lma Nedeni):<\/label><textarea id=\"wpforms-623-field_16\" class=\"wpforms-field-medium\" name=\"wpforms[fields][16]\" ><\/textarea><\/div><div id=\"wpforms-623-field_21-container\" class=\"wpforms-field wpforms-field-textarea\" data-field-id=\"21\"><label class=\"wpforms-field-label\" for=\"wpforms-623-field_21\">Bildi\u011finiz Yabanc\u0131 Diller (\u0130yi - Orta - Az):<\/label><textarea id=\"wpforms-623-field_21\" class=\"wpforms-field-medium\" name=\"wpforms[fields][21]\" ><\/textarea><\/div><div id=\"wpforms-623-field_22-container\" class=\"wpforms-field wpforms-field-textarea\" data-field-id=\"22\"><label class=\"wpforms-field-label\" for=\"wpforms-623-field_22\">Kulland\u0131\u011f\u0131n\u0131z Makinalar veya Bilgisayar Programlar\u0131 (\u0130yi - Orta - Az):<\/label><textarea id=\"wpforms-623-field_22\" class=\"wpforms-field-medium\" name=\"wpforms[fields][22]\" ><\/textarea><\/div><div id=\"wpforms-623-field_23-container\" class=\"wpforms-field wpforms-field-select wpforms-field-select-style-classic\" data-field-id=\"23\"><label class=\"wpforms-field-label\" for=\"wpforms-623-field_23\">Seyahat Engeliniz Var M\u0131?<\/label><select id=\"wpforms-623-field_23\" class=\"wpforms-field-large\" name=\"wpforms[fields][23]\"><option value=\"...\" >...<\/option><option value=\"Evet\" >Evet<\/option><option value=\"Hay\u0131r\" >Hay\u0131r<\/option><\/select><\/div><div id=\"wpforms-623-field_26-container\" class=\"wpforms-field wpforms-field-textarea\" data-field-id=\"26\"><label class=\"wpforms-field-label\" for=\"wpforms-623-field_26\">S\u00fcr\u00fcc\u00fc Ehliyetiniz Var M\u0131? Varsa Grubu?:<\/label><textarea id=\"wpforms-623-field_26\" class=\"wpforms-field-medium\" name=\"wpforms[fields][26]\" ><\/textarea><\/div><div id=\"wpforms-623-field_27-container\" class=\"wpforms-field wpforms-field-radio\" data-field-id=\"27\"><label class=\"wpforms-field-label\" for=\"wpforms-623-field_27\">Medeni Haklardan Mahrumiyetiniz Var M\u0131?<\/label><ul id=\"wpforms-623-field_27\"><li class=\"choice-1 depth-1\"><input type=\"radio\" id=\"wpforms-623-field_27_1\" name=\"wpforms[fields][27]\" value=\"Evet\"  ><label class=\"wpforms-field-label-inline\" for=\"wpforms-623-field_27_1\">Evet<\/label><\/li><li class=\"choice-2 depth-1\"><input type=\"radio\" id=\"wpforms-623-field_27_2\" name=\"wpforms[fields][27]\" value=\"Hay\u0131r\"  ><label class=\"wpforms-field-label-inline\" for=\"wpforms-623-field_27_2\">Hay\u0131r<\/label><\/li><\/ul><\/div><div id=\"wpforms-623-field_28-container\" class=\"wpforms-field wpforms-field-textarea\" data-field-id=\"28\"><label class=\"wpforms-field-label\" for=\"wpforms-623-field_28\">Nas\u0131l Bir \u0130\u015f Talep Ediyorsunuz?<\/label><textarea id=\"wpforms-623-field_28\" class=\"wpforms-field-medium\" name=\"wpforms[fields][28]\" ><\/textarea><\/div><div id=\"wpforms-623-field_29-container\" class=\"wpforms-field wpforms-field-text\" data-field-id=\"29\"><label class=\"wpforms-field-label\" for=\"wpforms-623-field_29\">Talep Etti\u011finiz \u00dccret Nedir?<\/label><input type=\"text\" id=\"wpforms-623-field_29\" class=\"wpforms-field-large\" name=\"wpforms[fields][29]\" ><\/div><div id=\"wpforms-623-field_30-container\" class=\"wpforms-field wpforms-field-text\" data-field-id=\"30\"><label class=\"wpforms-field-label\" for=\"wpforms-623-field_30\">\u0130\u015fe Al\u0131nd\u0131\u011f\u0131n\u0131z Taktirde \u0130\u015fe Ba\u015flayabilme Tarihiniz?<\/label><input type=\"text\" id=\"wpforms-623-field_30\" class=\"wpforms-field-large\" name=\"wpforms[fields][30]\" ><\/div><div id=\"wpforms-623-field_31-container\" class=\"wpforms-field wpforms-field-textarea\" data-field-id=\"31\"><label class=\"wpforms-field-label\" for=\"wpforms-623-field_31\">Sa\u011fl\u0131k Durumunuz (\u00d6nceden veya devam eden ameliyat, hastal\u0131k)<\/label><textarea id=\"wpforms-623-field_31\" class=\"wpforms-field-medium\" name=\"wpforms[fields][31]\" ><\/textarea><\/div><div id=\"wpforms-623-field_34-container\" class=\"wpforms-field wpforms-field-textarea\" data-field-id=\"34\"><label class=\"wpforms-field-label\" for=\"wpforms-623-field_34\">Referanslar\u0131n\u0131z:<\/label><textarea id=\"wpforms-623-field_34\" class=\"wpforms-field-medium\" name=\"wpforms[fields][34]\" ><\/textarea><\/div><\/div><!-- .wpforms-field-container --><div class=\"wpforms-field wpforms-field-hp\"><label for=\"wpforms-623-field-hp\" class=\"wpforms-field-label\">Comment<\/label><input type=\"text\" name=\"wpforms[hp]\" id=\"wpforms-623-field-hp\" class=\"wpforms-field-medium\"><\/div><div class=\"wpforms-submit-container\" ><input type=\"hidden\" name=\"wpforms[id]\" value=\"623\"><input type=\"hidden\" name=\"wpforms[author]\" value=\"1\"><button type=\"submit\" name=\"wpforms[submit]\" id=\"wpforms-submit-623\" class=\"wpforms-submit\" data-alt-text=\"G\u00f6nderiliyor...\" data-submit-text=\"G\u00f6nder\" aria-live=\"assertive\" value=\"wpforms-submit\">G\u00f6nder<\/button><\/div><\/form><\/div>  <!-- .wpforms-container -->\n","protected":false},"excerpt":{"rendered":"<p>\u0130\u015e BA\u015eVURU FORMU<\/p>\n","protected":false},"author":1,"featured_media":0,"parent":0,"menu_order":0,"comment_status":"closed","ping_status":"closed","template":"","meta":[],"_links":{"self":[{"href":"https:\/\/www.tandemtrafik.com.tr\/tr\/wp-json\/wp\/v2\/pages\/624"}],"collection":[{"href":"https:\/\/www.tandemtrafik.com.tr\/tr\/wp-json\/wp\/v2\/pages"}],"about":[{"href":"https:\/\/www.tandemtrafik.com.tr\/tr\/wp-json\/wp\/v2\/types\/page"}],"author":[{"embeddable":true,"href":"https:\/\/www.tandemtrafik.com.tr\/tr\/wp-json\/wp\/v2\/users\/1"}],"replies":[{"embeddable":true,"href":"https:\/\/www.tandemtrafik.com.tr\/tr\/wp-json\/wp\/v2\/comments?post=624"}],"version-history":[{"count":4,"href":"https:\/\/www.tandemtrafik.com.tr\/tr\/wp-json\/wp\/v2\/pages\/624\/revisions"}],"predecessor-version":[{"id":628,"href":"https:\/\/www.tandemtrafik.com.tr\/tr\/wp-json\/wp\/v2\/pages\/624\/revisions\/628"}],"wp:attachment":[{"href":"https:\/\/www.tandemtrafik.com.tr\/tr\/wp-json\/wp\/v2\/media?parent=624"}],"curies":[{"name":"wp","href":"https:\/\/api.w.org\/{rel}","templated":true}]}}