{"id":58,"date":"2020-03-15T21:19:39","date_gmt":"2020-03-15T18:19:39","guid":{"rendered":"https:\/\/tandemtrafik.com.tr\/tr\/?page_id=58"},"modified":"2020-12-22T17:03:09","modified_gmt":"2020-12-22T14:03:09","slug":"temassiz-erisilebilir-ve-degisken-isaretli-yaya-butonu","status":"publish","type":"page","link":"https:\/\/www.tandemtrafik.com.tr\/tr\/temassiz-erisilebilir-ve-degisken-isaretli-yaya-butonu\/","title":{"rendered":"Temass\u0131z Eri\u015filebilir ve De\u011fi\u015fken \u0130\u015faretli Yaya Butonu"},"content":{"rendered":"\n<div class=\"wp-block-columns is-layout-flex wp-container-3\">\n<div class=\"wp-block-column is-layout-flow\" style=\"flex-basis:75%\">\n<p>Temass\u0131z Eri\u015filebilir Buton fiziksel bir temasa gerek duymaks\u0131z\u0131n 10 cm mesafeye kadar buton tetik sinyalini fark edebilir. Filtrelenmi\u015f algoritmas\u0131 sayesinde 750 ms den daha k\u0131sa s\u00fcreli yakla\u015fmalara tepki vermez. Bir buton tetik sinyalinin olu\u015fabilmesi i\u00e7in yayalar\u0131n en az 1 saniye s\u00fcreyle ellerini sens\u00f6r alg\u0131lama mesafesinde bekletmeleri gerekmektedir.<\/p>\n\n\n\n<br><strong>TEKN\u0130K \u00d6ZELL\u0130KLER\u0130<\/strong><br>\n<table width=\"70%\" cellspacing=\"0\" cellpadding=\"0\" border=\"0\" style=\"float: left;\" class=\"editor-table\"> \n  <tbody>\n    <tr style=\"\n    border: 1px solid #5c5c5c;\n\"> \n      <td style=\"\n    border: 1px solid #5c5c5c;\n    padding-left: 20px;\n\">\u00d6L\u00c7\u00dc <\/td> \n      <td style=\"\n    padding-left: 20px;\n\">120x270x84<\/td> \n    <\/tr> \n    <tr style=\"\n    border: 1px solid #5c5c5c;\n\"> \n      <td style=\"\n    border: 1px solid #5c5c5c;\n    padding-left: 20px;\n\">A\u011eIRLIK<\/td> \n      <td style=\"\n    padding-left: 20px;\n\">2 kg <\/td> \n    <\/tr> \n    <tr style=\"\n    border: 1px solid #5c5c5c;\n\"> \n      <td style=\"\n    border: 1px solid #5c5c5c;\n    padding-left: 20px;\n\">G\u00d6VDE T\u00dcR\u00dc <\/td> \n      <td style=\"\n    padding-left: 20px;\n\">Polikarbonat<\/td> \n    <\/tr> \n    <tr style=\"\n    border: 1px solid #5c5c5c;\n\"> \n      <td style=\"\n    border: 1px solid #5c5c5c;\n    padding-left: 20px;\n\">G\u00d6VDE RENK<\/td> \n      <td style=\"\n    padding-left: 20px;\n\">Sar\u0131 &#8211; Siyah<\/td> \n    <\/tr> \n    <tr style=\"\n    border: 1px solid #5c5c5c;\n\"> \n      <td style=\"\n    border: 1px solid #5c5c5c;\n    padding-left: 20px;\n\">\u00c7ALI\u015eMA VOLTAJI<\/td> \n      <td style=\"\n    padding-left: 20px;\n\">220 V AC<\/td> \n    <\/tr> \n    <tr style=\"\n    border: 1px solid #5c5c5c;\n\"> \n      <td style=\"\n    border: 1px solid #5c5c5c;\n    padding-left: 20px;\n\">SES SEV\u0130YES\u0130<\/td> \n      <td style=\"\n    padding-left: 20px;\n\">Otomatik \/ Akustik \u00d6zellik  (Ortam Ses Seviyesine G\u00f6re)<\/td> \n    <\/tr> \n    <tr style=\"\n    border: 1px solid #5c5c5c;\n\"> \n      <td style=\"\n    border: 1px solid #5c5c5c;\n    padding-left: 20px;\n\">ALGILAMA T\u0130P\u0130<\/td> \n      <td style=\"\n    padding-left: 20px;\n\">Temass\u0131z Sens\u00f6r<\/td> \n    <\/tr> \n\t<tr style=\"\n    border: 1px solid #5c5c5c;\n\"> \n      <td style=\"\n    border: 1px solid #5c5c5c;\n    padding-left: 20px;\n\">ALGILAMA MESAFES\u0130<\/td> \n      <td style=\"\n    padding-left: 20px;\n\">0 &#8211; 10 cm<\/td> \n    <\/tr> \n\t<tr style=\"\n    border: 1px solid #5c5c5c;\n\"> \n      <td style=\"\n    border: 1px solid #5c5c5c;\n    padding-left: 20px;\n\">\u00d6N Y\u00dcZ<\/td> \n      <td style=\"\n    padding-left: 20px;\n\">I\u015f\u0131kl\u0131 ( \u0130stenilen Logo ve Fig\u00fcr Yap\u0131labilmektedir.)<\/td> \n    <\/tr> \n\t<tr style=\"\n    border: 1px solid #5c5c5c;\n\"> \n      <td style=\"\n    border: 1px solid #5c5c5c;\n    padding-left: 20px;\n\">BA\u011eLANTI<\/td> \n      <td style=\"\n    padding-left: 20px;\n\">Standart ve Ba\u015f \u00dcst\u00fc Dire\u011fe Uygun Kau\u00e7uk S\u0131rtl\u0131k<\/td> \n    <\/tr> \n\t<tr style=\"\n    border: 1px solid #5c5c5c;\n\"> \n      <td style=\"\n    border: 1px solid #5c5c5c;\n    padding-left: 20px;\n\">SIZDIRMAZLIK<\/td> \n      <td style=\"\n    padding-left: 20px;\n\">IP65<\/td> \n    <\/tr> \n  <\/tbody>\n<\/table>\n<\/div>\n\n\n\n<div class=\"wp-block-column is-layout-flow\" style=\"flex-basis:25%\">\n<figure class=\"wp-block-image size-large\"><img decoding=\"async\" loading=\"lazy\" width=\"1024\" height=\"576\" src=\"https:\/\/www.tandemtrafik.com.tr\/tr\/wp-content\/uploads\/2020\/12\/Temassiz-Erisilebilir-Yaya-Butonu-2-1024x576.jpg\" alt=\"\" class=\"wp-image-786\" srcset=\"https:\/\/www.tandemtrafik.com.tr\/tr\/wp-content\/uploads\/2020\/12\/Temassiz-Erisilebilir-Yaya-Butonu-2-1024x576.jpg 1024w, https:\/\/www.tandemtrafik.com.tr\/tr\/wp-content\/uploads\/2020\/12\/Temassiz-Erisilebilir-Yaya-Butonu-2-300x169.jpg 300w, https:\/\/www.tandemtrafik.com.tr\/tr\/wp-content\/uploads\/2020\/12\/Temassiz-Erisilebilir-Yaya-Butonu-2-768x432.jpg 768w, https:\/\/www.tandemtrafik.com.tr\/tr\/wp-content\/uploads\/2020\/12\/Temassiz-Erisilebilir-Yaya-Butonu-2.jpg 1280w\" sizes=\"(max-width: 1024px) 100vw, 1024px\" \/><\/figure>\n\n\n\n<figure class=\"wp-block-image size-large\"><img decoding=\"async\" loading=\"lazy\" width=\"1024\" height=\"576\" src=\"https:\/\/www.tandemtrafik.com.tr\/tr\/wp-content\/uploads\/2020\/12\/Temassiz-Erisilebilir-Yaya-Butonu-1-1024x576.jpg\" alt=\"\" class=\"wp-image-787\" srcset=\"https:\/\/www.tandemtrafik.com.tr\/tr\/wp-content\/uploads\/2020\/12\/Temassiz-Erisilebilir-Yaya-Butonu-1-1024x576.jpg 1024w, https:\/\/www.tandemtrafik.com.tr\/tr\/wp-content\/uploads\/2020\/12\/Temassiz-Erisilebilir-Yaya-Butonu-1-300x169.jpg 300w, https:\/\/www.tandemtrafik.com.tr\/tr\/wp-content\/uploads\/2020\/12\/Temassiz-Erisilebilir-Yaya-Butonu-1-768x432.jpg 768w, https:\/\/www.tandemtrafik.com.tr\/tr\/wp-content\/uploads\/2020\/12\/Temassiz-Erisilebilir-Yaya-Butonu-1.jpg 1280w\" sizes=\"(max-width: 1024px) 100vw, 1024px\" \/><\/figure>\n<\/div>\n<\/div>\n","protected":false},"excerpt":{"rendered":"<p>Temass\u0131z Eri\u015filebilir Buton fiziksel bir temasa gerek duymaks\u0131z\u0131n 10 cm mesafeye kadar buton tetik sinyalini fark edebilir. Filtrelenmi\u015f algoritmas\u0131 sayesinde 750 ms den daha k\u0131sa s\u00fcreli yakla\u015fmalara tepki vermez. Bir buton tetik sinyalinin olu\u015fabilmesi i\u00e7in yayalar\u0131n en az 1 saniye s\u00fcreyle ellerini sens\u00f6r alg\u0131lama mesafesinde bekletmeleri gerekmektedir. TEKN\u0130K \u00d6ZELL\u0130KLER\u0130 \u00d6L\u00c7\u00dc 120x270x84 A\u011eIRLIK 2 kg G\u00d6VDE [&hellip;]<\/p>\n","protected":false},"author":1,"featured_media":0,"parent":0,"menu_order":0,"comment_status":"closed","ping_status":"closed","template":"","meta":[],"_links":{"self":[{"href":"https:\/\/www.tandemtrafik.com.tr\/tr\/wp-json\/wp\/v2\/pages\/58"}],"collection":[{"href":"https:\/\/www.tandemtrafik.com.tr\/tr\/wp-json\/wp\/v2\/pages"}],"about":[{"href":"https:\/\/www.tandemtrafik.com.tr\/tr\/wp-json\/wp\/v2\/types\/page"}],"author":[{"embeddable":true,"href":"https:\/\/www.tandemtrafik.com.tr\/tr\/wp-json\/wp\/v2\/users\/1"}],"replies":[{"embeddable":true,"href":"https:\/\/www.tandemtrafik.com.tr\/tr\/wp-json\/wp\/v2\/comments?post=58"}],"version-history":[{"count":12,"href":"https:\/\/www.tandemtrafik.com.tr\/tr\/wp-json\/wp\/v2\/pages\/58\/revisions"}],"predecessor-version":[{"id":789,"href":"https:\/\/www.tandemtrafik.com.tr\/tr\/wp-json\/wp\/v2\/pages\/58\/revisions\/789"}],"wp:attachment":[{"href":"https:\/\/www.tandemtrafik.com.tr\/tr\/wp-json\/wp\/v2\/media?parent=58"}],"curies":[{"name":"wp","href":"https:\/\/api.w.org\/{rel}","templated":true}]}}