{"id":552,"date":"2020-03-16T16:03:25","date_gmt":"2020-03-16T13:03:25","guid":{"rendered":"https:\/\/tandemtrafik.com.tr\/tr\/?page_id=552"},"modified":"2020-03-31T12:09:56","modified_gmt":"2020-03-31T09:09:56","slug":"trafik-levhalari-2","status":"publish","type":"page","link":"https:\/\/www.tandemtrafik.com.tr\/tr\/trafik-levhalari-2\/","title":{"rendered":"Trafik Levhalar\u0131"},"content":{"rendered":"\n<div class=\"wp-block-columns is-layout-flex wp-container-3\">\n<div class=\"wp-block-column is-layout-flow\">\n<p>Trafik levhalar\u0131, D\u00fcnya ve Karayollar\u0131 Standartlar\u0131na uygun, galvanizli sac \u00fczerine s\u00fcper y\u00fcksek, y\u00fcksek ve&nbsp; normal performans reflektifli malzeme kullan\u0131larak makinalar arac\u0131l\u0131\u011f\u0131 hava bo\u015fluksuz olarak imal edilirler.<\/p>\n\n\n\n<p>Bu y\u00f6ntem sonucunda levha, g\u00f6zenek, \u00e7atlak ve di\u011fer t\u00fcm hatalardan ar\u0131nd\u0131r\u0131larak sabit ve p\u00fcr\u00fczs\u00fcz bir \u015fekilde kaplan\u0131r.<\/p>\n\n\n\n<p>Standart \u015fartlarda montaj i\u00e7in gerekli tak\u0131mlar, levha , ba\u011flant\u0131 direkleri ve ba\u011flant\u0131 aparatlar\u0131 ( c\u0131vata ) gerekmektedir.<\/p>\n\n\n\n<p>Trafik levhas\u0131 ;otoyollarda, \u015fehirler aras\u0131 yollarda , \u015fehir merkezlerinde, site i\u00e7erisinde bulunan yollarda ,e\u011fitim alanlar\u0131nda,al\u0131\u015fveri\u015f merkezleri otoparklar\u0131nda s\u00fcr\u00fcc\u00fcy\u00fc y\u00f6nlendirmek ve g\u00fcven vermek amac\u0131 ile kullan\u0131lmaktad\u0131r.<\/p>\n<\/div>\n\n\n\n<div class=\"wp-block-column is-layout-flow\">\n<figure class=\"wp-block-image size-large\"><img decoding=\"async\" loading=\"lazy\" width=\"1024\" height=\"683\" src=\"https:\/\/tandemtrafik.com.tr\/tr\/wp-content\/uploads\/2020\/03\/trafiklevha-1024x683.jpg\" alt=\"\" class=\"wp-image-553\" srcset=\"https:\/\/www.tandemtrafik.com.tr\/tr\/wp-content\/uploads\/2020\/03\/trafiklevha-1024x683.jpg 1024w, https:\/\/www.tandemtrafik.com.tr\/tr\/wp-content\/uploads\/2020\/03\/trafiklevha-300x200.jpg 300w, https:\/\/www.tandemtrafik.com.tr\/tr\/wp-content\/uploads\/2020\/03\/trafiklevha-768x512.jpg 768w, https:\/\/www.tandemtrafik.com.tr\/tr\/wp-content\/uploads\/2020\/03\/trafiklevha.jpg 1200w\" sizes=\"(max-width: 1024px) 100vw, 1024px\" \/><\/figure>\n<\/div>\n<\/div>\n","protected":false},"excerpt":{"rendered":"<p>Trafik levhalar\u0131, D\u00fcnya ve Karayollar\u0131 Standartlar\u0131na uygun, galvanizli sac \u00fczerine s\u00fcper y\u00fcksek, y\u00fcksek ve&nbsp; normal performans reflektifli malzeme kullan\u0131larak makinalar arac\u0131l\u0131\u011f\u0131 hava bo\u015fluksuz olarak imal edilirler. Bu y\u00f6ntem sonucunda levha, g\u00f6zenek, \u00e7atlak ve di\u011fer t\u00fcm hatalardan ar\u0131nd\u0131r\u0131larak sabit ve p\u00fcr\u00fczs\u00fcz bir \u015fekilde kaplan\u0131r. Standart \u015fartlarda montaj i\u00e7in gerekli tak\u0131mlar, levha , ba\u011flant\u0131 direkleri ve ba\u011flant\u0131 [&hellip;]<\/p>\n","protected":false},"author":1,"featured_media":0,"parent":0,"menu_order":0,"comment_status":"closed","ping_status":"closed","template":"","meta":[],"_links":{"self":[{"href":"https:\/\/www.tandemtrafik.com.tr\/tr\/wp-json\/wp\/v2\/pages\/552"}],"collection":[{"href":"https:\/\/www.tandemtrafik.com.tr\/tr\/wp-json\/wp\/v2\/pages"}],"about":[{"href":"https:\/\/www.tandemtrafik.com.tr\/tr\/wp-json\/wp\/v2\/types\/page"}],"author":[{"embeddable":true,"href":"https:\/\/www.tandemtrafik.com.tr\/tr\/wp-json\/wp\/v2\/users\/1"}],"replies":[{"embeddable":true,"href":"https:\/\/www.tandemtrafik.com.tr\/tr\/wp-json\/wp\/v2\/comments?post=552"}],"version-history":[{"count":3,"href":"https:\/\/www.tandemtrafik.com.tr\/tr\/wp-json\/wp\/v2\/pages\/552\/revisions"}],"predecessor-version":[{"id":672,"href":"https:\/\/www.tandemtrafik.com.tr\/tr\/wp-json\/wp\/v2\/pages\/552\/revisions\/672"}],"wp:attachment":[{"href":"https:\/\/www.tandemtrafik.com.tr\/tr\/wp-json\/wp\/v2\/media?parent=552"}],"curies":[{"name":"wp","href":"https:\/\/api.w.org\/{rel}","templated":true}]}}