{"id":55,"date":"2020-03-15T21:17:23","date_gmt":"2020-03-15T18:17:23","guid":{"rendered":"https:\/\/tandemtrafik.com.tr\/tr\/?page_id=55"},"modified":"2020-03-16T11:48:54","modified_gmt":"2020-03-16T08:48:54","slug":"geri-sayicilar","status":"publish","type":"page","link":"https:\/\/www.tandemtrafik.com.tr\/tr\/geri-sayicilar\/","title":{"rendered":"GER\u0130 SAYICILAR"},"content":{"rendered":"\n<div class=\"rl-gallery-container rl-loading\" id=\"rl-gallery-container-1\" data-gallery_id=\"50\"> <div class=\"rl-gallery rl-basicgrid-gallery \" id=\"rl-gallery-1\" data-gallery_no=\"1\"> <div class=\"rl-gallery-item\"><a href=\"https:\/\/www.tandemtrafik.com.tr\/tr\/wp-content\/uploads\/2020\/03\/geri.jpg\" title=\"\" data-rl_title=\"\" class=\"rl-gallery-link\" data-rl_caption=\"\" data-rel=\"lightbox-gallery-1\"><img src=\"https:\/\/www.tandemtrafik.com.tr\/tr\/wp-content\/uploads\/2020\/03\/geri.jpg\" width=\"189\" height=\"319\" alt=\"\"\/><\/a><\/div><div class=\"rl-gallery-item\"><a href=\"https:\/\/www.tandemtrafik.com.tr\/tr\/wp-content\/uploads\/2020\/03\/geri2.jpg\" title=\"\" data-rl_title=\"\" class=\"rl-gallery-link\" data-rl_caption=\"\" data-rel=\"lightbox-gallery-1\"><img src=\"https:\/\/www.tandemtrafik.com.tr\/tr\/wp-content\/uploads\/2020\/03\/geri2.jpg\" width=\"194\" height=\"173\" alt=\"\"\/><\/a><\/div><div class=\"rl-gallery-item\"><a href=\"https:\/\/www.tandemtrafik.com.tr\/tr\/wp-content\/uploads\/2020\/03\/geri4.jpg\" title=\"\" data-rl_title=\"\" class=\"rl-gallery-link\" data-rl_caption=\"\" data-rel=\"lightbox-gallery-1\"><img src=\"https:\/\/www.tandemtrafik.com.tr\/tr\/wp-content\/uploads\/2020\/03\/geri4.jpg\" width=\"1000\" height=\"1000\" alt=\"\"\/><\/a><\/div> <\/div> <\/div>\n\n\n\n<br><p> \u2022 D\u0131\u015f kabinler %100 polikarbonat malzemeden ultraviole katk\u0131l\u0131 olarak enjeksiyon y\u00f6ntemi ile \u00fcretilmi\u015flerdir.<br>\u2022 Siyah, gri, turuncu veya istenen renkte imal edilebilmektedirler.<br>\u2022 KKC\u2019ndan ba\u011f\u0131ms\u0131z olarak kullan\u0131labilmektedirler. <\/p>\n","protected":false},"excerpt":{"rendered":"<p>\u2022 D\u0131\u015f kabinler %100 polikarbonat malzemeden ultraviole katk\u0131l\u0131 olarak enjeksiyon y\u00f6ntemi ile \u00fcretilmi\u015flerdir.\u2022 Siyah, gri, turuncu veya istenen renkte imal edilebilmektedirler.\u2022 KKC\u2019ndan ba\u011f\u0131ms\u0131z olarak kullan\u0131labilmektedirler.<\/p>\n","protected":false},"author":1,"featured_media":0,"parent":0,"menu_order":0,"comment_status":"closed","ping_status":"closed","template":"","meta":[],"_links":{"self":[{"href":"https:\/\/www.tandemtrafik.com.tr\/tr\/wp-json\/wp\/v2\/pages\/55"}],"collection":[{"href":"https:\/\/www.tandemtrafik.com.tr\/tr\/wp-json\/wp\/v2\/pages"}],"about":[{"href":"https:\/\/www.tandemtrafik.com.tr\/tr\/wp-json\/wp\/v2\/types\/page"}],"author":[{"embeddable":true,"href":"https:\/\/www.tandemtrafik.com.tr\/tr\/wp-json\/wp\/v2\/users\/1"}],"replies":[{"embeddable":true,"href":"https:\/\/www.tandemtrafik.com.tr\/tr\/wp-json\/wp\/v2\/comments?post=55"}],"version-history":[{"count":5,"href":"https:\/\/www.tandemtrafik.com.tr\/tr\/wp-json\/wp\/v2\/pages\/55\/revisions"}],"predecessor-version":[{"id":437,"href":"https:\/\/www.tandemtrafik.com.tr\/tr\/wp-json\/wp\/v2\/pages\/55\/revisions\/437"}],"wp:attachment":[{"href":"https:\/\/www.tandemtrafik.com.tr\/tr\/wp-json\/wp\/v2\/media?parent=55"}],"curies":[{"name":"wp","href":"https:\/\/api.w.org\/{rel}","templated":true}]}}