{"id":539,"date":"2020-03-16T15:46:06","date_gmt":"2020-03-16T12:46:06","guid":{"rendered":"https:\/\/tandemtrafik.com.tr\/tr\/?page_id=539"},"modified":"2020-12-22T16:09:43","modified_gmt":"2020-12-22T13:09:43","slug":"gunes-enerjili-urunler","status":"publish","type":"page","link":"https:\/\/www.tandemtrafik.com.tr\/tr\/gunes-enerjili-urunler\/","title":{"rendered":"G\u00fcne\u015f Enerjili \u00dcr\u00fcnler"},"content":{"rendered":"\n<div class=\"wp-block-columns is-layout-flex wp-container-3\">\n<div class=\"wp-block-column is-layout-flow\" style=\"flex-basis:66%\">\n<p>G\u00fcne\u015f Enerjili Fla\u015f\u00f6r, ya da di\u011fer ad\u0131yla&nbsp;Solar Fla\u015f\u00f6r, trafikte yol ve s\u00fcr\u00fc\u015f g\u00fcvenli\u011fini artt\u0131rmak amac\u0131yla tehlikeli olan b\u00f6lgelerde&nbsp;s\u00fcr\u00fcc\u00fcleri uyarmak&nbsp;i\u00e7in kullan\u0131l\u0131r. Yol \u00e7al\u0131\u015fmas\u0131 yap\u0131lan yerlerde&nbsp;ge\u00e7ici olarak, ref\u00fcj ba\u015flar\u0131, k\u00f6pr\u00fc ve t\u00fcnel giri\u015fleri gibi b\u00f6lgelerde&nbsp;s\u00fcrekli olarak&nbsp;s\u00fcr\u00fcc\u00fclerin etkin bir \u015fekilde uyar\u0131lmas\u0131 i\u00e7in tercih kullan\u0131lmaktad\u0131r.<\/p>\n\n\n\n<p>Uyar\u0131,&nbsp;\u0131\u015f\u0131\u011f\u0131n belirli aral\u0131klarla a\u00e7\u0131l\u0131p kapanmas\u0131yla&nbsp;sa\u011flan\u0131r. Bu s\u00fcre sistem \u00fczerindeki&nbsp;kontrol kart\u0131&nbsp;arac\u0131l\u0131\u011f\u0131yla ayarlanabilir<\/p>\n\n\n\n<p>G\u00fcne\u015f enerjili fla\u015f\u00f6rler, herhangi bir&nbsp;altyap\u0131 \u00e7al\u0131\u015fmas\u0131&nbsp;veya&nbsp;elektrik ba\u011flant\u0131s\u0131 gerektirmeden&nbsp;kolayl\u0131kla kurulabilir ve hemen devreye al\u0131nabilir.<\/p>\n\n\n\n<p>Enerjisini g\u00fcne\u015f \u0131\u015f\u0131\u011f\u0131ndan alan fla\u015f\u00f6r\u00fcn&nbsp;g\u00fcne\u015f paneli istenilen a\u00e7\u0131ya&nbsp;kolayca y\u00f6nlendirilebilir. Bu sayede g\u00fcne\u015f \u0131\u015f\u0131nlar\u0131ndan&nbsp;azami derecede yararlan\u0131lmas\u0131&nbsp;sa\u011flanabilir.<\/p>\n<\/div>\n\n\n\n<div class=\"wp-block-column is-layout-flow\" style=\"flex-basis:34%\">\n<figure class=\"wp-block-image size-large\"><img decoding=\"async\" loading=\"lazy\" width=\"1024\" height=\"768\" src=\"https:\/\/www.tandemtrafik.com.tr\/tr\/wp-content\/uploads\/2020\/12\/t5.jpg\" alt=\"\" class=\"wp-image-760\" srcset=\"https:\/\/www.tandemtrafik.com.tr\/tr\/wp-content\/uploads\/2020\/12\/t5.jpg 1024w, https:\/\/www.tandemtrafik.com.tr\/tr\/wp-content\/uploads\/2020\/12\/t5-300x225.jpg 300w, https:\/\/www.tandemtrafik.com.tr\/tr\/wp-content\/uploads\/2020\/12\/t5-768x576.jpg 768w\" sizes=\"(max-width: 1024px) 100vw, 1024px\" \/><\/figure>\n<\/div>\n<\/div>\n","protected":false},"excerpt":{"rendered":"<p>G\u00fcne\u015f Enerjili Fla\u015f\u00f6r, ya da di\u011fer ad\u0131yla&nbsp;Solar Fla\u015f\u00f6r, trafikte yol ve s\u00fcr\u00fc\u015f g\u00fcvenli\u011fini artt\u0131rmak amac\u0131yla tehlikeli olan b\u00f6lgelerde&nbsp;s\u00fcr\u00fcc\u00fcleri uyarmak&nbsp;i\u00e7in kullan\u0131l\u0131r. Yol \u00e7al\u0131\u015fmas\u0131 yap\u0131lan yerlerde&nbsp;ge\u00e7ici olarak, ref\u00fcj ba\u015flar\u0131, k\u00f6pr\u00fc ve t\u00fcnel giri\u015fleri gibi b\u00f6lgelerde&nbsp;s\u00fcrekli olarak&nbsp;s\u00fcr\u00fcc\u00fclerin etkin bir \u015fekilde uyar\u0131lmas\u0131 i\u00e7in tercih kullan\u0131lmaktad\u0131r. Uyar\u0131,&nbsp;\u0131\u015f\u0131\u011f\u0131n belirli aral\u0131klarla a\u00e7\u0131l\u0131p kapanmas\u0131yla&nbsp;sa\u011flan\u0131r. Bu s\u00fcre sistem \u00fczerindeki&nbsp;kontrol kart\u0131&nbsp;arac\u0131l\u0131\u011f\u0131yla ayarlanabilir G\u00fcne\u015f enerjili fla\u015f\u00f6rler, [&hellip;]<\/p>\n","protected":false},"author":1,"featured_media":0,"parent":0,"menu_order":0,"comment_status":"closed","ping_status":"closed","template":"","meta":[],"_links":{"self":[{"href":"https:\/\/www.tandemtrafik.com.tr\/tr\/wp-json\/wp\/v2\/pages\/539"}],"collection":[{"href":"https:\/\/www.tandemtrafik.com.tr\/tr\/wp-json\/wp\/v2\/pages"}],"about":[{"href":"https:\/\/www.tandemtrafik.com.tr\/tr\/wp-json\/wp\/v2\/types\/page"}],"author":[{"embeddable":true,"href":"https:\/\/www.tandemtrafik.com.tr\/tr\/wp-json\/wp\/v2\/users\/1"}],"replies":[{"embeddable":true,"href":"https:\/\/www.tandemtrafik.com.tr\/tr\/wp-json\/wp\/v2\/comments?post=539"}],"version-history":[{"count":5,"href":"https:\/\/www.tandemtrafik.com.tr\/tr\/wp-json\/wp\/v2\/pages\/539\/revisions"}],"predecessor-version":[{"id":762,"href":"https:\/\/www.tandemtrafik.com.tr\/tr\/wp-json\/wp\/v2\/pages\/539\/revisions\/762"}],"wp:attachment":[{"href":"https:\/\/www.tandemtrafik.com.tr\/tr\/wp-json\/wp\/v2\/media?parent=539"}],"curies":[{"name":"wp","href":"https:\/\/api.w.org\/{rel}","templated":true}]}}