{"id":490,"date":"2020-03-16T13:25:17","date_gmt":"2020-03-16T10:25:17","guid":{"rendered":"https:\/\/tandemtrafik.com.tr\/tr\/?page_id=490"},"modified":"2020-03-16T13:42:10","modified_gmt":"2020-03-16T10:42:10","slug":"100mm-sinyal-vericiler","status":"publish","type":"page","link":"https:\/\/www.tandemtrafik.com.tr\/tr\/100mm-sinyal-vericiler\/","title":{"rendered":"100mm Sinyal Vericiler"},"content":{"rendered":"\n<table width=\"100%\" cellspacing=\"0\" cellpadding=\"0\" border=\"0\" class=\"editor-table\"> \n  <tbody> \n    <tr> \n      <th colspan=\"2\" style=\"\n    padding: 8px;\n    border: 1px solid #5c5c5c;\n    text-align: center;\n    background: #d0d0d0;\n\">100 mm Sinyal Vericiler Teknik Bilgiler<\/th> \n    <\/tr> \n    <tr> \n      <td width=\"50%\" style=\"\n    padding: 8px;\n    border: 1px solid #5c5c5c;\n    text-align: center;\n\">G\u00f6vde Malzemesi<\/td> \n      <td width=\"50%\" style=\"\n    padding: 8px;\n    border: 1px solid #5c5c5c;\n    text-align: center;\n\">% 100UV Stabiliz\u00f6rl\u00fc Polikarbon<\/td> \n    <\/tr> \n    <tr> \n      <td style=\"\n    padding: 8px;\n    border: 1px solid #5c5c5c;\n    text-align: center;\n\">G\u00f6vde Renkleri<\/td> \n      <td style=\"\n    padding: 8px;\n    border: 1px solid #5c5c5c;\n    text-align: center;\n\">Siyah, Turuncu, Gri<\/td> \n    <\/tr> \n    <tr> \n      <td style=\"\n    padding: 8px;\n    border: 1px solid #5c5c5c;\n    text-align: center;\n\">LED Tipi<\/td> \n      <td style=\"\n    padding: 8px;\n    border: 1px solid #5c5c5c;\n    text-align: center;\n\">Power LED<\/td> \n    <\/tr> \n    <tr> \n      <td style=\"\n    padding: 8px;\n    border: 1px solid #5c5c5c;\n    text-align: center;\n\">\u00c7al\u0131\u015fma Voltaj\u0131<\/td> \n      <td style=\"\n    padding: 8px;\n    border: 1px solid #5c5c5c;\n    text-align: center;\n\">220 V AC<\/td> \n    <\/tr> \n  <\/tbody> \n<\/table>\n\n\n\n<figure class=\"wp-block-image size-large\"><img decoding=\"async\" loading=\"lazy\" width=\"930\" height=\"320\" src=\"https:\/\/tandemtrafik.com.tr\/tr\/wp-content\/uploads\/2020\/03\/100mm-sinyal-vericiler-1.jpg\" alt=\"\" class=\"wp-image-493\" srcset=\"https:\/\/www.tandemtrafik.com.tr\/tr\/wp-content\/uploads\/2020\/03\/100mm-sinyal-vericiler-1.jpg 930w, https:\/\/www.tandemtrafik.com.tr\/tr\/wp-content\/uploads\/2020\/03\/100mm-sinyal-vericiler-1-300x103.jpg 300w, https:\/\/www.tandemtrafik.com.tr\/tr\/wp-content\/uploads\/2020\/03\/100mm-sinyal-vericiler-1-768x264.jpg 768w\" sizes=\"(max-width: 930px) 100vw, 930px\" \/><\/figure>\n\n\n\n<table width=\"100%\" cellspacing=\"0\" cellpadding=\"0\" border=\"0\" class=\"editor-table\"> \n  <tbody> \n    <tr> \n      <th colspan=\"4\" style=\"\n    padding: 8px;\n    border: 1px solid #5c5c5c;\n    text-align: center;\n    background: #d0d0d0;\n\">100 mm Sinyal Vericiler<\/th> \n    <\/tr> \n    <tr> \n      <th style=\"\n    padding: 8px;\n    border: 1px solid #5c5c5c;\n    text-align: center;\n    background: #d0d0d0;\n\">\u00dcr\u00fcn Kodu<\/th> \n      <th style=\"\n    padding: 8px;\n    border: 1px solid #5c5c5c;\n    text-align: center;\n    background: #d0d0d0;\n\">\u00dcr\u00fcn Ad\u0131<\/th> \n      <th style=\"\n    padding: 8px;\n    border: 1px solid #5c5c5c;\n    text-align: center;\n    background: #d0d0d0;\n\">Lens Rengi<\/th> \n      <th style=\"\n    padding: 8px;\n    border: 1px solid #5c5c5c;\n    text-align: center;\n    background: #d0d0d0;\n\">\u00d6zellik<\/th> \n    <\/tr> \n    <tr> \n      <td style=\"\n    padding: 8px;\n    border: 1px solid #5c5c5c;\n    text-align: center;\n\">SH 100<\/td> \n      <td style=\"\n    padding: 8px;\n    border: 1px solid #5c5c5c;\n    text-align: center;\n\">100 mm K\/Y Sinyal Verici  (\u00dc\u00e7 \u00dcniteli)<\/td> \n      <td style=\"\n    padding: 8px;\n    border: 1px solid #5c5c5c;\n    text-align: center;\n\">Renksiz<\/td> \n      <td style=\"\n    padding: 8px;\n    border: 1px solid #5c5c5c;\n    text-align: center;\n\">Power LED<\/td> \n    <\/tr> \n    <tr> \n      <td style=\"\n    padding: 8px;\n    border: 1px solid #5c5c5c;\n    text-align: center;\n\">SH 101<\/td> \n      <td style=\"\n    padding: 8px;\n    border: 1px solid #5c5c5c;\n    text-align: center;\n\">100 mm K\/Y Sinyal Verici (\u00dc\u00e7 \u00dcniteli)<\/td> \n      <td style=\"\n    padding: 8px;\n    border: 1px solid #5c5c5c;\n    text-align: center;\n\">Renkli Lens<\/td> \n      <td style=\"\n    padding: 8px;\n    border: 1px solid #5c5c5c;\n    text-align: center;\n\">Power LED<\/td> \n    <\/tr> \n    <tr> \n      <td style=\"\n    padding: 8px;\n    border: 1px solid #5c5c5c;\n    text-align: center;\n\">SH 102<\/td> \n      <td style=\"\n    padding: 8px;\n    border: 1px solid #5c5c5c;\n    text-align: center;\n\">100 mm K\/Y Sinyal Verici (\u00dc\u00e7 \u00dcniteli)<\/td> \n      <td style=\"\n    padding: 8px;\n    border: 1px solid #5c5c5c;\n    text-align: center;\n\">Renksiz<\/td> \n      <td style=\"\n    padding: 8px;\n    border: 1px solid #5c5c5c;\n    text-align: center;\n\">5 mm LED<\/td> \n    <\/tr> \n    <tr> \n      <td style=\"\n    padding: 8px;\n    border: 1px solid #5c5c5c;\n    text-align: center;\n\">SH 103<\/td> \n      <td style=\"\n    padding: 8px;\n    border: 1px solid #5c5c5c;\n    text-align: center;\n\">100 mm K\/Y Sinyal Verici (\u00dc\u00e7 \u00dcniteli)<\/td> \n      <td style=\"\n    padding: 8px;\n    border: 1px solid #5c5c5c;\n    text-align: center;\n\">Renkli Lens<\/td> \n      <td style=\"\n    padding: 8px;\n    border: 1px solid #5c5c5c;\n    text-align: center;\n\">5 mm LED<\/td> \n    <\/tr> \n    <tr> \n      <td style=\"\n    padding: 8px;\n    border: 1px solid #5c5c5c;\n    text-align: center;\n\">SH 110<\/td> \n      <td style=\"\n    padding: 8px;\n    border: 1px solid #5c5c5c;\n    text-align: center;\n\">100 mm K\/S\/Y Sinyal Verici<\/td> \n      <td style=\"\n    padding: 8px;\n    border: 1px solid #5c5c5c;\n    text-align: center;\n\">Renksiz<\/td> \n      <td style=\"\n    padding: 8px;\n    border: 1px solid #5c5c5c;\n    text-align: center;\n\">Power LED<\/td> \n    <\/tr> \n    <tr> \n      <td style=\"\n    padding: 8px;\n    border: 1px solid #5c5c5c;\n    text-align: center;\n\">SH 111<\/td> \n      <td style=\"\n    padding: 8px;\n    border: 1px solid #5c5c5c;\n    text-align: center;\n\">100 mm K\/S\/Y Sinyal Verici<\/td> \n      <td style=\"\n    padding: 8px;\n    border: 1px solid #5c5c5c;\n    text-align: center;\n\">Renkli Lens<\/td> \n      <td style=\"\n    padding: 8px;\n    border: 1px solid #5c5c5c;\n    text-align: center;\n\">Power LED<\/td> \n    <\/tr> \n    <tr> \n      <td style=\"\n    padding: 8px;\n    border: 1px solid #5c5c5c;\n    text-align: center;\n\">SH 112<\/td> \n      <td style=\"\n    padding: 8px;\n    border: 1px solid #5c5c5c;\n    text-align: center;\n\">100 mm K\/S\/Y Sinyal Verici<\/td> \n      <td style=\"\n    padding: 8px;\n    border: 1px solid #5c5c5c;\n    text-align: center;\n\">Renksiz<\/td> \n      <td style=\"\n    padding: 8px;\n    border: 1px solid #5c5c5c;\n    text-align: center;\n\">5 mm LED<\/td> \n    <\/tr> \n    <tr> \n      <td style=\"\n    padding: 8px;\n    border: 1px solid #5c5c5c;\n    text-align: center;\n\">SH 113<\/td> \n      <td style=\"\n    padding: 8px;\n    border: 1px solid #5c5c5c;\n    text-align: center;\n\">100 mm K\/S\/Y Sinyal Verici<\/td> \n      <td style=\"\n    padding: 8px;\n    border: 1px solid #5c5c5c;\n    text-align: center;\n\">Renkli Lens<\/td> \n      <td style=\"\n    padding: 8px;\n    border: 1px solid #5c5c5c;\n    text-align: center;\n\">5 mm LED<\/td> \n    <\/tr> \n    <tr> \n      <td style=\"\n    padding: 8px;\n    border: 1px solid #5c5c5c;\n    text-align: center;\n\">SH 120<\/td> \n      <td style=\"\n    padding: 8px;\n    border: 1px solid #5c5c5c;\n    text-align: center;\n\">100 mm K\/S\/Y Sinyal Verici<\/td> \n      <td style=\"\n    padding: 8px;\n    border: 1px solid #5c5c5c;\n    text-align: center;\n\">Renksiz<\/td> \n      <td style=\"\n    padding: 8px;\n    border: 1px solid #5c5c5c;\n    text-align: center;\n\">Bisiklet Fig\u00fcrl\u00fc, Power LED\u2019li With<\/td> \n    <\/tr> \n    <tr> \n      <td style=\"\n    padding: 8px;\n    border: 1px solid #5c5c5c;\n    text-align: center;\n\">SH 130<\/td> \n      <td style=\"\n    padding: 8px;\n    border: 1px solid #5c5c5c;\n    text-align: center;\n\">100 mm K\/S\/Y Sinyal Verici<\/td> \n      <td style=\"\n    padding: 8px;\n    border: 1px solid #5c5c5c;\n    text-align: center;\n\">Renksiz<\/td> \n      <td style=\"\n    padding: 8px;\n    border: 1px solid #5c5c5c;\n    text-align: center;\n\">Ok Fig\u00fcrl\u00fc, Power LED\u2019li<\/td> \n    <\/tr> \n  <\/tbody> \n<\/table>\n\n\n\n<br><table width=\"100%\" cellspacing=\"0\" cellpadding=\"0\" border=\"0\" class=\"editor-table\"> \n  <tbody> \n    <tr> \n      <th colspan=\"4\" style=\"\n    padding: 8px;\n    border: 1px solid #5c5c5c;\n    text-align: center;\n    background: #d0d0d0;\n\">LED MOD\u00dcLLER<\/th> \n    <\/tr> \n    <tr> \n      <th style=\"\n    padding: 8px;\n    border: 1px solid #5c5c5c;\n    text-align: center;\n    background: #d0d0d0;\n\">\u00dcr\u00fcn Kodu<\/th> \n      <th style=\"\n    padding: 8px;\n    border: 1px solid #5c5c5c;\n    text-align: center;\n    background: #d0d0d0;\n\">\u00dcr\u00fcn Ad\u0131<\/th> \n      <th style=\"\n    padding: 8px;\n    border: 1px solid #5c5c5c;\n    text-align: center;\n    background: #d0d0d0;\n\">Lens Rengi<\/th> \n      <th style=\"\n    padding: 8px;\n    border: 1px solid #5c5c5c;\n    text-align: center;\n    background: #d0d0d0;\n\">\u00d6zellikler<\/th> \n    <\/tr> \n    <tr> \n      <td style=\"\n    padding: 8px;\n    border: 1px solid #5c5c5c;\n    text-align: center;\n\">SV X4241 KK<\/td> \n      <td style=\"\n    padding: 8px;\n    border: 1px solid #5c5c5c;\n    text-align: center;\n\">200 mm K\u0131rm\u0131z\u0131 Mod\u00fcl<\/td> \n      <td style=\"\n    padding: 8px;\n    border: 1px solid #5c5c5c;\n    text-align: center;\n\">K\u0131rm\u0131z\u0131<\/td> \n      <td><br><\/td> \n    <\/tr> \n    <tr> \n      <td style=\"\n    padding: 8px;\n    border: 1px solid #5c5c5c;\n    text-align: center;\n\">SV X4242 KN<\/td> \n      <td style=\"\n    padding: 8px;\n    border: 1px solid #5c5c5c;\n    text-align: center;\n\">200 mm K\u0131rm\u0131z\u0131 Mod\u00fcl<\/td> \n      <td style=\"\n    padding: 8px;\n    border: 1px solid #5c5c5c;\n    text-align: center;\n\">Renksiz<\/td> \n      <td style=\"\n    padding: 8px;\n    border: 1px solid #5c5c5c;\n    text-align: center;\n\"><br><\/td> \n    <\/tr> \n    <tr> \n      <td style=\"\n    padding: 8px;\n    border: 1px solid #5c5c5c;\n    text-align: center;\n\">SV X4291 KKO<\/td> \n      <td style=\"\n    padding: 8px;\n    border: 1px solid #5c5c5c;\n    text-align: center;\n\">200 mm K\u0131rm\u0131z\u0131 Mod\u00fcl<\/td> \n      <td style=\"\n    padding: 8px;\n    border: 1px solid #5c5c5c;\n    text-align: center;\n\">K\u0131rm\u0131z\u0131<\/td> \n      <td style=\"\n    padding: 8px;\n    border: 1px solid #5c5c5c;\n    text-align: center;\n\">Ok Fig\u00fcrl\u00fc<\/td> \n    <\/tr> \n    <tr> \n      <td style=\"\n    padding: 8px;\n    border: 1px solid #5c5c5c;\n    text-align: center;\n\">SV X4294 KNO<\/td> \n      <td style=\"\n    padding: 8px;\n    border: 1px solid #5c5c5c;\n    text-align: center;\n\">200 mm K\u0131rm\u0131z\u0131 Mod\u00fcl<\/td> \n      <td style=\"\n    padding: 8px;\n    border: 1px solid #5c5c5c;\n    text-align: center;\n\">Renksiz<\/td> \n      <td style=\"\n    padding: 8px;\n    border: 1px solid #5c5c5c;\n    text-align: center;\n\">Ok Fig\u00fcrl\u00fc<\/td> \n    <\/tr> \n    <tr> \n      <td style=\"\n    padding: 8px;\n    border: 1px solid #5c5c5c;\n    text-align: center;\n\">SV X4255 KKD<\/td> \n      <td style=\"\n    padding: 8px;\n    border: 1px solid #5c5c5c;\n    text-align: center;\n\">200 mm K\u0131rm\u0131z\u0131 Mod\u00fcl<\/td> \n      <td style=\"\n    padding: 8px;\n    border: 1px solid #5c5c5c;\n    text-align: center;\n\">K\u0131rm\u0131z\u0131<\/td> \n      <td style=\"\n    padding: 8px;\n    border: 1px solid #5c5c5c;\n    text-align: center;\n\"> Duran Adam Fig\u00fcrl\u00fc<\/td> \n    <\/tr> \n    <tr> \n      <td style=\"\n    padding: 8px;\n    border: 1px solid #5c5c5c;\n    text-align: center;\n\">SV X4256 KND<\/td> \n      <td style=\"\n    padding: 8px;\n    border: 1px solid #5c5c5c;\n    text-align: center;\n\">200 mm K\u0131rm\u0131z\u0131 Mod\u00fcl<\/td> \n      <td style=\"\n    padding: 8px;\n    border: 1px solid #5c5c5c;\n    text-align: center;\n\">Renksiz<\/td> \n      <td style=\"\n    padding: 8px;\n    border: 1px solid #5c5c5c;\n    text-align: center;\n\"> Duran Adam Fig\u00fcrl\u00fc<\/td> \n    <\/tr> \n    <tr> \n      <td style=\"\n    padding: 8px;\n    border: 1px solid #5c5c5c;\n    text-align: center;\n\">SV X4245 SS<\/td> \n      <td style=\"\n    padding: 8px;\n    border: 1px solid #5c5c5c;\n    text-align: center;\n\">200 mm Sar\u0131 Mod\u00fcl<\/td> \n      <td style=\"\n    padding: 8px;\n    border: 1px solid #5c5c5c;\n    text-align: center;\n\">Amber<\/td> \n      <td><br><\/td> \n    <\/tr> \n    <tr> \n      <td style=\"\n    padding: 8px;\n    border: 1px solid #5c5c5c;\n    text-align: center;\n\">SV X4246 SN<\/td> \n      <td style=\"\n    padding: 8px;\n    border: 1px solid #5c5c5c;\n    text-align: center;\n\">200 mm Sar\u0131 Mod\u00fcl<\/td> \n      <td style=\"\n    padding: 8px;\n    border: 1px solid #5c5c5c;\n    text-align: center;\n\">Renksiz<\/td> \n      <td style=\"\n    padding: 8px;\n    border: 1px solid #5c5c5c;\n    text-align: center;\n\"><br><\/td> \n    <\/tr> \n    <tr> \n      <td style=\"\n    padding: 8px;\n    border: 1px solid #5c5c5c;\n    text-align: center;\n\">SV X4292 SSO<\/td> \n      <td style=\"\n    padding: 8px;\n    border: 1px solid #5c5c5c;\n    text-align: center;\n\">200 mm Sar\u0131 Mod\u00fcl<\/td> \n      <td style=\"\n    padding: 8px;\n    border: 1px solid #5c5c5c;\n    text-align: center;\n\">Amber<\/td> \n      <td style=\"\n    padding: 8px;\n    border: 1px solid #5c5c5c;\n    text-align: center;\n\">Ok Fig\u00fcrl\u00fc<\/td> \n    <\/tr> \n    <tr> \n      <td style=\"\n    padding: 8px;\n    border: 1px solid #5c5c5c;\n    text-align: center;\n\">SV X4295 SNO<\/td> \n      <td style=\"\n    padding: 8px;\n    border: 1px solid #5c5c5c;\n    text-align: center;\n\">200 mm Sar\u0131 Mod\u00fcl<\/td> \n      <td style=\"\n    padding: 8px;\n    border: 1px solid #5c5c5c;\n    text-align: center;\n\">Renksiz<\/td> \n      <td style=\"\n    padding: 8px;\n    border: 1px solid #5c5c5c;\n    text-align: center;\n\">Ok Fig\u00fcrl\u00fc<\/td> \n    <\/tr> \n    <tr> \n      <td style=\"\n    padding: 8px;\n    border: 1px solid #5c5c5c;\n    text-align: center;\n\">SV X4250 YY<\/td> \n      <td style=\"\n    padding: 8px;\n    border: 1px solid #5c5c5c;\n    text-align: center;\n\">200 mm Ye\u015fil Mod\u00fcl<\/td> \n      <td style=\"\n    padding: 8px;\n    border: 1px solid #5c5c5c;\n    text-align: center;\n\">Ye\u015fil<\/td> \n      <td style=\"\n    padding: 8px;\n    border: 1px solid #5c5c5c;\n    text-align: center;\n\"><br><\/td> \n    <\/tr> \n    <tr> \n      <td style=\"\n    padding: 8px;\n    border: 1px solid #5c5c5c;\n    text-align: center;\n\">SV X4251 YN<\/td> \n      <td style=\"\n    padding: 8px;\n    border: 1px solid #5c5c5c;\n    text-align: center;\n\">200 mm Ye\u015fil Mod\u00fcl<\/td> \n      <td style=\"\n    padding: 8px;\n    border: 1px solid #5c5c5c;\n    text-align: center;\n\">Renksiz<\/td> \n      <td><br><\/td> \n    <\/tr> \n    <tr> \n      <td style=\"\n    padding: 8px;\n    border: 1px solid #5c5c5c;\n    text-align: center;\n\">SV X4293 YYO<\/td> \n      <td style=\"\n    padding: 8px;\n    border: 1px solid #5c5c5c;\n    text-align: center;\n\">200 mm Ye\u015fil Mod\u00fcl<\/td> \n      <td style=\"\n    padding: 8px;\n    border: 1px solid #5c5c5c;\n    text-align: center;\n\">Ye\u015fil<\/td> \n      <td style=\"\n    padding: 8px;\n    border: 1px solid #5c5c5c;\n    text-align: center;\n\">Ok Fig\u00fcrl\u00fc<\/td> \n    <\/tr> \n    <tr> \n      <td style=\"\n    padding: 8px;\n    border: 1px solid #5c5c5c;\n    text-align: center;\n\">SV X4296 YNO<\/td> \n      <td style=\"\n    padding: 8px;\n    border: 1px solid #5c5c5c;\n    text-align: center;\n\">200 mm Ye\u015fil Mod\u00fcl<\/td> \n      <td style=\"\n    padding: 8px;\n    border: 1px solid #5c5c5c;\n    text-align: center;\n\">Renksiz <\/td> \n      <td style=\"\n    padding: 8px;\n    border: 1px solid #5c5c5c;\n    text-align: center;\n\">Ok Fig\u00fcrl\u00fc<\/td> \n    <\/tr> \n    <tr> \n      <td style=\"\n    padding: 8px;\n    border: 1px solid #5c5c5c;\n    text-align: center;\n\">SV X4260 YYY<\/td> \n      <td style=\"\n    padding: 8px;\n    border: 1px solid #5c5c5c;\n    text-align: center;\n\">200 mm Ye\u015fil Mod\u00fcl<\/td> \n      <td style=\"\n    padding: 8px;\n    border: 1px solid #5c5c5c;\n    text-align: center;\n\">Ye\u015fil<\/td> \n      <td style=\"\n    padding: 8px;\n    border: 1px solid #5c5c5c;\n    text-align: center;\n\"> Y\u00fcr\u00fcyen Adam Fig\u00fcrl\u00fc<\/td> \n    <\/tr> \n    <tr> \n      <td style=\"\n    padding: 8px;\n    border: 1px solid #5c5c5c;\n    text-align: center;\n\">SV X4261 YNY<\/td> \n      <td style=\"\n    padding: 8px;\n    border: 1px solid #5c5c5c;\n    text-align: center;\n\">200 mm Ye\u015fil Mod\u00fcl<\/td> \n      <td style=\"\n    padding: 8px;\n    border: 1px solid #5c5c5c;\n    text-align: center;\n\">Renksiz<\/td> \n      <td style=\"\n    padding: 8px;\n    border: 1px solid #5c5c5c;\n    text-align: center;\n\"> Y\u00fcr\u00fcyen Adam Fig\u00fcrl\u00fc<\/td> \n    <\/tr> \n    <tr> \n      <td style=\"\n    padding: 8px;\n    border: 1px solid #5c5c5c;\n    text-align: center;\n\">SV X4341 KK<\/td> \n      <td style=\"\n    padding: 8px;\n    border: 1px solid #5c5c5c;\n    text-align: center;\n\">300 mm K\u0131rm\u0131z\u0131 Mod\u00fcl<\/td> \n      <td style=\"\n    padding: 8px;\n    border: 1px solid #5c5c5c;\n    text-align: center;\n\">K\u0131rm\u0131z\u0131<\/td> \n      <td style=\"\n    padding: 8px;\n    border: 1px solid #5c5c5c;\n    text-align: center;\n\"><br><\/td> \n    <\/tr> \n    <tr> \n      <td style=\"\n    padding: 8px;\n    border: 1px solid #5c5c5c;\n    text-align: center;\n\">SV X4342 KN<\/td> \n      <td style=\"\n    padding: 8px;\n    border: 1px solid #5c5c5c;\n    text-align: center;\n\">300 mm K\u0131rm\u0131z\u0131 Mod\u00fcl<\/td> \n      <td style=\"\n    padding: 8px;\n    border: 1px solid #5c5c5c;\n    text-align: center;\n\">Renksiz<\/td> \n      <td><br><\/td> \n    <\/tr> \n    <tr> \n      <td style=\"\n    padding: 8px;\n    border: 1px solid #5c5c5c;\n    text-align: center;\n\">SV X4391 KKO<\/td> \n      <td style=\"\n    padding: 8px;\n    border: 1px solid #5c5c5c;\n    text-align: center;\n\">300 mm K\u0131rm\u0131z\u0131 Mod\u00fcl<\/td> \n      <td style=\"\n    padding: 8px;\n    border: 1px solid #5c5c5c;\n    text-align: center;\n\">K\u0131rm\u0131z\u0131<\/td> \n      <td style=\"\n    padding: 8px;\n    border: 1px solid #5c5c5c;\n    text-align: center;\n\">Ok Fig\u00fcrl\u00fc<\/td> \n    <\/tr> \n    <tr> \n      <td style=\"\n    padding: 8px;\n    border: 1px solid #5c5c5c;\n    text-align: center;\n\">SV X4394 KNO<\/td> \n      <td style=\"\n    padding: 8px;\n    border: 1px solid #5c5c5c;\n    text-align: center;\n\">300 mm K\u0131rm\u0131z\u0131 Mod\u00fcl<\/td> \n      <td style=\"\n    padding: 8px;\n    border: 1px solid #5c5c5c;\n    text-align: center;\n\">Renksiz<\/td> \n      <td style=\"\n    padding: 8px;\n    border: 1px solid #5c5c5c;\n    text-align: center;\n\">Ok Fig\u00fcrl\u00fc<\/td> \n    <\/tr> \n    <tr> \n      <td style=\"\n    padding: 8px;\n    border: 1px solid #5c5c5c;\n    text-align: center;\n\">SV X4345 SS<\/td> \n      <td style=\"\n    padding: 8px;\n    border: 1px solid #5c5c5c;\n    text-align: center;\n\">300 mm Sar\u0131 Mod\u00fcl<\/td> \n      <td style=\"\n    padding: 8px;\n    border: 1px solid #5c5c5c;\n    text-align: center;\n\">Amber<\/td> \n      <td style=\"\n    padding: 8px;\n    border: 1px solid #5c5c5c;\n    text-align: center;\n\"><br><\/td> \n    <\/tr> \n    <tr> \n      <td style=\"\n    padding: 8px;\n    border: 1px solid #5c5c5c;\n    text-align: center;\n\">SV X4346 SN<\/td> \n      <td style=\"\n    padding: 8px;\n    border: 1px solid #5c5c5c;\n    text-align: center;\n\">300 mm Sar\u0131 Mod\u00fcl<\/td> \n      <td style=\"\n    padding: 8px;\n    border: 1px solid #5c5c5c;\n    text-align: center;\n\">Renksiz<\/td> \n      <td><br><\/td> \n    <\/tr> \n    <tr> \n      <td style=\"\n    padding: 8px;\n    border: 1px solid #5c5c5c;\n    text-align: center;\n\">SV X4392 SSO<\/td> \n      <td style=\"\n    padding: 8px;\n    border: 1px solid #5c5c5c;\n    text-align: center;\n\">300 mm Sar\u0131 Mod\u00fcl<\/td> \n      <td style=\"\n    padding: 8px;\n    border: 1px solid #5c5c5c;\n    text-align: center;\n\">Amber<\/td> \n      <td style=\"\n    padding: 8px;\n    border: 1px solid #5c5c5c;\n    text-align: center;\n\">Ok Fig\u00fcrl\u00fc<\/td> \n    <\/tr> \n    <tr> \n      <td style=\"\n    padding: 8px;\n    border: 1px solid #5c5c5c;\n    text-align: center;\n\">SV X4395 SNO<\/td> \n      <td style=\"\n    padding: 8px;\n    border: 1px solid #5c5c5c;\n    text-align: center;\n\">300 mm Sar\u0131 Mod\u00fcl<\/td> \n      <td style=\"\n    padding: 8px;\n    border: 1px solid #5c5c5c;\n    text-align: center;\n\">Renksiz<\/td> \n      <td style=\"\n    padding: 8px;\n    border: 1px solid #5c5c5c;\n    text-align: center;\n\">Ok Fig\u00fcrl\u00fc<\/td> \n    <\/tr> \n    <tr> \n      <td style=\"\n    padding: 8px;\n    border: 1px solid #5c5c5c;\n    text-align: center;\n\">SV X4350 YY<\/td> \n      <td style=\"\n    padding: 8px;\n    border: 1px solid #5c5c5c;\n    text-align: center;\n\">300 mm Ye\u015fil Mod\u00fcl<\/td> \n      <td style=\"\n    padding: 8px;\n    border: 1px solid #5c5c5c;\n    text-align: center;\n\">Ye\u015fil<\/td> \n      <td style=\"\n    padding: 8px;\n    border: 1px solid #5c5c5c;\n    text-align: center;\n\"><br><\/td> \n    <\/tr> \n    <tr> \n      <td style=\"\n    padding: 8px;\n    border: 1px solid #5c5c5c;\n    text-align: center;\n\">SV X4351 YN<\/td> \n      <td style=\"\n    padding: 8px;\n    border: 1px solid #5c5c5c;\n    text-align: center;\n\">300 mm Ye\u015fil Mod\u00fcl<\/td> \n      <td style=\"\n    padding: 8px;\n    border: 1px solid #5c5c5c;\n    text-align: center;\n\">Renksiz<\/td> \n      <td style=\"\n    padding: 8px;\n    border: 1px solid #5c5c5c;\n    text-align: center;\n\"><br><\/td> \n    <\/tr> \n    <tr> \n      <td style=\"\n    padding: 8px;\n    border: 1px solid #5c5c5c;\n    text-align: center;\n\">SV X4393 YYO<\/td> \n      <td style=\"\n    padding: 8px;\n    border: 1px solid #5c5c5c;\n    text-align: center;\n\">300 mm Ye\u015fil Mod\u00fcl<\/td> \n      <td style=\"\n    padding: 8px;\n    border: 1px solid #5c5c5c;\n    text-align: center;\n\">Ye\u015fil<\/td> \n      <td style=\"\n    padding: 8px;\n    border: 1px solid #5c5c5c;\n    text-align: center;\n\">Ok Fig\u00fcrl\u00fc<\/td> \n    <\/tr> \n    <tr> \n      <td style=\"\n    padding: 8px;\n    border: 1px solid #5c5c5c;\n    text-align: center;\n\">SV X4396 YNO<\/td> \n      <td style=\"\n    padding: 8px;\n    border: 1px solid #5c5c5c;\n    text-align: center;\n\">300 mm Ye\u015fil Mod\u00fcl<\/td> \n      <td style=\"\n    padding: 8px;\n    border: 1px solid #5c5c5c;\n    text-align: center;\n\">Renksiz<\/td> \n      <td style=\"\n    padding: 8px;\n    border: 1px solid #5c5c5c;\n    text-align: center;\n\">Ok Fig\u00fcrl\u00fc<\/td> \n    <\/tr> \n  <\/tbody> \n<\/table>\n","protected":false},"excerpt":{"rendered":"<p>100 mm Sinyal Vericiler Teknik Bilgiler G\u00f6vde Malzemesi % 100UV Stabiliz\u00f6rl\u00fc Polikarbon G\u00f6vde Renkleri Siyah, Turuncu, Gri LED Tipi Power LED \u00c7al\u0131\u015fma Voltaj\u0131 220 V AC 100 mm Sinyal Vericiler \u00dcr\u00fcn Kodu \u00dcr\u00fcn Ad\u0131 Lens Rengi \u00d6zellik SH 100 100 mm K\/Y Sinyal Verici (\u00dc\u00e7 \u00dcniteli) Renksiz Power LED SH 101 100 mm K\/Y Sinyal [&hellip;]<\/p>\n","protected":false},"author":1,"featured_media":0,"parent":0,"menu_order":0,"comment_status":"closed","ping_status":"closed","template":"","meta":[],"_links":{"self":[{"href":"https:\/\/www.tandemtrafik.com.tr\/tr\/wp-json\/wp\/v2\/pages\/490"}],"collection":[{"href":"https:\/\/www.tandemtrafik.com.tr\/tr\/wp-json\/wp\/v2\/pages"}],"about":[{"href":"https:\/\/www.tandemtrafik.com.tr\/tr\/wp-json\/wp\/v2\/types\/page"}],"author":[{"embeddable":true,"href":"https:\/\/www.tandemtrafik.com.tr\/tr\/wp-json\/wp\/v2\/users\/1"}],"replies":[{"embeddable":true,"href":"https:\/\/www.tandemtrafik.com.tr\/tr\/wp-json\/wp\/v2\/comments?post=490"}],"version-history":[{"count":7,"href":"https:\/\/www.tandemtrafik.com.tr\/tr\/wp-json\/wp\/v2\/pages\/490\/revisions"}],"predecessor-version":[{"id":498,"href":"https:\/\/www.tandemtrafik.com.tr\/tr\/wp-json\/wp\/v2\/pages\/490\/revisions\/498"}],"wp:attachment":[{"href":"https:\/\/www.tandemtrafik.com.tr\/tr\/wp-json\/wp\/v2\/media?parent=490"}],"curies":[{"name":"wp","href":"https:\/\/api.w.org\/{rel}","templated":true}]}}