{"id":483,"date":"2020-03-16T13:01:53","date_gmt":"2020-03-16T10:01:53","guid":{"rendered":"https:\/\/tandemtrafik.com.tr\/tr\/?page_id=483"},"modified":"2020-03-16T13:06:26","modified_gmt":"2020-03-16T10:06:26","slug":"unitra-serisi-led-moduller","status":"publish","type":"page","link":"https:\/\/www.tandemtrafik.com.tr\/tr\/unitra-serisi-led-moduller\/","title":{"rendered":"Unitra Serisi LED Mod\u00fcller"},"content":{"rendered":"\n<table width=\"100%\" border=\"0\" cellspacing=\"0\" cellpadding=\"0\" class=\"editor-table\">\n  <tbody><tr>\n    <th style=\"\n    padding: 8px;\n    border: 1px solid #5c5c5c;\n    background: #d0d0d0;\n    text-align: center;\n\">\u00dcR\u00dcN GURUBU<\/th>\n    <th colspan=\"2\" style=\"\n    padding: 8px;\n    border: 1px solid #5c5c5c;\n    background: #d0d0d0;\n    text-align: center;\n\">Unitra Serisi LED Mod\u00fcller<\/th>\n  <\/tr>\n  <tr>\n    <th style=\"\n    padding: 8px;\n    border: 1px solid #5c5c5c;\n    background: #d0d0d0;\n    text-align: center;\n\">\u00dcretici<\/th>\n    <th colspan=\"2\" style=\"\n    padding: 8px;\n    border: 1px solid #5c5c5c;\n    background: #d0d0d0;\n    text-align: center;\n\">Tandem T\u00dcRK\u0130YE<\/th>\n  <\/tr>\n  <tr style=\"\n    text-align: center;\n\">\n    <th style=\"\n    padding: 8px;\n    border: 1px solid #5c5c5c;\n    background: #d0d0d0;\n    text-align: center;\n\">\u00c7ap<\/th>\n    <th style=\"\n    padding: 8px;\n    border: 1px solid #5c5c5c;\n    background: #d0d0d0;\n    text-align: center;\n\">200 mm<\/th>\n    <th style=\"\n    padding: 8px;\n    border: 1px solid #5c5c5c;\n    background: #d0d0d0;\n    text-align: center;\n\">300 mm<\/th>\n  <\/tr>\n  <tr style=\"\n    text-align: center;\n\">\n    <td style=\"\n    padding: 8px;\n    border: 1px solid #5c5c5c;\n\">I\u015f\u0131ma \u015eiddeti<\/td>\n    <td colspan=\"2\" style=\"\n    padding: 8px;\n    border: 1px solid #5c5c5c;\n    text-align: center;\n\">&gt;100 cd<\/td>\n  <\/tr>\n  <tr style=\"\n    text-align: center;\n\">\n    <td style=\"\n    padding: 8px;\n    border: 1px solid #5c5c5c;\n\">Optik Performans<\/td>\n    <td colspan=\"2\" style=\"\n    padding: 8px;\n    border: 1px solid #5c5c5c;\n    text-align: center;\n\">B 1\/2 W, S\u0131n\u0131f 3<\/td>\n  <\/tr>\n  <tr style=\"\n    text-align: center;\n\">\n    <td style=\"\n    padding: 8px;\n    border: 1px solid #5c5c5c;\n\">LED Tipi<\/td>\n    <td colspan=\"2\" style=\"\n    padding: 8px;\n    border: 1px solid #5c5c5c;\n    text-align: center;\n\">Power LED ( Osram )<\/td>\n  <\/tr>\n  <tr style=\"\n    text-align: center;\n\">\n    <td style=\"\n    padding: 8px;\n    border: 1px solid #5c5c5c;\n\">Yan\u0131lt\u0131c\u0131 Sinyal S\u0131n\u0131f\u0131<\/td>\n    <td style=\"\n    padding: 8px;\n    border: 1px solid #5c5c5c;\n    text-align: center;\n\">S\u0131n\u0131f 3<\/td>\n    <td style=\"\n    padding: 8px;\n    border: 1px solid #5c5c5c;\n    text-align: center;\n\">S\u0131n\u0131f 1<\/td>\n  <\/tr>\n  <tr style=\"\n    text-align: center;\n\">\n    <td style=\"\n    padding: 8px;\n    border: 1px solid #5c5c5c;\n\">PF<\/td>\n    <td colspan=\"2\" style=\"\n    padding: 8px;\n    border: 1px solid #5c5c5c;\n    text-align: center;\n\">&gt;0,95<\/td>\n  <\/tr>\n  <tr style=\"\n    text-align: center;\n\">\n    <td style=\"\n    padding: 8px;\n    border: 1px solid #5c5c5c;\n\">\u00c7al\u0131\u015fma Voltaj\u0131 ve Frekans<\/td>\n    <td colspan=\"2\" style=\"\n    padding: 8px;\n    border: 1px solid #5c5c5c;\n    text-align: center;\n\">230 V AC , 50 Hz<\/td>\n  <\/tr>\n  <tr style=\"\n    text-align: center;\n\">\n    <td style=\"\n    padding: 8px;\n    border: 1px solid #5c5c5c;\n\">G\u00fc\u00e7 T\u00fcketimi<\/td>\n    <td colspan=\"2\" style=\"\n    padding: 8px;\n    border: 1px solid #5c5c5c;\n    text-align: center;\n\">&lt; 9 W<\/td>\n  <\/tr>\n  <tr style=\"\n    text-align: center;\n\">\n    <td style=\"\n    padding: 8px;\n    border: 1px solid #5c5c5c;\n\">EMC<\/td>\n    <td colspan=\"2\" style=\"\n    padding: 8px;\n    border: 1px solid #5c5c5c;\n    text-align: center;\n\">TS  EN  50293\u2019e uygun<\/td>\n  <\/tr>\n  <tr style=\"\n    text-align: center;\n\">\n    <td style=\"\n    padding: 8px;\n    border: 1px solid #5c5c5c;\n\">\u00c7al\u0131\u015fma S\u0131cakl\u0131\u011f\u0131<\/td>\n    <td colspan=\"2\" style=\"\n    padding: 8px;\n    border: 1px solid #5c5c5c;\n    text-align: center;\n\">S\u0131n\u0131f B, C;  -25   C +55  C<\/td>\n  <\/tr>\n  <tr style=\"\n    text-align: center;\n\">\n    <td style=\"\n    padding: 8px;\n    border: 1px solid #5c5c5c;\n\">Koruma S\u0131n\u0131f\u0131 ve Derecesi<\/td>\n    <td colspan=\"2\" style=\"\n    padding: 8px;\n    border: 1px solid #5c5c5c;\n    text-align: center;\n\">S\u0131n\u0131f IV, IP 55<\/td>\n  <\/tr>\n  <tr style=\"\n    text-align: center;\n\">\n    <td style=\"\n    padding: 8px;\n    border: 1px solid #5c5c5c;\n\">Darbe Dayan\u0131m\u0131<\/td>\n    <td colspan=\"2\" style=\"\n    padding: 8px;\n    border: 1px solid #5c5c5c;\n    text-align: center;\n\">IR3<\/td>\n  <\/tr>\n  <tr style=\"\n    text-align: center;\n\">\n    <td style=\"\n    padding: 8px;\n    border: 1px solid #5c5c5c;\n\">Lens ve G\u00f6vde Malzemesi<\/td>\n    <td colspan=\"2\" style=\"\n    padding: 8px;\n    border: 1px solid #5c5c5c;\n    text-align: center;\n\">% 100 Polikarbon <\/td>\n  <\/tr>\n  <tr style=\"\n    text-align: center;\n\">\n    <td style=\"\n    padding: 8px;\n    border: 1px solid #5c5c5c;\n\">A\u011f\u0131rl\u0131k<\/td>\n    <td style=\"\n    padding: 8px;\n    border: 1px solid #5c5c5c;\n\">650 gr<\/td>\n    <td style=\"\n    padding: 8px;\n    border: 1px solid #5c5c5c;\n\">1300 gr<\/td>\n  <\/tr>\n  <tr style=\"\n    text-align: center;\n\">\n    <td style=\"\n    padding: 8px;\n    border: 1px solid #5c5c5c;\n\">Boyutlar<\/td>\n    <td style=\"\n    padding: 8px;\n    border: 1px solid #5c5c5c;\n\">\u00d8 200 x 110 mm<\/td>\n    <td style=\"\n    padding: 8px;\n    border: 1px solid #5c5c5c;\n\">\u00d8 270 x 134 mm<\/td>\n  <\/tr>\n<\/tbody><\/table>\n\n\n\n<div class=\"wp-block-columns is-layout-flex wp-container-3\">\n<div class=\"wp-block-column is-layout-flow\" style=\"flex-basis:66.66%\">\n<figure class=\"wp-block-image size-large\"><img decoding=\"async\" loading=\"lazy\" width=\"930\" height=\"165\" src=\"https:\/\/tandemtrafik.com.tr\/tr\/wp-content\/uploads\/2020\/03\/unitra-series-led-modules.jpg\" alt=\"\" class=\"wp-image-485\" srcset=\"https:\/\/www.tandemtrafik.com.tr\/tr\/wp-content\/uploads\/2020\/03\/unitra-series-led-modules.jpg 930w, https:\/\/www.tandemtrafik.com.tr\/tr\/wp-content\/uploads\/2020\/03\/unitra-series-led-modules-300x53.jpg 300w, https:\/\/www.tandemtrafik.com.tr\/tr\/wp-content\/uploads\/2020\/03\/unitra-series-led-modules-768x136.jpg 768w\" sizes=\"(max-width: 930px) 100vw, 930px\" \/><\/figure>\n<\/div>\n\n\n\n<div class=\"wp-block-column is-layout-flow\" style=\"flex-basis:33.33%\"><\/div>\n<\/div>\n","protected":false},"excerpt":{"rendered":"<p>\u00dcR\u00dcN GURUBU Unitra Serisi LED Mod\u00fcller \u00dcretici Tandem T\u00dcRK\u0130YE \u00c7ap 200 mm 300 mm I\u015f\u0131ma \u015eiddeti &gt;100 cd Optik Performans B 1\/2 W, S\u0131n\u0131f 3 LED Tipi Power LED ( Osram ) Yan\u0131lt\u0131c\u0131 Sinyal S\u0131n\u0131f\u0131 S\u0131n\u0131f 3 S\u0131n\u0131f 1 PF &gt;0,95 \u00c7al\u0131\u015fma Voltaj\u0131 ve Frekans 230 V AC , 50 Hz G\u00fc\u00e7 T\u00fcketimi &lt; 9 [&hellip;]<\/p>\n","protected":false},"author":1,"featured_media":0,"parent":0,"menu_order":0,"comment_status":"closed","ping_status":"closed","template":"","meta":[],"_links":{"self":[{"href":"https:\/\/www.tandemtrafik.com.tr\/tr\/wp-json\/wp\/v2\/pages\/483"}],"collection":[{"href":"https:\/\/www.tandemtrafik.com.tr\/tr\/wp-json\/wp\/v2\/pages"}],"about":[{"href":"https:\/\/www.tandemtrafik.com.tr\/tr\/wp-json\/wp\/v2\/types\/page"}],"author":[{"embeddable":true,"href":"https:\/\/www.tandemtrafik.com.tr\/tr\/wp-json\/wp\/v2\/users\/1"}],"replies":[{"embeddable":true,"href":"https:\/\/www.tandemtrafik.com.tr\/tr\/wp-json\/wp\/v2\/comments?post=483"}],"version-history":[{"count":5,"href":"https:\/\/www.tandemtrafik.com.tr\/tr\/wp-json\/wp\/v2\/pages\/483\/revisions"}],"predecessor-version":[{"id":489,"href":"https:\/\/www.tandemtrafik.com.tr\/tr\/wp-json\/wp\/v2\/pages\/483\/revisions\/489"}],"wp:attachment":[{"href":"https:\/\/www.tandemtrafik.com.tr\/tr\/wp-json\/wp\/v2\/media?parent=483"}],"curies":[{"name":"wp","href":"https:\/\/api.w.org\/{rel}","templated":true}]}}