{"id":478,"date":"2020-03-16T12:50:05","date_gmt":"2020-03-16T09:50:05","guid":{"rendered":"https:\/\/tandemtrafik.com.tr\/tr\/?page_id=478"},"modified":"2020-03-16T12:50:05","modified_gmt":"2020-03-16T09:50:05","slug":"starled2-serisi-led-moduller","status":"publish","type":"page","link":"https:\/\/www.tandemtrafik.com.tr\/tr\/starled2-serisi-led-moduller\/","title":{"rendered":"STARLED2 Serisi LED Mod\u00fcller"},"content":{"rendered":"\n<table width=\"100%\" cellspacing=\"0\" cellpadding=\"0\" border=\"0\" class=\"editor-table\"> \n      <tbody>\n        <tr> \n          <th style=\"\n    padding: 8px;\n    border: 1px solid #5c5c5c;\n    background: #d0d0d0;\n    text-align: center;\n\">\u00dcR\u00dcN GURUBU<\/th> \n          <th colspan=\"2\" style=\"\n    padding: 8px;\n    border: 1px solid #5c5c5c;\n    background: #d0d0d0;\n    text-align: center;\n\">Starled2 Serisi LED Mod\u00fcller<\/th> \n        <\/tr> \n        <tr> \n          <th style=\"\n    padding: 8px;\n    border: 1px solid #5c5c5c;\n    background: #d0d0d0;\n    text-align: center;\n\">\u00dcretici<\/th> \n          <th colspan=\"2\" style=\"\n    padding: 8px;\n    border: 1px solid #5c5c5c;\n    background: #d0d0d0;\n    text-align: center;\n\">La Semaforica \u0130TALYA<\/th> \n        <\/tr> \n        <tr> \n          <th style=\"\n    padding: 8px;\n    border: 1px solid #5c5c5c;\n    background: #d0d0d0;\n    text-align: center;\n\">\u00c7ap<\/th> \n          <th style=\"\n    padding: 8px;\n    border: 1px solid #5c5c5c;\n    background: #d0d0d0;\n    text-align: center;\n\">200 mm<\/th> \n          <th style=\"\n    padding: 8px;\n    border: 1px solid #5c5c5c;\n    background: #d0d0d0;\n    text-align: center;\n\">300 mm<\/th> \n        <\/tr> \n        <tr> \n          <td style=\"\n    text-align: center;\n    padding: 8px;\n    border: 1px solid #5c5c5c;\n\">I\u015f\u0131ma \u015eiddeti<\/td> \n          <td colspan=\"2\" style=\"\n    text-align: center;\n    padding: 8px;\n    border: 1px solid #5c5c5c;\n\">&gt; 400 cd<\/td> \n        <\/tr> \n        <tr> \n          <td style=\"\n    text-align: center;\n    padding: 8px;\n    border: 1px solid #5c5c5c;\n\">Optik Performans<\/td> \n          <td style=\"\n    text-align: center;\n    padding: 8px;\n    border: 1px solid #5c5c5c;\n\">B3\/2 W B2\/2 W<\/td> \n          <td style=\"\n    text-align: center;\n    padding: 8px;\n    border: 1px solid #5c5c5c;\n\">B2\/2 W<\/td> \n        <\/tr> \n        <tr> \n          <td style=\"\n    text-align: center;\n    padding: 8px;\n    border: 1px solid #5c5c5c;\n\">LED Tipi<\/td> \n          <td colspan=\"2\" style=\"\n    text-align: center;\n    padding: 8px;\n    border: 1px solid #5c5c5c;\n\">Power LED<\/td> \n        <\/tr> \n        <tr> \n          <td style=\"\n    text-align: center;\n    padding: 8px;\n    border: 1px solid #5c5c5c;\n\">Yan\u0131lt\u0131c\u0131 Sinyal S\u0131n\u0131f\u0131 <\/td> \n          <td colspan=\"2\" style=\"\n    text-align: center;\n    padding: 8px;\n    border: 1px solid #5c5c5c;\n\">S\u0131n\u0131f 5<\/td> \n        <\/tr> \n        <tr> \n          <td style=\"\n    text-align: center;\n    padding: 8px;\n    border: 1px solid #5c5c5c;\n\">PF<\/td> \n          <td colspan=\"2\" style=\"\n    text-align: center;\n    padding: 8px;\n    border: 1px solid #5c5c5c;\n\">&gt;0,95<\/td> \n        <\/tr> \n        <tr> \n          <td style=\"\n    text-align: center;\n    padding: 8px;\n    border: 1px solid #5c5c5c;\n\">\u00c7al\u0131\u015fma Voltaj\u0131 ve Frekans<\/td> \n          <td colspan=\"2\" style=\"\n    text-align: center;\n    padding: 8px;\n    border: 1px solid #5c5c5c;\n\">196 \u2013 265 V AC , 50 Hz<\/td> \n        <\/tr> \n        <tr> \n          <td style=\"\n    text-align: center;\n    padding: 8px;\n    border: 1px solid #5c5c5c;\n\">G\u00fc\u00e7 T\u00fcketimi<\/td> \n          <td colspan=\"2\" style=\"\n    text-align: center;\n    padding: 8px;\n    border: 1px solid #5c5c5c;\n\">Max. 8 W<\/td> \n        <\/tr> \n        <tr> \n          <td style=\"\n    text-align: center;\n    padding: 8px;\n    border: 1px solid #5c5c5c;\n\">EMC<\/td> \n          <td colspan=\"2\" style=\"\n    text-align: center;\n    padding: 8px;\n    border: 1px solid #5c5c5c;\n\">TS  EN  50293\u2019e uygun<\/td> \n        <\/tr> \n        <tr> \n          <td style=\"\n    text-align: center;\n    padding: 8px;\n    border: 1px solid #5c5c5c;\n\">\u00c7al\u0131\u015fma S\u0131cakl\u0131\u011f\u0131 <\/td> \n          <td colspan=\"2\" style=\"\n    text-align: center;\n    padding: 8px;\n    border: 1px solid #5c5c5c;\n\">S\u0131n\u0131f A, B, C -40 \u00b0C +60 \u00b0C<\/td> \n        <\/tr> \n        <tr> \n          <td style=\"\n    text-align: center;\n    padding: 8px;\n    border: 1px solid #5c5c5c;\n\">Koruma S\u0131n\u0131f\u0131 ve Derecesi<\/td> \n          <td colspan=\"2\" style=\"\n    text-align: center;\n    padding: 8px;\n    border: 1px solid #5c5c5c;\n\">S\u0131n\u0131f II, IP65<\/td> \n        <\/tr> \n        <tr> \n          <td style=\"\n    text-align: center;\n    padding: 8px;\n    border: 1px solid #5c5c5c;\n\">Darbe Dayan\u0131m\u0131<\/td> \n          <td colspan=\"2\" style=\"\n    text-align: center;\n    padding: 8px;\n    border: 1px solid #5c5c5c;\n\">IR3<\/td> \n        <\/tr> \n        <tr> \n          <td style=\"\n    text-align: center;\n    padding: 8px;\n    border: 1px solid #5c5c5c;\n\">Lens ve G\u00f6vde Malzemesi<\/td> \n          <td colspan=\"2\" style=\"\n    text-align: center;\n    padding: 8px;\n    border: 1px solid #5c5c5c;\n\">% 100 Polikarbon<\/td> \n        <\/tr> \n        <tr> \n          <td style=\"\n    text-align: center;\n    padding: 8px;\n    border: 1px solid #5c5c5c;\n\">A\u011f\u0131rl\u0131k<\/td> \n          <td style=\"\n    text-align: center;\n    padding: 8px;\n    border: 1px solid #5c5c5c;\n\">500 gr<\/td> \n          <td style=\"\n    text-align: center;\n    padding: 8px;\n    border: 1px solid #5c5c5c;\n\">1000 gr<\/td> \n        <\/tr> \n        <tr> \n          <td style=\"\n    text-align: center;\n    padding: 8px;\n    border: 1px solid #5c5c5c;\n\">Boyutlar<\/td> \n          <td style=\"\n    text-align: center;\n    padding: 8px;\n    border: 1px solid #5c5c5c;\n\">\u00d8 208 x 116 mm<\/td> \n          <td style=\"\n    text-align: center;\n    padding: 8px;\n    border: 1px solid #5c5c5c;\n\">\u00d8 300 x 161 mm<\/td> \n        <\/tr> \n      <\/tbody>\n    <\/table>\n\n\n\n<div class=\"wp-block-columns is-layout-flex wp-container-4\">\n<div class=\"wp-block-column is-layout-flow\"><\/div>\n\n\n\n<div class=\"wp-block-column is-layout-flow\">\n<figure class=\"wp-block-image size-large\"><img decoding=\"async\" loading=\"lazy\" width=\"240\" height=\"173\" src=\"https:\/\/tandemtrafik.com.tr\/tr\/wp-content\/uploads\/2020\/03\/starled2-serisi-led-moduller.jpg\" alt=\"\" class=\"wp-image-480\"\/><\/figure>\n<\/div>\n\n\n\n<div class=\"wp-block-column is-layout-flow\"><\/div>\n<\/div>\n","protected":false},"excerpt":{"rendered":"<p>\u00dcR\u00dcN GURUBU Starled2 Serisi LED Mod\u00fcller \u00dcretici La Semaforica \u0130TALYA \u00c7ap 200 mm 300 mm I\u015f\u0131ma \u015eiddeti &gt; 400 cd Optik Performans B3\/2 W B2\/2 W B2\/2 W LED Tipi Power LED Yan\u0131lt\u0131c\u0131 Sinyal S\u0131n\u0131f\u0131 S\u0131n\u0131f 5 PF &gt;0,95 \u00c7al\u0131\u015fma Voltaj\u0131 ve Frekans 196 \u2013 265 V AC , 50 Hz G\u00fc\u00e7 T\u00fcketimi Max. 8 [&hellip;]<\/p>\n","protected":false},"author":1,"featured_media":0,"parent":0,"menu_order":0,"comment_status":"closed","ping_status":"closed","template":"","meta":[],"_links":{"self":[{"href":"https:\/\/www.tandemtrafik.com.tr\/tr\/wp-json\/wp\/v2\/pages\/478"}],"collection":[{"href":"https:\/\/www.tandemtrafik.com.tr\/tr\/wp-json\/wp\/v2\/pages"}],"about":[{"href":"https:\/\/www.tandemtrafik.com.tr\/tr\/wp-json\/wp\/v2\/types\/page"}],"author":[{"embeddable":true,"href":"https:\/\/www.tandemtrafik.com.tr\/tr\/wp-json\/wp\/v2\/users\/1"}],"replies":[{"embeddable":true,"href":"https:\/\/www.tandemtrafik.com.tr\/tr\/wp-json\/wp\/v2\/comments?post=478"}],"version-history":[{"count":3,"href":"https:\/\/www.tandemtrafik.com.tr\/tr\/wp-json\/wp\/v2\/pages\/478\/revisions"}],"predecessor-version":[{"id":482,"href":"https:\/\/www.tandemtrafik.com.tr\/tr\/wp-json\/wp\/v2\/pages\/478\/revisions\/482"}],"wp:attachment":[{"href":"https:\/\/www.tandemtrafik.com.tr\/tr\/wp-json\/wp\/v2\/media?parent=478"}],"curies":[{"name":"wp","href":"https:\/\/api.w.org\/{rel}","templated":true}]}}