{"id":472,"date":"2020-03-16T12:40:13","date_gmt":"2020-03-16T09:40:13","guid":{"rendered":"https:\/\/tandemtrafik.com.tr\/tr\/?page_id=472"},"modified":"2020-03-16T12:40:13","modified_gmt":"2020-03-16T09:40:13","slug":"tekli-sinyal-vericiler","status":"publish","type":"page","link":"https:\/\/www.tandemtrafik.com.tr\/tr\/tekli-sinyal-vericiler\/","title":{"rendered":"Tekli Sinyal Vericiler"},"content":{"rendered":"\n<table width=\"100%\" cellspacing=\"0\" cellpadding=\"0\" border=\"0\" class=\"editor-table\"> \n      <tbody>\n        <tr> \n          <td colspan=\"4\" style=\"\n    padding: 8px;\n    border: 1px solid #5c5c5c;\n    text-align: center;\n    font-weight: 700;\n\">TEKL\u0130 S\u0130NYAL VER\u0130C\u0130LER<\/td> \n        <\/tr> \n        <tr> \n          <td style=\"\n    padding: 8px;\n    border: 1px solid #5c5c5c;\n    text-align: center;\n\">\u00dcr\u00fcn Kodu<\/td> \n          <td style=\"\n    padding: 8px;\n    border: 1px solid #5c5c5c;\n    text-align: center;\n\">\u00dcr\u00fcn Ad\u0131<\/td> \n          <td style=\"\n    padding: 8px;\n    border: 1px solid #5c5c5c;\n    text-align: center;\n\">Lens Rengi<\/td> \n          <td style=\"\n    padding: 8px;\n    border: 1px solid #5c5c5c;\n    text-align: center;\n\">\u00d6zellikler<\/td> \n        <\/tr> \n        <tr style=\"\n    border: 1px solid #5c5c5c;\n\"> \n          <td style=\"\n    border: 1px solid #5c5c5c;\n    padding-left: 14px;\n\">TSV X4241 KK<\/td> \n          <td style=\"\n    border: 1px solid #5c5c5c;\n    padding-left: 14px;\n\">200 mm K\u0131rm\u0131z\u0131SV<\/td> \n          <td style=\"\n    border: 1px solid #5c5c5c;\n    padding-left: 14px;\n\">K\u0131rm\u0131z\u0131<\/td> \n          <td><\/td> \n        <\/tr> \n        <tr> \n          <td style=\"\n    border: 1px solid #5c5c5c;\n    padding-left: 14px;\n\">TSV X4242 KN<\/td> \n          <td style=\"\n    border: 1px solid #5c5c5c;\n    padding-left: 14px;\n\">200 mm K\u0131rm\u0131z\u0131 SV<\/td> \n          <td style=\"\n    border: 1px solid #5c5c5c;\n    padding-left: 14px;\n\">Renksiz<\/td> \n          <td style=\"\n    border: 1px solid #5c5c5c;\n    padding-left: 14px;\n\"><\/td> \n        <\/tr> \n        <tr> \n          <td style=\"\n    border: 1px solid #5c5c5c;\n    padding-left: 14px;\n\">TSV X4291 KKO<\/td> \n          <td style=\"\n    border: 1px solid #5c5c5c;\n    padding-left: 14px;\n\">200 mm K\u0131rm\u0131z\u0131 SV<\/td> \n          <td style=\"\n    border: 1px solid #5c5c5c;\n    padding-left: 14px;\n\">K\u0131rm\u0131z\u0131<\/td> \n          <td style=\"\n    border: 1px solid #5c5c5c;\n    padding-left: 14px;\n\">Ok Fig\u00fcrl\u00fc<\/td> \n        <\/tr> \n        <tr> \n          <td style=\"\n    border: 1px solid #5c5c5c;\n    padding-left: 14px;\n\">TSV X4294 KNO<\/td> \n          <td style=\"\n    border: 1px solid #5c5c5c;\n    padding-left: 14px;\n\">200 mm K\u0131rm\u0131z\u0131 SV<\/td> \n          <td style=\"\n    border: 1px solid #5c5c5c;\n    padding-left: 14px;\n\">Renksiz<\/td> \n          <td style=\"\n    border: 1px solid #5c5c5c;\n    padding-left: 14px;\n\">Ok Fig\u00fcrl\u00fc<\/td> \n        <\/tr> \n        <tr> \n          <td style=\"\n    border: 1px solid #5c5c5c;\n    padding-left: 14px;\n\">TSV X4245 SS<\/td> \n          <td style=\"\n    border: 1px solid #5c5c5c;\n    padding-left: 14px;\n\">200 mm Sar\u0131 SV<\/td> \n          <td style=\"\n    border: 1px solid #5c5c5c;\n    padding-left: 14px;\n\">Amber<\/td> \n          <td><\/td> \n        <\/tr> \n        <tr> \n          <td style=\"\n    border: 1px solid #5c5c5c;\n    padding-left: 14px;\n\">TSV X4246 SN<\/td> \n          <td style=\"\n    border: 1px solid #5c5c5c;\n    padding-left: 14px;\n\">200 mm Sar\u0131 SV<\/td> \n          <td style=\"\n    border: 1px solid #5c5c5c;\n    padding-left: 14px;\n\">Renksiz<\/td> \n          <td style=\"\n    border: 1px solid #5c5c5c;\n    padding-left: 14px;\n\"><\/td> \n        <\/tr> \n        <tr> \n          <td style=\"\n    border: 1px solid #5c5c5c;\n    padding-left: 14px;\n\">TSV X4292 SSO<\/td> \n          <td style=\"\n    border: 1px solid #5c5c5c;\n    padding-left: 14px;\n\">200 mm Sar\u0131 SV<\/td> \n          <td style=\"\n    border: 1px solid #5c5c5c;\n    padding-left: 14px;\n\">Amber<\/td> \n          <td style=\"\n    border: 1px solid #5c5c5c;\n    padding-left: 14px;\n\">Ok Fig\u00fcrl\u00fc<\/td> \n        <\/tr> \n        <tr> \n          <td style=\"\n    border: 1px solid #5c5c5c;\n    padding-left: 14px;\n\">TSV X4295 SNO<\/td> \n          <td style=\"\n    border: 1px solid #5c5c5c;\n    padding-left: 14px;\n\">200 mm Sar\u0131 SV<\/td> \n          <td style=\"\n    border: 1px solid #5c5c5c;\n    padding-left: 14px;\n\">Renksiz<\/td> \n          <td style=\"\n    border: 1px solid #5c5c5c;\n    padding-left: 14px;\n\">Ok Fig\u00fcrl\u00fc<\/td> \n        <\/tr> \n        <tr> \n          <td style=\"\n    border: 1px solid #5c5c5c;\n    padding-left: 14px;\n\">TSV X4250 YY<\/td> \n          <td style=\"\n    border: 1px solid #5c5c5c;\n    padding-left: 14px;\n\">200 mm Ye\u015fil SV<\/td> \n          <td style=\"\n    border: 1px solid #5c5c5c;\n    padding-left: 14px;\n\">Ye\u015fil<\/td> \n          <td><\/td> \n        <\/tr> \n        <tr> \n          <td style=\"\n    border: 1px solid #5c5c5c;\n    padding-left: 14px;\n\">TSV X4251 YN<\/td> \n          <td style=\"\n    border: 1px solid #5c5c5c;\n    padding-left: 14px;\n\">200 mm Ye\u015fil SV<\/td> \n          <td style=\"\n    border: 1px solid #5c5c5c;\n    padding-left: 14px;\n\">Renksiz<\/td> \n          <td style=\"\n    border: 1px solid #5c5c5c;\n    padding-left: 14px;\n\"><\/td> \n        <\/tr> \n        <tr> \n          <td style=\"\n    border: 1px solid #5c5c5c;\n    padding-left: 14px;\n\">TSV X4293 YYO<\/td> \n          <td style=\"\n    border: 1px solid #5c5c5c;\n    padding-left: 14px;\n\">200 mm Ye\u015fil SV<\/td> \n          <td style=\"\n    border: 1px solid #5c5c5c;\n    padding-left: 14px;\n\">Ye\u015fil<\/td> \n          <td style=\"\n    border: 1px solid #5c5c5c;\n    padding-left: 14px;\n\">Ok Fig\u00fcrl\u00fc<\/td> \n        <\/tr> \n        <tr> \n          <td style=\"\n    border: 1px solid #5c5c5c;\n    padding-left: 14px;\n\">TSV X4296 YNO<\/td> \n          <td style=\"\n    border: 1px solid #5c5c5c;\n    padding-left: 14px;\n\">200 mm Ye\u015fil SV<\/td> \n          <td style=\"\n    border: 1px solid #5c5c5c;\n    padding-left: 14px;\n\">Renksiz<\/td> \n          <td style=\"\n    border: 1px solid #5c5c5c;\n    padding-left: 14px;\n\">Ok Fig\u00fcrl\u00fc<\/td> \n        <\/tr> \n        <tr> \n          <td style=\"\n    border: 1px solid #5c5c5c;\n    padding-left: 14px;\n\">TSV X4341 KK<\/td> \n          <td style=\"\n    border: 1px solid #5c5c5c;\n    padding-left: 14px;\n\">300 mm K\u0131rm\u0131z\u0131SV<\/td> \n          <td style=\"\n    border: 1px solid #5c5c5c;\n    padding-left: 14px;\n\">K\u0131rm\u0131z\u0131<\/td> \n          <td><\/td> \n        <\/tr> \n        <tr> \n          <td style=\"\n    border: 1px solid #5c5c5c;\n    padding-left: 14px;\n\">TSV X4342 KN<\/td> \n          <td style=\"\n    border: 1px solid #5c5c5c;\n    padding-left: 14px;\n\">300 mm K\u0131rm\u0131z\u0131 SV<\/td> \n          <td style=\"\n    border: 1px solid #5c5c5c;\n    padding-left: 14px;\n\">Renksiz<\/td> \n          <td style=\"\n    border: 1px solid #5c5c5c;\n    padding-left: 14px;\n\"><\/td> \n        <\/tr> \n        <tr> \n          <td style=\"\n    border: 1px solid #5c5c5c;\n    padding-left: 14px;\n\">TSV X4391 KKO<\/td> \n          <td style=\"\n    border: 1px solid #5c5c5c;\n    padding-left: 14px;\n\">300 mm K\u0131rm\u0131z\u0131 SV<\/td> \n          <td style=\"\n    border: 1px solid #5c5c5c;\n    padding-left: 14px;\n\">K\u0131rm\u0131z\u0131 \/ Red<\/td> \n          <td style=\"\n    border: 1px solid #5c5c5c;\n    padding-left: 14px;\n\">Ok Fig\u00fcrl\u00fc<\/td> \n        <\/tr> \n        <tr> \n          <td style=\"\n    border: 1px solid #5c5c5c;\n    padding-left: 14px;\n\">TSV X4394 KNO<\/td> \n          <td style=\"\n    border: 1px solid #5c5c5c;\n    padding-left: 14px;\n\">300 mm K\u0131rm\u0131z\u0131 SV<\/td> \n          <td style=\"\n    border: 1px solid #5c5c5c;\n    padding-left: 14px;\n\">Renksiz<\/td> \n          <td style=\"\n    border: 1px solid #5c5c5c;\n    padding-left: 14px;\n\">Ok Fig\u00fcrl\u00fc<\/td> \n        <\/tr> \n        <tr> \n          <td style=\"\n    border: 1px solid #5c5c5c;\n    padding-left: 14px;\n\">TSV X4345 SS<\/td> \n          <td style=\"\n    border: 1px solid #5c5c5c;\n    padding-left: 14px;\n\">300 mm Sar\u0131 SV<\/td> \n          <td style=\"\n    border: 1px solid #5c5c5c;\n    padding-left: 14px;\n\">Amber<\/td> \n          <td style=\"\n    border: 1px solid #5c5c5c;\n    padding-left: 14px;\n\"><\/td> \n        <\/tr> \n        <tr> \n          <td style=\"\n    border: 1px solid #5c5c5c;\n    padding-left: 14px;\n\">TSV X4346 SN<\/td> \n          <td style=\"\n    border: 1px solid #5c5c5c;\n    padding-left: 14px;\n\">300 mm Sar\u0131 SV<\/td> \n          <td style=\"\n    border: 1px solid #5c5c5c;\n    padding-left: 14px;\n\">Renksiz<\/td> \n          <td style=\"\n    border: 1px solid #5c5c5c;\n    padding-left: 14px;\n\"><\/td> \n        <\/tr> \n        <tr> \n          <td>TSV X4392 SSO<\/td> \n          <td style=\"\n    border: 1px solid #5c5c5c;\n    padding-left: 14px;\n\">300 mm Sar\u0131 SV<\/td> \n          <td style=\"\n    border: 1px solid #5c5c5c;\n    padding-left: 14px;\n\">Amber<\/td> \n          <td style=\"\n    border: 1px solid #5c5c5c;\n    padding-left: 14px;\n\">Ok Fig\u00fcrl\u00fc<\/td> \n        <\/tr> \n        <tr> \n          <td style=\"\n    border: 1px solid #5c5c5c;\n    padding-left: 14px;\n\">TSV X4395 SNO<\/td> \n          <td style=\"\n    border: 1px solid #5c5c5c;\n    padding-left: 14px;\n\">300 mm Sar\u0131 SV<\/td> \n          <td style=\"\n    border: 1px solid #5c5c5c;\n    padding-left: 14px;\n\">Renksiz<\/td> \n          <td style=\"\n    border: 1px solid #5c5c5c;\n    padding-left: 14px;\n\">Ok Fig\u00fcrl\u00fc<\/td> \n        <\/tr> \n        <tr style=\"\n    border: 1px solid #5c5c5c;\n    padding-left: 14px;\n\"> \n          <td style=\"\n    border: 1px solid #5c5c5c;\n    padding-left: 14px;\n\">TSV X4350 YY<\/td> \n          <td style=\"\n    border: 1px solid #5c5c5c;\n    padding-left: 14px;\n\">300 mm Ye\u015fil SV<\/td> \n          <td style=\"\n    border: 1px solid #5c5c5c;\n    padding-left: 14px;\n\">Ye\u015fil<\/td> \n          <td><\/td> \n        <\/tr> \n        <tr> \n          <td style=\"\n    border: 1px solid #5c5c5c;\n    padding-left: 14px;\n\">TSV X4351 YN<\/td> \n          <td style=\"\n    border: 1px solid #5c5c5c;\n    padding-left: 14px;\n\">300 mm Ye\u015fil SV<\/td> \n          <td style=\"\n    border: 1px solid #5c5c5c;\n    padding-left: 14px;\n\">Renksiz<\/td> \n          <td><\/td> \n        <\/tr> \n        <tr> \n          <td style=\"\n    border: 1px solid #5c5c5c;\n    padding-left: 14px;\n\">TSV X4393 YYO<\/td> \n          <td style=\"\n    border: 1px solid #5c5c5c;\n    padding-left: 14px;\n\">300 mm Ye\u015fil SV<\/td> \n          <td style=\"\n    border: 1px solid #5c5c5c;\n    padding-left: 14px;\n\">Ye\u015fil<\/td> \n          <td style=\"\n    border: 1px solid #5c5c5c;\n    padding-left: 14px;\n\">Ok Fig\u00fcrl\u00fc<\/td> \n        <\/tr> \n        <tr> \n          <td style=\"\n    border: 1px solid #5c5c5c;\n    padding-left: 14px;\n\">TSV X4396 YNO<\/td> \n          <td style=\"\n    border: 1px solid #5c5c5c;\n    padding-left: 14px;\n\">300 mm Ye\u015fil SV<\/td> \n          <td style=\"\n    border: 1px solid #5c5c5c;\n    padding-left: 14px;\n\">Renksiz<\/td> \n          <td style=\"\n    border: 1px solid #5c5c5c;\n    padding-left: 14px;\n\">Ok Fig\u00fcrl\u00fc<\/td> \n        <\/tr> \n      <\/tbody>\n    <\/table>\n\n\n\n<div class=\"wp-block-columns is-layout-flex wp-container-4\">\n<div class=\"wp-block-column is-layout-flow\"><\/div>\n\n\n\n<div class=\"wp-block-column is-layout-flow\">\n<figure class=\"wp-block-image size-large\"><img decoding=\"async\" loading=\"lazy\" width=\"290\" height=\"173\" src=\"https:\/\/tandemtrafik.com.tr\/tr\/wp-content\/uploads\/2020\/03\/tekli-sinyal-vericiler.jpg\" alt=\"\" class=\"wp-image-475\"\/><\/figure>\n<\/div>\n\n\n\n<div class=\"wp-block-column is-layout-flow\"><\/div>\n<\/div>\n","protected":false},"excerpt":{"rendered":"<p>TEKL\u0130 S\u0130NYAL VER\u0130C\u0130LER \u00dcr\u00fcn Kodu \u00dcr\u00fcn Ad\u0131 Lens Rengi \u00d6zellikler TSV X4241 KK 200 mm K\u0131rm\u0131z\u0131SV K\u0131rm\u0131z\u0131 TSV X4242 KN 200 mm K\u0131rm\u0131z\u0131 SV Renksiz TSV X4291 KKO 200 mm K\u0131rm\u0131z\u0131 SV K\u0131rm\u0131z\u0131 Ok Fig\u00fcrl\u00fc TSV X4294 KNO 200 mm K\u0131rm\u0131z\u0131 SV Renksiz Ok Fig\u00fcrl\u00fc TSV X4245 SS 200 mm Sar\u0131 SV Amber TSV X4246 [&hellip;]<\/p>\n","protected":false},"author":1,"featured_media":0,"parent":0,"menu_order":0,"comment_status":"closed","ping_status":"closed","template":"","meta":[],"_links":{"self":[{"href":"https:\/\/www.tandemtrafik.com.tr\/tr\/wp-json\/wp\/v2\/pages\/472"}],"collection":[{"href":"https:\/\/www.tandemtrafik.com.tr\/tr\/wp-json\/wp\/v2\/pages"}],"about":[{"href":"https:\/\/www.tandemtrafik.com.tr\/tr\/wp-json\/wp\/v2\/types\/page"}],"author":[{"embeddable":true,"href":"https:\/\/www.tandemtrafik.com.tr\/tr\/wp-json\/wp\/v2\/users\/1"}],"replies":[{"embeddable":true,"href":"https:\/\/www.tandemtrafik.com.tr\/tr\/wp-json\/wp\/v2\/comments?post=472"}],"version-history":[{"count":4,"href":"https:\/\/www.tandemtrafik.com.tr\/tr\/wp-json\/wp\/v2\/pages\/472\/revisions"}],"predecessor-version":[{"id":477,"href":"https:\/\/www.tandemtrafik.com.tr\/tr\/wp-json\/wp\/v2\/pages\/472\/revisions\/477"}],"wp:attachment":[{"href":"https:\/\/www.tandemtrafik.com.tr\/tr\/wp-json\/wp\/v2\/media?parent=472"}],"curies":[{"name":"wp","href":"https:\/\/api.w.org\/{rel}","templated":true}]}}