{"id":463,"date":"2020-03-16T12:29:08","date_gmt":"2020-03-16T09:29:08","guid":{"rendered":"https:\/\/tandemtrafik.com.tr\/tr\/?page_id=463"},"modified":"2020-04-03T11:38:28","modified_gmt":"2020-04-03T08:38:28","slug":"yaya-sinyal-vericiler","status":"publish","type":"page","link":"https:\/\/www.tandemtrafik.com.tr\/tr\/yaya-sinyal-vericiler\/","title":{"rendered":"Yaya Sinyal Vericiler"},"content":{"rendered":"\n<table width=\"70%\" cellspacing=\"0\" cellpadding=\"0\" border=\"0\" style=\"float: left;\" class=\"editor-table\"> \n  <tbody>\n    <tr> \n      <th colspan=\"3\" style=\"\n    border: 1px solid #5c5c5c;\n    text-align: center;\n\">YAYA S\u0130NYAL VER\u0130C\u0130LER<\/th> \n    <\/tr> \n    <tr style=\"\n    border: 1px solid #5c5c5c;\n\"> \n      <th style=\"\n    text-align: center;\n\">\u00dcr\u00fcn Kodu<\/th> \n      <th style=\"\n    text-align: center;\n    border: 1px solid #5c5c5c;\n\">\u00dcr\u00fcn Ad\u0131<\/th> \n      <th style=\"\n    text-align: center;\n\">Lens Rengi<\/th> \n    <\/tr> \n    <tr style=\"\n    border: 1px solid #5c5c5c;\n\"> \n      <td style=\"\n    border: 1px solid #5c5c5c;\n    padding-left: 10px;\n\">YSV X4220 KYR<\/td> \n      <td style=\"\n    border: 1px solid #5c5c5c;\n    padding-left: 10px;\n\">200 mm Yaya SVG K\/Y<\/td> \n      <td style=\"\n    border: 1px solid #5c5c5c;\n    padding-left: 10px;\n\">Renkli<\/td> \n    <\/tr> \n    <tr style=\"\n    border: 1px solid #5c5c5c;\n\"> \n      <td style=\"\n    border: 1px solid #5c5c5c;\n    padding-left: 10px;\n\">YSV X4221 KYN<\/td> \n      <td style=\"\n    border: 1px solid #5c5c5c;\n    padding-left: 10px;\n\">200 mm Yaya SVG K\/Y<\/td> \n      <td style=\"\n    border: 1px solid #5c5c5c;\n    padding-left: 10px;\n\">Renksiz<\/td> \n    <\/tr> \n    <tr style=\"\n    border: 1px solid #5c5c5c;\n\"> \n      <td style=\"\n    border: 1px solid #5c5c5c;\n    padding-left: 10px;\n\">YSV X4222 KYR<\/td> \n      <td style=\"\n    border: 1px solid #5c5c5c;\n    padding-left: 10px;\n\">200 mm Yaya SVG<\/td> \n      <td style=\"\n    border: 1px solid #5c5c5c;\n    padding-left: 10px;\n\">Renkli<\/td> \n    <\/tr> \n    <tr style=\"\n    border: 1px solid #5c5c5c;\n\"> \n      <td style=\"\n    border: 1px solid #5c5c5c;\n    padding-left: 10px;\n\">YSV X4223 KYN<\/td> \n      <td style=\"\n    border: 1px solid #5c5c5c;\n    padding-left: 10px;\n\">200 mm Yaya SVG<\/td> \n      <td style=\"\n    border: 1px solid #5c5c5c;\n    padding-left: 10px;\n\">Renksiz<\/td> \n    <\/tr> \n    <tr style=\"\n    border: 1px solid #5c5c5c;\n\"> \n      <td style=\"\n    border: 1px solid #5c5c5c;\n    padding-left: 10px;\n\">YSV X4320 KYR<\/td> \n      <td style=\"\n    border: 1px solid #5c5c5c;\n    padding-left: 10px;\n\">300 mm Yaya SVG K\/Y<\/td> \n      <td style=\"\n    border: 1px solid #5c5c5c;\n    padding-left: 10px;\n\">Renkli<\/td> \n    <\/tr> \n    <tr style=\"\n    border: 1px solid #5c5c5c;\n\"> \n      <td style=\"\n    border: 1px solid #5c5c5c;\n    padding-left: 10px;\n\">YSV X42321 KYN<\/td> \n      <td style=\"\n    border: 1px solid #5c5c5c;\n    padding-left: 10px;\n\">300 mm Yaya SVG K\/Y<\/td> \n      <td style=\"\n    border: 1px solid #5c5c5c;\n    padding-left: 10px;\n\">Renksiz<\/td> \n    <\/tr> \n  <\/tbody>\n<\/table>\n\n\n\n&nbsp;&nbsp;<figure class=\"wp-block-image size-large is-resized\"><img decoding=\"async\" loading=\"lazy\" src=\"https:\/\/tandemtrafik.com.tr\/tr\/wp-content\/uploads\/2020\/03\/ikili-sinyal-vericiler.jpg\" alt=\"\" class=\"wp-image-467\" width=\"218\" height=\"341\" srcset=\"https:\/\/www.tandemtrafik.com.tr\/tr\/wp-content\/uploads\/2020\/03\/ikili-sinyal-vericiler.jpg 260w, https:\/\/www.tandemtrafik.com.tr\/tr\/wp-content\/uploads\/2020\/03\/ikili-sinyal-vericiler-192x300.jpg 192w\" sizes=\"(max-width: 218px) 100vw, 218px\" \/><\/figure>\n","protected":false},"excerpt":{"rendered":"<p>YAYA S\u0130NYAL VER\u0130C\u0130LER \u00dcr\u00fcn Kodu \u00dcr\u00fcn Ad\u0131 Lens Rengi YSV X4220 KYR 200 mm Yaya SVG K\/Y Renkli YSV X4221 KYN 200 mm Yaya SVG K\/Y Renksiz YSV X4222 KYR 200 mm Yaya SVG Renkli YSV X4223 KYN 200 mm Yaya SVG Renksiz YSV X4320 KYR 300 mm Yaya SVG K\/Y Renkli YSV X42321 KYN [&hellip;]<\/p>\n","protected":false},"author":1,"featured_media":0,"parent":0,"menu_order":0,"comment_status":"closed","ping_status":"closed","template":"","meta":[],"_links":{"self":[{"href":"https:\/\/www.tandemtrafik.com.tr\/tr\/wp-json\/wp\/v2\/pages\/463"}],"collection":[{"href":"https:\/\/www.tandemtrafik.com.tr\/tr\/wp-json\/wp\/v2\/pages"}],"about":[{"href":"https:\/\/www.tandemtrafik.com.tr\/tr\/wp-json\/wp\/v2\/types\/page"}],"author":[{"embeddable":true,"href":"https:\/\/www.tandemtrafik.com.tr\/tr\/wp-json\/wp\/v2\/users\/1"}],"replies":[{"embeddable":true,"href":"https:\/\/www.tandemtrafik.com.tr\/tr\/wp-json\/wp\/v2\/comments?post=463"}],"version-history":[{"count":11,"href":"https:\/\/www.tandemtrafik.com.tr\/tr\/wp-json\/wp\/v2\/pages\/463\/revisions"}],"predecessor-version":[{"id":715,"href":"https:\/\/www.tandemtrafik.com.tr\/tr\/wp-json\/wp\/v2\/pages\/463\/revisions\/715"}],"wp:attachment":[{"href":"https:\/\/www.tandemtrafik.com.tr\/tr\/wp-json\/wp\/v2\/media?parent=463"}],"curies":[{"name":"wp","href":"https:\/\/api.w.org\/{rel}","templated":true}]}}