{"id":458,"date":"2020-03-16T12:20:15","date_gmt":"2020-03-16T09:20:15","guid":{"rendered":"https:\/\/tandemtrafik.com.tr\/tr\/?page_id=458"},"modified":"2020-03-16T12:20:15","modified_gmt":"2020-03-16T09:20:15","slug":"oto-sinyal-vericiler","status":"publish","type":"page","link":"https:\/\/www.tandemtrafik.com.tr\/tr\/oto-sinyal-vericiler\/","title":{"rendered":"Oto Sinyal Vericiler"},"content":{"rendered":"\n<table width=\"70%\" cellspacing=\"0\" cellpadding=\"0\" border=\"0\" style=\"float: left;\" class=\"editor-table\"> \n  <tbody>\n    <tr> \n      <th colspan=\"4\" style=\"\n    padding: 8px;\n    border: 1px solid #5c5c5c;\n    text-align: center;\n\">OTO S\u0130NYAL VER\u0130C\u0130LER<\/th> \n    <\/tr> \n    <tr> \n      <th style=\"\n    padding: 5px;\n    border: 1px solid #5c5c5c;\n    text-align: center;\n\">\u00dcr\u00fcn Kodu<\/th> \n      <th style=\"\n    border: 1px solid #5c5c5c;\n    padding: 5px;\n    text-align: center;\n\">\u00dcr\u00fcn Ad\u0131<\/th> \n      <th style=\"\n    border: 1px solid #5c5c5c;\n    padding: 5px;\n    text-align: center;\n\">Lens Rengi<\/th> \n      <th style=\"\n    border: 1px solid #5c5c5c;\n    padding: 5px;\n    text-align: center;\n\">\u00d6zellikler<\/th> \n    <\/tr> \n    <tr> \n      <td style=\"\n    border: 1px solid #5c5c5c;\n    padding-left: 10px;\n\">OSV X4201<\/td> \n      <td style=\"\n    border: 1px solid #5c5c5c;\n    padding-left: 10px;\n\">200 mm Oto SVG \/ 3 Aspects SH<\/td> \n      <td style=\"\n    border: 1px solid #5c5c5c;\n    padding-left: 10px;\n\">Renkli<\/td> \n      <td style=\"\n    border: 1px solid #5c5c5c;\n\"><\/td> \n    <\/tr> \n    <tr> \n      <td style=\"\n    border: 1px solid #5c5c5c;\n    padding-left: 10px;\n\">OSV X4202<\/td> \n      <td style=\"\n    border: 1px solid #5c5c5c;\n    padding-left: 10px;\n\">200 mm Oto SVG \/ 3 Aspects SH<\/td> \n      <td style=\"\n    border: 1px solid #5c5c5c;\n    padding-left: 10px;\n\">Renksiz<\/td> \n      <td style=\"\n    border: 1px solid #5c5c5c;\n    padding-left: 10px;\n\"><\/td> \n    <\/tr> \n    <tr> \n      <td style=\"\n    border: 1px solid #5c5c5c;\n    padding-left: 10px;\n\">OSV X4211<\/td> \n      <td style=\"\n    border: 1px solid #5c5c5c;\n    padding-left: 10px;\n\">200 mm Oklu Oto SVG \/ 3 Aspects SH<\/td> \n      <td style=\"\n    padding-left: 10px;\n\">Renkli<\/td> \n      <td style=\"\n    border: 1px solid #5c5c5c;\n    padding-left: 10px;\n\">Ok Fig\u00fcrl\u00fc<\/td> \n    <\/tr> \n    <tr> \n      <td style=\"\n    border: 1px solid #5c5c5c;\n    padding-left: 10px;\n\">OSV X4212<\/td> \n      <td style=\"\n    border: 1px solid #5c5c5c;\n    padding-left: 10px;\n\">200 mm Oklu Oto SVG \/ 3 Aspects SH<\/td> \n      <td style=\"\n    border: 1px solid #5c5c5c;\n    padding-left: 10px;\n\">Renksiz<\/td> \n      <td style=\"\n    border: 1px solid #5c5c5c;\n    padding-left: 10px;\n\">Ok Fig\u00fcrl\u00fc<\/td> \n    <\/tr> \n    <tr> \n      <td style=\"\n    border: 1px solid #5c5c5c;\n    padding-left: 10px;\n\">OSV X4301<\/td> \n      <td style=\"\n    border: 1px solid #5c5c5c;\n    padding-left: 10px;\n\">300 mm Oto SVG \/ 3 Aspects SH<\/td> \n      <td style=\"\n    border: 1px solid #5c5c5c;\n    padding-left: 10px;\n\">Renkli<\/td> \n      <td style=\"\n    border: 1px solid #5c5c5c;\n\"><\/td> \n    <\/tr> \n    <tr> \n      <td style=\"\n    border: 1px solid #5c5c5c;\n    padding-left: 10px;\n\">OSV X4302<\/td> \n      <td style=\"\n    border: 1px solid #5c5c5c;\n    padding-left: 10px;\n\">300 mm Oto SVG \/ 3 Aspects SH<\/td> \n      <td style=\"\n    border: 1px solid #5c5c5c;\n    padding-left: 10px;\n\">Renksiz<\/td> \n      <td style=\"\n    border: 1px solid #5c5c5c;\n\"><\/td> \n    <\/tr> \n    <tr> \n      <td style=\"\n    border: 1px solid #5c5c5c;\n    padding-left: 10px;\n\">OSV X4311<\/td> \n      <td style=\"\n    border: 1px solid #5c5c5c;\n    padding-left: 10px;\n\">300 mm Oklu Oto SVG \/ 3 Aspects SH<\/td> \n      <td style=\"\n    border: 1px solid #5c5c5c;\n    padding-left: 10px;\n\">Renkli<\/td> \n      <td style=\"\n    border: 1px solid #5c5c5c;\n    padding-left: 10px;\n\">Ok Fig\u00fcrl\u00fc<\/td> \n    <\/tr> \n    <tr> \n      <td style=\"\n    border: 1px solid #5c5c5c;\n    padding-left: 10px;\n\">OSV X4312<\/td> \n      <td style=\"\n    border: 1px solid #5c5c5c;\n    padding-left: 10px;\n\">300 mm Oklu Oto SVG \/ 3 Aspects SH<\/td> \n      <td style=\"\n    border: 1px solid #5c5c5c;\n    padding-left: 10px;\n\">Renksiz<\/td> \n      <td style=\"\n    border: 1px solid #5c5c5c;\n    padding-left: 10px;\n\">Ok Fig\u00fcrl\u00fc<\/td> \n    <\/tr> \n  <\/tbody>\n<\/table>\n\n\n\n<figure class=\"wp-block-image size-large\"><img decoding=\"async\" loading=\"lazy\" width=\"250\" height=\"406\" src=\"https:\/\/tandemtrafik.com.tr\/tr\/wp-content\/uploads\/2020\/03\/oto-sinyal-vericiler.jpg\" alt=\"\" class=\"wp-image-461\" srcset=\"https:\/\/www.tandemtrafik.com.tr\/tr\/wp-content\/uploads\/2020\/03\/oto-sinyal-vericiler.jpg 250w, https:\/\/www.tandemtrafik.com.tr\/tr\/wp-content\/uploads\/2020\/03\/oto-sinyal-vericiler-185x300.jpg 185w\" sizes=\"(max-width: 250px) 100vw, 250px\" \/><\/figure>\n","protected":false},"excerpt":{"rendered":"<p>OTO S\u0130NYAL VER\u0130C\u0130LER \u00dcr\u00fcn Kodu \u00dcr\u00fcn Ad\u0131 Lens Rengi \u00d6zellikler OSV X4201 200 mm Oto SVG \/ 3 Aspects SH Renkli OSV X4202 200 mm Oto SVG \/ 3 Aspects SH Renksiz OSV X4211 200 mm Oklu Oto SVG \/ 3 Aspects SH Renkli Ok Fig\u00fcrl\u00fc OSV X4212 200 mm Oklu Oto SVG \/ 3 [&hellip;]<\/p>\n","protected":false},"author":1,"featured_media":0,"parent":0,"menu_order":0,"comment_status":"closed","ping_status":"closed","template":"","meta":[],"_links":{"self":[{"href":"https:\/\/www.tandemtrafik.com.tr\/tr\/wp-json\/wp\/v2\/pages\/458"}],"collection":[{"href":"https:\/\/www.tandemtrafik.com.tr\/tr\/wp-json\/wp\/v2\/pages"}],"about":[{"href":"https:\/\/www.tandemtrafik.com.tr\/tr\/wp-json\/wp\/v2\/types\/page"}],"author":[{"embeddable":true,"href":"https:\/\/www.tandemtrafik.com.tr\/tr\/wp-json\/wp\/v2\/users\/1"}],"replies":[{"embeddable":true,"href":"https:\/\/www.tandemtrafik.com.tr\/tr\/wp-json\/wp\/v2\/comments?post=458"}],"version-history":[{"count":3,"href":"https:\/\/www.tandemtrafik.com.tr\/tr\/wp-json\/wp\/v2\/pages\/458\/revisions"}],"predecessor-version":[{"id":462,"href":"https:\/\/www.tandemtrafik.com.tr\/tr\/wp-json\/wp\/v2\/pages\/458\/revisions\/462"}],"wp:attachment":[{"href":"https:\/\/www.tandemtrafik.com.tr\/tr\/wp-json\/wp\/v2\/media?parent=458"}],"curies":[{"name":"wp","href":"https:\/\/api.w.org\/{rel}","templated":true}]}}