{"id":43,"date":"2020-03-15T21:14:03","date_gmt":"2020-03-15T18:14:03","guid":{"rendered":"https:\/\/tandemtrafik.com.tr\/tr\/?page_id=43"},"modified":"2020-03-31T13:10:20","modified_gmt":"2020-03-31T10:10:20","slug":"direkler","status":"publish","type":"page","link":"https:\/\/www.tandemtrafik.com.tr\/tr\/direkler\/","title":{"rendered":"D\u0130REKLER"},"content":{"rendered":"\n<div class=\"wp-block-columns is-layout-flex wp-container-3\">\n<div class=\"wp-block-column is-layout-flow\" style=\"flex-basis:33.33%\">\n<figure class=\"wp-block-image size-large\"><img decoding=\"async\" loading=\"lazy\" width=\"1000\" height=\"1000\" src=\"https:\/\/www.tandemtrafik.com.tr\/tr\/wp-content\/uploads\/2020\/03\/direk3-1.jpg\" alt=\"\" class=\"wp-image-661\" srcset=\"https:\/\/www.tandemtrafik.com.tr\/tr\/wp-content\/uploads\/2020\/03\/direk3-1.jpg 1000w, https:\/\/www.tandemtrafik.com.tr\/tr\/wp-content\/uploads\/2020\/03\/direk3-1-300x300.jpg 300w, https:\/\/www.tandemtrafik.com.tr\/tr\/wp-content\/uploads\/2020\/03\/direk3-1-150x150.jpg 150w, https:\/\/www.tandemtrafik.com.tr\/tr\/wp-content\/uploads\/2020\/03\/direk3-1-768x768.jpg 768w\" sizes=\"(max-width: 1000px) 100vw, 1000px\" \/><\/figure>\n<\/div>\n\n\n\n<div class=\"wp-block-column is-layout-flow\" style=\"flex-basis:66.66%\">\n<p> Karayollar\u0131 Teknik \u015fartnamelerine uygun direkler ve ihtiyaca y\u00f6nelik \u00f6zel \u00fcretim direklerimizle\u00a0 hizmetinizdeyiz. <\/p>\n<\/div>\n<\/div>\n","protected":false},"excerpt":{"rendered":"<p>Karayollar\u0131 Teknik \u015fartnamelerine uygun direkler ve ihtiyaca y\u00f6nelik \u00f6zel \u00fcretim direklerimizle\u00a0 hizmetinizdeyiz.<\/p>\n","protected":false},"author":1,"featured_media":0,"parent":0,"menu_order":0,"comment_status":"closed","ping_status":"closed","template":"","meta":[],"_links":{"self":[{"href":"https:\/\/www.tandemtrafik.com.tr\/tr\/wp-json\/wp\/v2\/pages\/43"}],"collection":[{"href":"https:\/\/www.tandemtrafik.com.tr\/tr\/wp-json\/wp\/v2\/pages"}],"about":[{"href":"https:\/\/www.tandemtrafik.com.tr\/tr\/wp-json\/wp\/v2\/types\/page"}],"author":[{"embeddable":true,"href":"https:\/\/www.tandemtrafik.com.tr\/tr\/wp-json\/wp\/v2\/users\/1"}],"replies":[{"embeddable":true,"href":"https:\/\/www.tandemtrafik.com.tr\/tr\/wp-json\/wp\/v2\/comments?post=43"}],"version-history":[{"count":9,"href":"https:\/\/www.tandemtrafik.com.tr\/tr\/wp-json\/wp\/v2\/pages\/43\/revisions"}],"predecessor-version":[{"id":707,"href":"https:\/\/www.tandemtrafik.com.tr\/tr\/wp-json\/wp\/v2\/pages\/43\/revisions\/707"}],"wp:attachment":[{"href":"https:\/\/www.tandemtrafik.com.tr\/tr\/wp-json\/wp\/v2\/media?parent=43"}],"curies":[{"name":"wp","href":"https:\/\/api.w.org\/{rel}","templated":true}]}}