{"id":39,"date":"2020-03-15T21:09:01","date_gmt":"2020-03-15T18:09:01","guid":{"rendered":"https:\/\/tandemtrafik.com.tr\/tr\/?page_id=39"},"modified":"2020-03-16T13:51:02","modified_gmt":"2020-03-16T10:51:02","slug":"degisken-mesaj-ve-trafik-isaretleri-vms-vts","status":"publish","type":"page","link":"https:\/\/www.tandemtrafik.com.tr\/tr\/degisken-mesaj-ve-trafik-isaretleri-vms-vts\/","title":{"rendered":"De\u011fi\u015fken Mesaj ve Trafik \u0130\u015faretleri (VMS \/ VTS)"},"content":{"rendered":"\n<div class=\"wp-block-columns is-layout-flex wp-container-3\">\n<div class=\"wp-block-column is-layout-flow\" style=\"flex-basis:66.66%\">\n<p><strong>De\u011fi\u015fken Mesaj ve Trafik \u0130\u015faretleri (VMS \/ VTS)<\/strong> <\/p>\n\n\n\n<p>Ak\u0131ll\u0131 Trafik Sistemlerinin ana eleman\u0131d\u0131r VMS\u2019ler. De\u011fi\u015fik kaynaklardan toplanan ve ana i\u015flemcide de\u011ferlendirilen bilgiler VMS\u2019ler arac\u0131l\u0131\u011f\u0131 ile grafik ve\/ya yaz\u0131 format\u0131nda s\u00fcr\u00fcc\u00fclere iletilirler.<\/p>\n\n\n\n<p>Yo\u011fun trafik bilgisi, kaza, yol \u00e7al\u0131\u015fmas\u0131, ara\u00e7 ar\u0131zas\u0131, hava ko\u015fullar\u0131 gibi bilgiler s\u00fcr\u00fcc\u00fclere iletilerek trafik akn\u0131n h\u0131zland\u0131r\u0131lmas\u0131 ve b\u00f6ylece s\u00fcr\u00fcc\u00fclerin zaman kayb\u0131n\u0131n \u00f6nlenmesi ve g\u00fcvenli bir trafik ak\u015f\u0131 sa\u011flanmaktad\u0131r.<\/p>\n\n\n\n<p>\u2022 Mod\u00fcler yap\u0131 (Aksi istenmedik\u00e7e 40x80x10 cm boyutta mod\u00fcller)<br>\n\u2022 TSE EN 12966 standard\u0131na uygun \u00fcretim<br>\n\u2022 Tek renk, \u00e7ift renk veya RGB se\u00e7enekleri<br>\n\u2022 Tekst veya grafik se\u00e7enekleri<br>\n\u2022 Otomatik parlakl\u0131k kontrol\u00fc<br>\n\u2022 \u0130stenen \u00e7\u00f6z\u00fcn\u00fcrl\u00fckte grafik alan<br>\n\u2022 Kolay montaj\/demontaj ve ta\u015f\u0131nabilme \u00f6zelli\u011fi<br>\n\u2022 D\u00fc\u015f\u00fck i\u015fletim ve bak\u0131m ihtiyac\u0131<\/p>\n<\/div>\n\n\n\n<div class=\"wp-block-column is-layout-flow\" style=\"flex-basis:33.33%\">\n<figure class=\"wp-block-image size-large\"><img decoding=\"async\" loading=\"lazy\" width=\"1000\" height=\"1000\" src=\"https:\/\/tandemtrafik.com.tr\/tr\/wp-content\/uploads\/2020\/03\/u3.jpg\" alt=\"\" class=\"wp-image-41\" srcset=\"https:\/\/www.tandemtrafik.com.tr\/tr\/wp-content\/uploads\/2020\/03\/u3.jpg 1000w, https:\/\/www.tandemtrafik.com.tr\/tr\/wp-content\/uploads\/2020\/03\/u3-300x300.jpg 300w, https:\/\/www.tandemtrafik.com.tr\/tr\/wp-content\/uploads\/2020\/03\/u3-150x150.jpg 150w, https:\/\/www.tandemtrafik.com.tr\/tr\/wp-content\/uploads\/2020\/03\/u3-768x768.jpg 768w\" sizes=\"(max-width: 1000px) 100vw, 1000px\" \/><\/figure>\n<\/div>\n<\/div>\n\n\n\n<div class=\"wp-block-columns is-layout-flex wp-container-6\">\n<div class=\"wp-block-column is-layout-flow\" style=\"flex-basis:66.66%\">\n<figure class=\"wp-block-image size-large\"><img decoding=\"async\" loading=\"lazy\" width=\"930\" height=\"175\" src=\"https:\/\/tandemtrafik.com.tr\/tr\/wp-content\/uploads\/2020\/03\/vms-vts-1.jpg\" alt=\"\" class=\"wp-image-508\" srcset=\"https:\/\/www.tandemtrafik.com.tr\/tr\/wp-content\/uploads\/2020\/03\/vms-vts-1.jpg 930w, https:\/\/www.tandemtrafik.com.tr\/tr\/wp-content\/uploads\/2020\/03\/vms-vts-1-300x56.jpg 300w, https:\/\/www.tandemtrafik.com.tr\/tr\/wp-content\/uploads\/2020\/03\/vms-vts-1-768x145.jpg 768w\" sizes=\"(max-width: 930px) 100vw, 930px\" \/><\/figure>\n<\/div>\n\n\n\n<div class=\"wp-block-column is-layout-flow\" style=\"flex-basis:33.33%\"><\/div>\n<\/div>\n","protected":false},"excerpt":{"rendered":"<p>De\u011fi\u015fken Mesaj ve Trafik \u0130\u015faretleri (VMS \/ VTS) Ak\u0131ll\u0131 Trafik Sistemlerinin ana eleman\u0131d\u0131r VMS\u2019ler. De\u011fi\u015fik kaynaklardan toplanan ve ana i\u015flemcide de\u011ferlendirilen bilgiler VMS\u2019ler arac\u0131l\u0131\u011f\u0131 ile grafik ve\/ya yaz\u0131 format\u0131nda s\u00fcr\u00fcc\u00fclere iletilirler. Yo\u011fun trafik bilgisi, kaza, yol \u00e7al\u0131\u015fmas\u0131, ara\u00e7 ar\u0131zas\u0131, hava ko\u015fullar\u0131 gibi bilgiler s\u00fcr\u00fcc\u00fclere iletilerek trafik akn\u0131n h\u0131zland\u0131r\u0131lmas\u0131 ve b\u00f6ylece s\u00fcr\u00fcc\u00fclerin zaman kayb\u0131n\u0131n \u00f6nlenmesi ve [&hellip;]<\/p>\n","protected":false},"author":1,"featured_media":0,"parent":0,"menu_order":0,"comment_status":"closed","ping_status":"closed","template":"","meta":[],"_links":{"self":[{"href":"https:\/\/www.tandemtrafik.com.tr\/tr\/wp-json\/wp\/v2\/pages\/39"}],"collection":[{"href":"https:\/\/www.tandemtrafik.com.tr\/tr\/wp-json\/wp\/v2\/pages"}],"about":[{"href":"https:\/\/www.tandemtrafik.com.tr\/tr\/wp-json\/wp\/v2\/types\/page"}],"author":[{"embeddable":true,"href":"https:\/\/www.tandemtrafik.com.tr\/tr\/wp-json\/wp\/v2\/users\/1"}],"replies":[{"embeddable":true,"href":"https:\/\/www.tandemtrafik.com.tr\/tr\/wp-json\/wp\/v2\/comments?post=39"}],"version-history":[{"count":4,"href":"https:\/\/www.tandemtrafik.com.tr\/tr\/wp-json\/wp\/v2\/pages\/39\/revisions"}],"predecessor-version":[{"id":509,"href":"https:\/\/www.tandemtrafik.com.tr\/tr\/wp-json\/wp\/v2\/pages\/39\/revisions\/509"}],"wp:attachment":[{"href":"https:\/\/www.tandemtrafik.com.tr\/tr\/wp-json\/wp\/v2\/media?parent=39"}],"curies":[{"name":"wp","href":"https:\/\/api.w.org\/{rel}","templated":true}]}}