{"id":30,"date":"2020-03-15T21:04:15","date_gmt":"2020-03-15T18:04:15","guid":{"rendered":"https:\/\/tandemtrafik.com.tr\/tr\/?page_id=30"},"modified":"2020-03-15T21:04:15","modified_gmt":"2020-03-15T18:04:15","slug":"doppler-radarli-hiz-ikaz-sistemleri","status":"publish","type":"page","link":"https:\/\/www.tandemtrafik.com.tr\/tr\/doppler-radarli-hiz-ikaz-sistemleri\/","title":{"rendered":"Doppler Radarl\u0131 H\u0131z \u0130kaz Sistemleri"},"content":{"rendered":"\n<div class=\"wp-block-columns is-layout-flex wp-container-3\">\n<div class=\"wp-block-column is-layout-flow\" style=\"flex-basis:66.66%\">\n<p><strong>Doppler Radarl\u0131 H\u0131z \u0130kaz Sistemleri<\/strong><\/p>\n\n\n\n<p>S\u00fcr\u00fcc\u00fcleri uyararak daha g\u00fcvenli bir seyahat sa\u011flamak i\u00e7in kullan\u0131lan sistemler \u015fehir \u015febekesinin yan\u0131nda g\u00fcne\u015f enerjisi ile de \u00e7al\u0131\u015ft\u0131r\u0131labilmektedirler.<\/p>\n\n\n\n<p>\u2022 DSP teknolojisi<br>\n\u2022 0-199 aras\u0131 h\u0131z g\u00f6sterimi<br>\n\u2022 Kolay montaj \/ demontaj ve ta\u015f\u0131nabilme \u00f6zelligi<br>\n\u2022 Otomatik parlakl\u0131k kontrol\u00fc<br>\n\u2022 Y\u00fcksek \u00e7\u00f6z\u00fcn\u00fcrl\u00fckte grafik g\u00f6sterim birimi<br>\n\u2022 400 metre mesafeden itibaren etkin h\u0131z \u00f6l\u00e7\u00fcm\u00fc<br>\n\u2022 \u015eebeke voltaj\u0131, ak\u00fc ve g\u00fcne\u015f enerjisi ile \u00e7al\u0131\u015fabilme<br>\n\u2022 Anahtar teslimi kurulum<\/p>\n<\/div>\n\n\n\n<div class=\"wp-block-column is-layout-flow\" style=\"flex-basis:33.33%\">\n<figure class=\"wp-block-image size-large\"><img decoding=\"async\" loading=\"lazy\" width=\"1000\" height=\"1000\" src=\"https:\/\/tandemtrafik.com.tr\/tr\/wp-content\/uploads\/2020\/03\/u1-1.jpg\" alt=\"\" class=\"wp-image-33\" srcset=\"https:\/\/www.tandemtrafik.com.tr\/tr\/wp-content\/uploads\/2020\/03\/u1-1.jpg 1000w, https:\/\/www.tandemtrafik.com.tr\/tr\/wp-content\/uploads\/2020\/03\/u1-1-300x300.jpg 300w, https:\/\/www.tandemtrafik.com.tr\/tr\/wp-content\/uploads\/2020\/03\/u1-1-150x150.jpg 150w, https:\/\/www.tandemtrafik.com.tr\/tr\/wp-content\/uploads\/2020\/03\/u1-1-768x768.jpg 768w\" sizes=\"(max-width: 1000px) 100vw, 1000px\" \/><\/figure>\n<\/div>\n<\/div>\n","protected":false},"excerpt":{"rendered":"<p>Doppler Radarl\u0131 H\u0131z \u0130kaz Sistemleri S\u00fcr\u00fcc\u00fcleri uyararak daha g\u00fcvenli bir seyahat sa\u011flamak i\u00e7in kullan\u0131lan sistemler \u015fehir \u015febekesinin yan\u0131nda g\u00fcne\u015f enerjisi ile de \u00e7al\u0131\u015ft\u0131r\u0131labilmektedirler. \u2022 DSP teknolojisi \u2022 0-199 aras\u0131 h\u0131z g\u00f6sterimi \u2022 Kolay montaj \/ demontaj ve ta\u015f\u0131nabilme \u00f6zelligi \u2022 Otomatik parlakl\u0131k kontrol\u00fc \u2022 Y\u00fcksek \u00e7\u00f6z\u00fcn\u00fcrl\u00fckte grafik g\u00f6sterim birimi \u2022 400 metre mesafeden itibaren etkin [&hellip;]<\/p>\n","protected":false},"author":1,"featured_media":0,"parent":0,"menu_order":0,"comment_status":"closed","ping_status":"closed","template":"","meta":[],"_links":{"self":[{"href":"https:\/\/www.tandemtrafik.com.tr\/tr\/wp-json\/wp\/v2\/pages\/30"}],"collection":[{"href":"https:\/\/www.tandemtrafik.com.tr\/tr\/wp-json\/wp\/v2\/pages"}],"about":[{"href":"https:\/\/www.tandemtrafik.com.tr\/tr\/wp-json\/wp\/v2\/types\/page"}],"author":[{"embeddable":true,"href":"https:\/\/www.tandemtrafik.com.tr\/tr\/wp-json\/wp\/v2\/users\/1"}],"replies":[{"embeddable":true,"href":"https:\/\/www.tandemtrafik.com.tr\/tr\/wp-json\/wp\/v2\/comments?post=30"}],"version-history":[{"count":3,"href":"https:\/\/www.tandemtrafik.com.tr\/tr\/wp-json\/wp\/v2\/pages\/30\/revisions"}],"predecessor-version":[{"id":35,"href":"https:\/\/www.tandemtrafik.com.tr\/tr\/wp-json\/wp\/v2\/pages\/30\/revisions\/35"}],"wp:attachment":[{"href":"https:\/\/www.tandemtrafik.com.tr\/tr\/wp-json\/wp\/v2\/media?parent=30"}],"curies":[{"name":"wp","href":"https:\/\/api.w.org\/{rel}","templated":true}]}}