{"id":28,"date":"2020-03-15T20:51:57","date_gmt":"2020-03-15T17:51:57","guid":{"rendered":"https:\/\/tandemtrafik.com.tr\/tr\/?page_id=28"},"modified":"2025-01-21T17:19:38","modified_gmt":"2025-01-21T14:19:38","slug":"iletisim","status":"publish","type":"page","link":"https:\/\/www.tandemtrafik.com.tr\/tr\/iletisim\/","title":{"rendered":"\u0130LET\u0130\u015e\u0130M"},"content":{"rendered":"\n<div class=\"contact-info-area default-padding bottom-less\">\n        <div class=\"container\">\n            <div class=\"row\">\n<div class=\"text-center\"><br>\n    \t\n        <h3 class=\"big caps font-weight7 margin-bottom2\">Bizimle \u0130leti\u015fime Ge\u00e7in<\/h3>\n       \n    <\/div><br>\n                <div class=\"contact-items\">\n                    \n                    <div class=\"contact-info text-center col-md-12\">\n                        <div class=\"col-md-4 item\">\n                            <i class=\"fa fa-map-marker\" style=\"font-size: 30px;color: #3bb2c2;\"><\/i>\n                            <h4>ADRES<\/h4>\n                            <p style=\"font-size: 17px;\">\n                               \t\u0130vedik Organize Sanayi B\u00f6lgesi 1333. Cad. 1344. Sok. (30. Cad. 538. Sok.) No: 61-63 Yenimahalle\/ANKARA\n                            <\/p>\n                        <\/div>\n                        <div class=\"col-md-4 item\">\n                            <i class=\"fa fa-envelope\" style=\"font-size: 30px;color: #3bb2c2;\"><\/i>\n                            <h4>E-POSTA<\/h4>\n                            <p style=\"font-size: 17px;\">\n                              \tinfo@tandemtrafik.com.tr\n                            <\/p>\n                        <\/div>\n                        <div class=\"col-md-4 item\">\n                            <i class=\"fa fa-phone\" style=\"font-size: 30px;color: #3bb2c2;\"><\/i>\n                          <h4>TELEFON<\/h4>\n                            <p style=\"font-size: 17px;\">\n                                0312 394 26 26\n                            <\/p>\n                        <\/div>\n                    <\/div>\n                <\/div>\n            <\/div>\n        <\/div>\n    <\/div><br><br>\n<iframe loading=\"lazy\" src=\"https:\/\/www.google.com\/maps\/embed?pb=!1m18!1m12!1m3!1d764.1876587040209!2d32.76292343584065!3d39.99167768265703!2m3!1f0!2f0!3f0!3m2!1i1024!2i768!4f13.1!3m3!1m2!1s0x14d34a2b531bd88d%3A0x6f0b99ab8c99a39a!2sTandem%20Trafik%20Sistemleri!5e0!3m2!1str!2str!4v1584294599704!5m2!1str!2str\" width=\"100%\" height=\"300\" frameborder=\"0\" style=\"border:0;\" allowfullscreen=\"\" aria-hidden=\"false\" tabindex=\"0\"><\/iframe>\n","protected":false},"excerpt":{"rendered":"<p>Bizimle \u0130leti\u015fime Ge\u00e7in ADRES \u0130vedik Organize Sanayi B\u00f6lgesi 1333. Cad. 1344. Sok. (30. Cad. 538. Sok.) No: 61-63 Yenimahalle\/ANKARA E-POSTA info@tandemtrafik.com.tr TELEFON 0312 394 26 26<\/p>\n","protected":false},"author":1,"featured_media":0,"parent":0,"menu_order":0,"comment_status":"closed","ping_status":"closed","template":"","meta":[],"_links":{"self":[{"href":"https:\/\/www.tandemtrafik.com.tr\/tr\/wp-json\/wp\/v2\/pages\/28"}],"collection":[{"href":"https:\/\/www.tandemtrafik.com.tr\/tr\/wp-json\/wp\/v2\/pages"}],"about":[{"href":"https:\/\/www.tandemtrafik.com.tr\/tr\/wp-json\/wp\/v2\/types\/page"}],"author":[{"embeddable":true,"href":"https:\/\/www.tandemtrafik.com.tr\/tr\/wp-json\/wp\/v2\/users\/1"}],"replies":[{"embeddable":true,"href":"https:\/\/www.tandemtrafik.com.tr\/tr\/wp-json\/wp\/v2\/comments?post=28"}],"version-history":[{"count":3,"href":"https:\/\/www.tandemtrafik.com.tr\/tr\/wp-json\/wp\/v2\/pages\/28\/revisions"}],"predecessor-version":[{"id":824,"href":"https:\/\/www.tandemtrafik.com.tr\/tr\/wp-json\/wp\/v2\/pages\/28\/revisions\/824"}],"wp:attachment":[{"href":"https:\/\/www.tandemtrafik.com.tr\/tr\/wp-json\/wp\/v2\/media?parent=28"}],"curies":[{"name":"wp","href":"https:\/\/api.w.org\/{rel}","templated":true}]}}