{"id":24,"date":"2020-03-15T20:46:25","date_gmt":"2020-03-15T17:46:25","guid":{"rendered":"https:\/\/tandemtrafik.com.tr\/tr\/?page_id=24"},"modified":"2020-03-15T20:46:25","modified_gmt":"2020-03-15T17:46:25","slug":"haberler","status":"publish","type":"page","link":"https:\/\/www.tandemtrafik.com.tr\/tr\/haberler\/","title":{"rendered":"HABERLER"},"content":{"rendered":"\n\r\n\t\t<div class=\"sp_wpspwpost_static wpspw-design-1 wpspw-grid-3 wpspw-clearfix \">\r\n\r\n\t\t\t\r\n<div class=\"wpspw-post-grid wpspw-medium-4 wpspw-columns first\">\r\n\t<div class=\"wpspw-post-grid-content  \">\r\n\r\n\t\t\t\t\t<div class=\"wpspw-post-image-bg\">\r\n\t\t\t\t<a href=\"https:\/\/www.tandemtrafik.com.tr\/tr\/2020-uluslararasi-aus-zirvesine-katildik\/\">\r\n\t\t\t\t\t<img src=\"https:\/\/www.tandemtrafik.com.tr\/tr\/wp-content\/uploads\/2020\/12\/IMG_20200311_135852-scaled.jpg\" alt=\"2020 Uluslararas\u0131 AUS Zirvesine Kat\u0131ld\u0131k\" \/>\r\n\t\t\t\t<\/a>\r\n\t\t\t<\/div>\r\n\t\t\t\t\t<div class=\"wpspw-post-categories\"><a href=\"https:\/\/www.tandemtrafik.com.tr\/tr\/category\/haberler\/\">Haberler<\/a><\/div>\r\n\t\t\r\n\t\t<h2 class=\"wpspw-post-title\">\r\n\t\t\t<a href=\"https:\/\/www.tandemtrafik.com.tr\/tr\/2020-uluslararasi-aus-zirvesine-katildik\/\">2020 Uluslararas\u0131 AUS Zirvesine Kat\u0131ld\u0131k<\/a>\r\n\t\t<\/h2>\r\n\r\n\t\t\t\t\t<div class=\"wpspw-post-content\">\r\n\t\t\t\t\t\t\t\t\t<div>\r\n\t\t\t\t\t\t\t\t\t\t\t<\/div>\r\n\t\t\t\t\t<a class=\"wpspw-readmorebtn\" href=\"https:\/\/www.tandemtrafik.com.tr\/tr\/2020-uluslararasi-aus-zirvesine-katildik\/\">Read More<\/a>\r\n\t\t\t\t\t\t\t<\/div>\r\n\t\t\t<\/div>\r\n<\/div>\r\n<div class=\"wpspw-post-grid wpspw-medium-4 wpspw-columns \">\r\n\t<div class=\"wpspw-post-grid-content  \">\r\n\r\n\t\t\t\t\t<div class=\"wpspw-post-image-bg\">\r\n\t\t\t\t<a href=\"https:\/\/www.tandemtrafik.com.tr\/tr\/intertraffic-istanbul-2015\/\">\r\n\t\t\t\t\t<img src=\"https:\/\/www.tandemtrafik.com.tr\/tr\/wp-content\/uploads\/2020\/03\/haber2.jpg\" alt=\"Intertraffic \u0130stanbul 2015\" \/>\r\n\t\t\t\t<\/a>\r\n\t\t\t<\/div>\r\n\t\t\t\t\t<div class=\"wpspw-post-categories\"><a href=\"https:\/\/www.tandemtrafik.com.tr\/tr\/category\/haberler\/\">Haberler<\/a><\/div>\r\n\t\t\r\n\t\t<h2 class=\"wpspw-post-title\">\r\n\t\t\t<a href=\"https:\/\/www.tandemtrafik.com.tr\/tr\/intertraffic-istanbul-2015\/\">Intertraffic \u0130stanbul 2015<\/a>\r\n\t\t<\/h2>\r\n\r\n\t\t\t\t\t<div class=\"wpspw-post-content\">\r\n\t\t\t\t\t\t\t\t\t<div>\r\n\t\t\t\t\t\tIntertraffic \u0130stanbul 2015 fuar\u0131na kat\u0131ld\u0131k.\t\t\t\t\t<\/div>\r\n\t\t\t\t\t<a class=\"wpspw-readmorebtn\" href=\"https:\/\/www.tandemtrafik.com.tr\/tr\/intertraffic-istanbul-2015\/\">Read More<\/a>\r\n\t\t\t\t\t\t\t<\/div>\r\n\t\t\t<\/div>\r\n<\/div>\r\n<div class=\"wpspw-post-grid wpspw-medium-4 wpspw-columns \">\r\n\t<div class=\"wpspw-post-grid-content  \">\r\n\r\n\t\t\t\t\t<div class=\"wpspw-post-image-bg\">\r\n\t\t\t\t<a href=\"https:\/\/www.tandemtrafik.com.tr\/tr\/intertraffic-istanbul-2019\/\">\r\n\t\t\t\t\t<img src=\"https:\/\/www.tandemtrafik.com.tr\/tr\/wp-content\/uploads\/2020\/03\/haber1.jpg\" alt=\"Intertraffic \u0130stanbul 2019\" \/>\r\n\t\t\t\t<\/a>\r\n\t\t\t<\/div>\r\n\t\t\t\t\t<div class=\"wpspw-post-categories\"><a href=\"https:\/\/www.tandemtrafik.com.tr\/tr\/category\/haberler\/\">Haberler<\/a><\/div>\r\n\t\t\r\n\t\t<h2 class=\"wpspw-post-title\">\r\n\t\t\t<a href=\"https:\/\/www.tandemtrafik.com.tr\/tr\/intertraffic-istanbul-2019\/\">Intertraffic \u0130stanbul 2019<\/a>\r\n\t\t<\/h2>\r\n\r\n\t\t\t\t\t<div class=\"wpspw-post-content\">\r\n\t\t\t\t\t\t\t\t\t<div>\r\n\t\t\t\t\t\tIntertraffic \u0130stanbul 2019 fuar\u0131na kat\u0131ld\u0131k.\t\t\t\t\t<\/div>\r\n\t\t\t\t\t<a class=\"wpspw-readmorebtn\" href=\"https:\/\/www.tandemtrafik.com.tr\/tr\/intertraffic-istanbul-2019\/\">Read More<\/a>\r\n\t\t\t\t\t\t\t<\/div>\r\n\t\t\t<\/div>\r\n<\/div>\r\n\t\t\t\t\t<\/div>\r\n\r\n\t\n","protected":false},"excerpt":{"rendered":"","protected":false},"author":1,"featured_media":0,"parent":0,"menu_order":0,"comment_status":"closed","ping_status":"closed","template":"","meta":[],"_links":{"self":[{"href":"https:\/\/www.tandemtrafik.com.tr\/tr\/wp-json\/wp\/v2\/pages\/24"}],"collection":[{"href":"https:\/\/www.tandemtrafik.com.tr\/tr\/wp-json\/wp\/v2\/pages"}],"about":[{"href":"https:\/\/www.tandemtrafik.com.tr\/tr\/wp-json\/wp\/v2\/types\/page"}],"author":[{"embeddable":true,"href":"https:\/\/www.tandemtrafik.com.tr\/tr\/wp-json\/wp\/v2\/users\/1"}],"replies":[{"embeddable":true,"href":"https:\/\/www.tandemtrafik.com.tr\/tr\/wp-json\/wp\/v2\/comments?post=24"}],"version-history":[{"count":1,"href":"https:\/\/www.tandemtrafik.com.tr\/tr\/wp-json\/wp\/v2\/pages\/24\/revisions"}],"predecessor-version":[{"id":25,"href":"https:\/\/www.tandemtrafik.com.tr\/tr\/wp-json\/wp\/v2\/pages\/24\/revisions\/25"}],"wp:attachment":[{"href":"https:\/\/www.tandemtrafik.com.tr\/tr\/wp-json\/wp\/v2\/media?parent=24"}],"curies":[{"name":"wp","href":"https:\/\/api.w.org\/{rel}","templated":true}]}}