{"id":624,"date":"2020-03-26T17:10:27","date_gmt":"2020-03-26T14:10:27","guid":{"rendered":"https:\/\/www.tandemtrafik.com.tr\/en\/?page_id=624"},"modified":"2022-03-09T15:51:26","modified_gmt":"2022-03-09T12:51:26","slug":"career","status":"publish","type":"page","link":"https:\/\/www.tandemtrafik.com.tr\/en\/career\/","title":{"rendered":"CAREER"},"content":{"rendered":"\n<h2 class=\"has-text-align-center wp-block-heading\"><strong>JOB APPLICATION FORM<\/strong><\/h2>\n\n\n\n<div class=\"wpforms-container wpforms-container-full\" id=\"wpforms-623\"><form id=\"wpforms-form-623\" class=\"wpforms-validate wpforms-form\" data-formid=\"623\" method=\"post\" enctype=\"multipart\/form-data\" action=\"\/en\/wp-json\/wp\/v2\/pages\/624\" data-token=\"5be1eb1ec02502d1499d0b790d53d337\"><noscript class=\"wpforms-error-noscript\">Bu formu bitirebilmek i\u00e7in taray\u0131c\u0131n\u0131zda JavaScript&#039;i etkinle\u015ftirin.<\/noscript><div class=\"wpforms-field-container\"><div id=\"wpforms-623-field_0-container\" class=\"wpforms-field wpforms-field-name\" data-field-id=\"0\"><label class=\"wpforms-field-label\" for=\"wpforms-623-field_0\">Name Surname:<\/label><input type=\"text\" id=\"wpforms-623-field_0\" class=\"wpforms-field-large\" name=\"wpforms[fields][0]\" ><\/div><div id=\"wpforms-623-field_3-container\" class=\"wpforms-field wpforms-field-text\" data-field-id=\"3\"><label class=\"wpforms-field-label\" for=\"wpforms-623-field_3\">Father Name:<\/label><input type=\"text\" id=\"wpforms-623-field_3\" class=\"wpforms-field-large\" name=\"wpforms[fields][3]\" ><\/div><div id=\"wpforms-623-field_4-container\" class=\"wpforms-field wpforms-field-text\" data-field-id=\"4\"><label class=\"wpforms-field-label\" for=\"wpforms-623-field_4\">Mother Name:<\/label><input type=\"text\" id=\"wpforms-623-field_4\" class=\"wpforms-field-large\" name=\"wpforms[fields][4]\" ><\/div><div id=\"wpforms-623-field_2-container\" class=\"wpforms-field wpforms-field-textarea\" data-field-id=\"2\"><label class=\"wpforms-field-label\" for=\"wpforms-623-field_2\">Residence Address:<\/label><textarea id=\"wpforms-623-field_2\" class=\"wpforms-field-medium\" name=\"wpforms[fields][2]\" ><\/textarea><\/div><div id=\"wpforms-623-field_1-container\" class=\"wpforms-field wpforms-field-email\" data-field-id=\"1\"><label class=\"wpforms-field-label\" for=\"wpforms-623-field_1\">E-Mail:<\/label><input type=\"email\" id=\"wpforms-623-field_1\" class=\"wpforms-field-large\" name=\"wpforms[fields][1]\" spellcheck=\"false\" ><\/div><div id=\"wpforms-623-field_5-container\" class=\"wpforms-field wpforms-field-text\" data-field-id=\"5\"><label class=\"wpforms-field-label\" for=\"wpforms-623-field_5\">Phones:<\/label><input type=\"text\" id=\"wpforms-623-field_5\" class=\"wpforms-field-large\" name=\"wpforms[fields][5]\" ><\/div><div id=\"wpforms-623-field_35-container\" class=\"wpforms-field wpforms-field-select wpforms-field-select-style-classic\" data-field-id=\"35\"><label class=\"wpforms-field-label\" for=\"wpforms-623-field_35\">Number of Children:<\/label><select id=\"wpforms-623-field_35\" class=\"wpforms-field-large\" name=\"wpforms[fields][35]\"><option value=\"...\" >...<\/option><option value=\"1\" >1<\/option><option value=\"2\" >2<\/option><option value=\"3\" >3<\/option><option value=\"4\" >4<\/option><option value=\"5\" >5<\/option><option value=\"6\" >6<\/option><option value=\"7\" >7<\/option><option value=\"8\" >8<\/option><option value=\"9\" >9<\/option><\/select><\/div><div id=\"wpforms-623-field_7-container\" class=\"wpforms-field wpforms-field-text\" data-field-id=\"7\"><label class=\"wpforms-field-label\" for=\"wpforms-623-field_7\">Your Military Status:<\/label><input type=\"text\" id=\"wpforms-623-field_7\" class=\"wpforms-field-large\" name=\"wpforms[fields][7]\" ><\/div><div id=\"wpforms-623-field_8-container\" class=\"wpforms-field wpforms-field-text\" data-field-id=\"8\"><label class=\"wpforms-field-label\" for=\"wpforms-623-field_8\">Is Your Spouse Working?:<\/label><input type=\"text\" id=\"wpforms-623-field_8\" class=\"wpforms-field-large\" name=\"wpforms[fields][8]\" ><\/div><div id=\"wpforms-623-field_10-container\" class=\"wpforms-field wpforms-field-textarea\" data-field-id=\"10\"><label class=\"wpforms-field-label\" for=\"wpforms-623-field_10\">Your Children&#039;s \/ Name - Date of Birth and School:<\/label><textarea id=\"wpforms-623-field_10\" class=\"wpforms-field-medium\" name=\"wpforms[fields][10]\" ><\/textarea><\/div><div id=\"wpforms-623-field_15-container\" class=\"wpforms-field wpforms-field-textarea\" data-field-id=\"15\"><label class=\"wpforms-field-label\" for=\"wpforms-623-field_15\">Your Education Status \/ Name - Place - Graduation Year:<\/label><textarea id=\"wpforms-623-field_15\" class=\"wpforms-field-medium\" name=\"wpforms[fields][15]\" ><\/textarea><\/div><div id=\"wpforms-623-field_16-container\" class=\"wpforms-field wpforms-field-textarea\" data-field-id=\"16\"><label class=\"wpforms-field-label\" for=\"wpforms-623-field_16\">Workplaces You Have Worked Before (Date Range - Salary - Reason for Leaving):<\/label><textarea id=\"wpforms-623-field_16\" class=\"wpforms-field-medium\" name=\"wpforms[fields][16]\" ><\/textarea><\/div><div id=\"wpforms-623-field_21-container\" class=\"wpforms-field wpforms-field-textarea\" data-field-id=\"21\"><label class=\"wpforms-field-label\" for=\"wpforms-623-field_21\">Foreign Languages \u200b\u200bYou Know (Good - Medium - Less):<\/label><textarea id=\"wpforms-623-field_21\" class=\"wpforms-field-medium\" name=\"wpforms[fields][21]\" ><\/textarea><\/div><div id=\"wpforms-623-field_22-container\" class=\"wpforms-field wpforms-field-textarea\" data-field-id=\"22\"><label class=\"wpforms-field-label\" for=\"wpforms-623-field_22\">Machines or Computer Programs You Use (Good - Medium - Low):<\/label><textarea id=\"wpforms-623-field_22\" class=\"wpforms-field-medium\" name=\"wpforms[fields][22]\" ><\/textarea><\/div><div id=\"wpforms-623-field_23-container\" class=\"wpforms-field wpforms-field-select wpforms-field-select-style-classic\" data-field-id=\"23\"><label class=\"wpforms-field-label\" for=\"wpforms-623-field_23\">Do you have a travel disability?<\/label><select id=\"wpforms-623-field_23\" class=\"wpforms-field-large\" name=\"wpforms[fields][23]\"><option value=\"...\" >...<\/option><option value=\"Yes\" >Yes<\/option><option value=\"No\" >No<\/option><\/select><\/div><div id=\"wpforms-623-field_26-container\" class=\"wpforms-field wpforms-field-textarea\" data-field-id=\"26\"><label class=\"wpforms-field-label\" for=\"wpforms-623-field_26\">Do You Have a Driver&#039;s License? If any Group?:<\/label><textarea id=\"wpforms-623-field_26\" class=\"wpforms-field-medium\" name=\"wpforms[fields][26]\" ><\/textarea><\/div><div id=\"wpforms-623-field_27-container\" class=\"wpforms-field wpforms-field-radio\" data-field-id=\"27\"><label class=\"wpforms-field-label\" for=\"wpforms-623-field_27\">Do You Have a Deprivation of Civil Rights?<\/label><ul id=\"wpforms-623-field_27\"><li class=\"choice-1 depth-1\"><input type=\"radio\" id=\"wpforms-623-field_27_1\" name=\"wpforms[fields][27]\" value=\"Yes\"  ><label class=\"wpforms-field-label-inline\" for=\"wpforms-623-field_27_1\">Yes<\/label><\/li><li class=\"choice-2 depth-1\"><input type=\"radio\" id=\"wpforms-623-field_27_2\" name=\"wpforms[fields][27]\" value=\"No\"  ><label class=\"wpforms-field-label-inline\" for=\"wpforms-623-field_27_2\">No<\/label><\/li><\/ul><\/div><div id=\"wpforms-623-field_28-container\" class=\"wpforms-field wpforms-field-textarea\" data-field-id=\"28\"><label class=\"wpforms-field-label\" for=\"wpforms-623-field_28\">What Kind of Job Are You Claiming?<\/label><textarea id=\"wpforms-623-field_28\" class=\"wpforms-field-medium\" name=\"wpforms[fields][28]\" ><\/textarea><\/div><div id=\"wpforms-623-field_29-container\" class=\"wpforms-field wpforms-field-text\" data-field-id=\"29\"><label class=\"wpforms-field-label\" for=\"wpforms-623-field_29\">What is the wage you demand?<\/label><input type=\"text\" id=\"wpforms-623-field_29\" class=\"wpforms-field-large\" name=\"wpforms[fields][29]\" ><\/div><div id=\"wpforms-623-field_30-container\" class=\"wpforms-field wpforms-field-text\" data-field-id=\"30\"><label class=\"wpforms-field-label\" for=\"wpforms-623-field_30\">If You Have Been Hired, What Is Your Starting Date?<\/label><input type=\"text\" id=\"wpforms-623-field_30\" class=\"wpforms-field-large\" name=\"wpforms[fields][30]\" ><\/div><div id=\"wpforms-623-field_31-container\" class=\"wpforms-field wpforms-field-textarea\" data-field-id=\"31\"><label class=\"wpforms-field-label\" for=\"wpforms-623-field_31\">Your Health Status (Previous or ongoing surgery, illness)<\/label><textarea id=\"wpforms-623-field_31\" class=\"wpforms-field-medium\" name=\"wpforms[fields][31]\" ><\/textarea><\/div><div id=\"wpforms-623-field_34-container\" class=\"wpforms-field wpforms-field-textarea\" data-field-id=\"34\"><label class=\"wpforms-field-label\" for=\"wpforms-623-field_34\">Your references:<\/label><textarea id=\"wpforms-623-field_34\" class=\"wpforms-field-medium\" name=\"wpforms[fields][34]\" ><\/textarea><\/div><\/div><!-- .wpforms-field-container --><div class=\"wpforms-field wpforms-field-hp\"><label for=\"wpforms-623-field-hp\" class=\"wpforms-field-label\">Message<\/label><input type=\"text\" name=\"wpforms[hp]\" id=\"wpforms-623-field-hp\" class=\"wpforms-field-medium\"><\/div><div class=\"wpforms-submit-container\" ><input type=\"hidden\" name=\"wpforms[id]\" value=\"623\"><input type=\"hidden\" name=\"wpforms[author]\" value=\"1\"><button type=\"submit\" name=\"wpforms[submit]\" id=\"wpforms-submit-623\" class=\"wpforms-submit\" data-alt-text=\"Sending...\" data-submit-text=\"SEND\" aria-live=\"assertive\" value=\"wpforms-submit\">SEND<\/button><\/div><\/form><\/div>  <!-- .wpforms-container -->\n\n\n\n<p><\/p>\n","protected":false},"excerpt":{"rendered":"<p>JOB APPLICATION FORM<\/p>\n","protected":false},"author":1,"featured_media":0,"parent":0,"menu_order":0,"comment_status":"closed","ping_status":"closed","template":"","meta":[],"_links":{"self":[{"href":"https:\/\/www.tandemtrafik.com.tr\/en\/wp-json\/wp\/v2\/pages\/624"}],"collection":[{"href":"https:\/\/www.tandemtrafik.com.tr\/en\/wp-json\/wp\/v2\/pages"}],"about":[{"href":"https:\/\/www.tandemtrafik.com.tr\/en\/wp-json\/wp\/v2\/types\/page"}],"author":[{"embeddable":true,"href":"https:\/\/www.tandemtrafik.com.tr\/en\/wp-json\/wp\/v2\/users\/1"}],"replies":[{"embeddable":true,"href":"https:\/\/www.tandemtrafik.com.tr\/en\/wp-json\/wp\/v2\/comments?post=624"}],"version-history":[{"count":7,"href":"https:\/\/www.tandemtrafik.com.tr\/en\/wp-json\/wp\/v2\/pages\/624\/revisions"}],"predecessor-version":[{"id":874,"href":"https:\/\/www.tandemtrafik.com.tr\/en\/wp-json\/wp\/v2\/pages\/624\/revisions\/874"}],"wp:attachment":[{"href":"https:\/\/www.tandemtrafik.com.tr\/en\/wp-json\/wp\/v2\/media?parent=624"}],"curies":[{"name":"wp","href":"https:\/\/api.w.org\/{rel}","templated":true}]}}